{"id":859,"date":"2022-03-10T10:36:04","date_gmt":"2022-03-10T10:36:04","guid":{"rendered":"https:\/\/kcetb.ie\/?page_id=859"},"modified":"2024-11-22T10:57:59","modified_gmt":"2024-11-22T10:57:59","slug":"giniuint-ceoil","status":"publish","type":"page","link":"https:\/\/kcetb.ie\/ga\/music-generation\/","title":{"rendered":"Music Generation"},"content":{"rendered":"<div data-elementor-type=\"wp-page\" data-elementor-id=\"859\" class=\"elementor elementor-859\" data-elementor-post-type=\"page\">\n\t\t\t\t\t\t<section class=\"elementor-section elementor-top-section elementor-element elementor-element-b41de9a elementor-section-full_width elementor-section-height-min-height elementor-section-stretched elementor-section-items-bottom elementor-section-height-default\" data-id=\"b41de9a\" data-element_type=\"section\" data-e-type=\"section\" data-settings=\"{&quot;stretch_section&quot;:&quot;section-stretched&quot;,&quot;background_background&quot;:&quot;classic&quot;}\">\n\t\t\t\t\t\t\t<div class=\"elementor-background-overlay\"><\/div>\n\t\t\t\t\t\t\t<div class=\"elementor-container elementor-column-gap-no\">\n\t\t\t\t\t<div class=\"elementor-column elementor-col-100 elementor-top-column elementor-element elementor-element-62f8f16\" data-id=\"62f8f16\" data-element_type=\"column\" data-e-type=\"column\">\n\t\t\t<div class=\"elementor-widget-wrap elementor-element-populated\">\n\t\t\t\t\t\t<div class=\"elementor-element elementor-element-9918ba0 elementor-widget__width-inherit elementor-widget elementor-widget-heading\" data-id=\"9918ba0\" data-element_type=\"widget\" data-e-type=\"widget\" data-widget_type=\"heading.default\">\n\t\t\t\t<div class=\"elementor-widget-container\">\n\t\t\t\t\t<h1 class=\"elementor-heading-title elementor-size-default\">Music Generation<\/h1>\t\t\t\t<\/div>\n\t\t\t\t<\/div>\n\t\t\t\t\t<\/div>\n\t\t<\/div>\n\t\t\t\t\t<\/div>\n\t\t<\/section>\n\t\t\t\t<section class=\"elementor-section elementor-top-section elementor-element elementor-element-050a4e8 elementor-section-full_width elementor-section-stretched elementor-section-height-default elementor-section-height-default\" data-id=\"050a4e8\" data-element_type=\"section\" data-e-type=\"section\" data-settings=\"{&quot;stretch_section&quot;:&quot;section-stretched&quot;}\">\n\t\t\t\t\t\t<div class=\"elementor-container elementor-column-gap-default\">\n\t\t\t\t\t<div class=\"elementor-column elementor-col-100 elementor-top-column elementor-element elementor-element-d15565b\" data-id=\"d15565b\" data-element_type=\"column\" data-e-type=\"column\">\n\t\t\t<div class=\"elementor-widget-wrap elementor-element-populated\">\n\t\t\t\t\t\t<div class=\"elementor-element elementor-element-3007004 elementor-widget elementor-widget-menu-anchor\" data-id=\"3007004\" data-element_type=\"widget\" data-e-type=\"widget\" data-widget_type=\"menu-anchor.default\">\n\t\t\t\t<div class=\"elementor-widget-container\">\n\t\t\t\t\t\t\t<div class=\"elementor-menu-anchor\" id=\"content\"><\/div>\n\t\t\t\t\t\t<\/div>\n\t\t\t\t<\/div>\n\t\t\t\t<section class=\"elementor-section elementor-inner-section elementor-element elementor-element-0ed7151 elementor-section-boxed elementor-section-height-default elementor-section-height-default\" data-id=\"0ed7151\" data-element_type=\"section\" data-e-type=\"section\">\n\t\t\t\t\t\t<div class=\"elementor-container elementor-column-gap-default\">\n\t\t\t\t\t<div class=\"elementor-column elementor-col-100 elementor-inner-column elementor-element elementor-element-a15962f\" data-id=\"a15962f\" data-element_type=\"column\" data-e-type=\"column\">\n\t\t\t<div class=\"elementor-widget-wrap elementor-element-populated\">\n\t\t\t\t\t\t<div class=\"elementor-element elementor-element-0331ddf elementor-cta--layout-image-left elementor-cta--valign-top elementor-cta--mobile-layout-image-above elementor-cta--skin-classic elementor-animated-content elementor-bg-transform elementor-bg-transform-zoom-in elementor-widget elementor-widget-call-to-action\" data-id=\"0331ddf\" data-element_type=\"widget\" data-e-type=\"widget\" data-widget_type=\"call-to-action.default\">\n\t\t\t\t<div class=\"elementor-widget-container\">\n\t\t\t\t\t\t\t<div class=\"elementor-cta\">\n\t\t\t\t\t<div class=\"elementor-cta__bg-wrapper\">\n\t\t\t\t<div class=\"elementor-cta__bg elementor-bg\" style=\"background-image: url(https:\/\/kcetb.ie\/wp-content\/uploads\/2022\/02\/Kilkenny-Day-October-2021.-Musician-Educator-Carl-Rochford-and-young-violinist-Martyna-photo-by-Freddie-Greenall-768x512.jpg);\" role=\"img\" aria-label=\"Gini\u00faint Ceoil Chill Chainnigh\"><\/div>\n\t\t\t\t<div class=\"elementor-cta__bg-overlay\"><\/div>\n\t\t\t<\/div>\n\t\t\t\t\t\t\t<div class=\"elementor-cta__content\">\n\t\t\t\t\n\t\t\t\t\t\t\t\t\t<h2 class=\"elementor-cta__title elementor-cta__content-item elementor-content-item\">\n\t\t\t\t\t\tGini\u00faint Ceoil Chill Chainnigh \t\t\t\t\t<\/h2>\n\t\t\t\t\n\t\t\t\t\t\t\t\t\t<div class=\"elementor-cta__description elementor-cta__content-item elementor-content-item\">\n\t\t\t\t\t\tIs mar chuid den cl\u00e1r n\u00e1isi\u00fanta oideachais ceoil na h\u00c9ireann \u00e9 Gini\u00faint Ceoil Chill Chainnigh, arna thionscnamh ag Music Network agus arna ch\u00f3mhaoini\u00fa ag U2, The Ireland Funds, an Roinn Oideachais agus Comhph\u00e1irt\u00edochta\u00ed \u00c1iti\u00fala Oideachais Ceoil.  \t\t\t\t\t<\/div>\n\t\t\t\t\n\t\t\t\t\t\t\t\t\t<div class=\"elementor-cta__button-wrapper elementor-cta__content-item elementor-content-item\">\n\t\t\t\t\t<a class=\"elementor-cta__button elementor-button elementor-size-\" href=\"https:\/\/kcetb.ie\/ga\/giniuint-ceoil\/ceol-gluin-cill-chainnigh\/\">\n\t\t\t\t\t\tFoghlaim a thuilleadh\t\t\t\t\t<\/a>\n\t\t\t\t\t<\/div>\n\t\t\t\t\t\t\t<\/div>\n\t\t\t\t\t\t<\/div>\n\t\t\t\t\t\t<\/div>\n\t\t\t\t<\/div>\n\t\t\t\t\t<\/div>\n\t\t<\/div>\n\t\t\t\t\t<\/div>\n\t\t<\/section>\n\t\t\t\t<section class=\"elementor-section elementor-inner-section elementor-element elementor-element-ea93940 elementor-section-boxed elementor-section-height-default elementor-section-height-default\" data-id=\"ea93940\" data-element_type=\"section\" data-e-type=\"section\">\n\t\t\t\t\t\t<div class=\"elementor-container elementor-column-gap-default\">\n\t\t\t\t\t<div class=\"elementor-column elementor-col-100 elementor-inner-column elementor-element elementor-element-e11b281\" data-id=\"e11b281\" data-element_type=\"column\" data-e-type=\"column\">\n\t\t\t<div class=\"elementor-widget-wrap elementor-element-populated\">\n\t\t\t\t\t\t<div class=\"elementor-element elementor-element-ebf4ced elementor-cta--layout-image-right elementor-cta--valign-top elementor-cta--mobile-layout-image-above elementor-cta--skin-classic elementor-animated-content elementor-bg-transform elementor-bg-transform-zoom-in elementor-widget elementor-widget-call-to-action\" data-id=\"ebf4ced\" data-element_type=\"widget\" data-e-type=\"widget\" data-widget_type=\"call-to-action.default\">\n\t\t\t\t<div class=\"elementor-widget-container\">\n\t\t\t\t\t\t\t<div class=\"elementor-cta\">\n\t\t\t\t\t<div class=\"elementor-cta__bg-wrapper\">\n\t\t\t\t<div class=\"elementor-cta__bg elementor-bg\" style=\"background-image: url(https:\/\/kcetb.ie\/wp-content\/uploads\/2022\/05\/Music-Generation-Carlow-768x512.webp);\" role=\"img\" aria-label=\"Gini\u00faint Ceoil Cheatharlach\"><\/div>\n\t\t\t\t<div class=\"elementor-cta__bg-overlay\"><\/div>\n\t\t\t<\/div>\n\t\t\t\t\t\t\t<div class=\"elementor-cta__content\">\n\t\t\t\t\n\t\t\t\t\t\t\t\t\t<h2 class=\"elementor-cta__title elementor-cta__content-item elementor-content-item\">\n\t\t\t\t\t\tGini\u00faint Ceoil Cheatharlach\t\t\t\t\t<\/h2>\n\t\t\t\t\n\t\t\t\t\t\t\t\t\t<div class=\"elementor-cta__description elementor-cta__content-item elementor-content-item\">\n\t\t\t\t\t\tIs cl\u00e1r oideachais ceoil taibhithe do Chontae Cheatharlach \u00e9 Gini\u00faint Ceoil Cheatharlach. T\u00e1 s\u00e9 mar chuid de Gini\u00faint Ceoil na h\u00c9ireann \u2013 cl\u00e1r comhph\u00e1irt\u00edochta n\u00e1isi\u00fanta a bhfuil s\u00e9 mar mhisean aige eisp\u00e9iris inspior\u00e1ideacha a chruth\u00fa do leana\u00ed agus do dhaoine \u00f3ga tr\u00ed mhe\u00e1n an cheoil.\t\t\t\t\t<\/div>\n\t\t\t\t\n\t\t\t\t\t\t\t\t\t<div class=\"elementor-cta__button-wrapper elementor-cta__content-item elementor-content-item\">\n\t\t\t\t\t<a class=\"elementor-cta__button elementor-button elementor-size-\" href=\"https:\/\/kcetb.ie\/ga\/giniuint-ceoil\/ceol-gluin-ceatharlach\/\">\n\t\t\t\t\t\tFoghlaim a thuilleadh\t\t\t\t\t<\/a>\n\t\t\t\t\t<\/div>\n\t\t\t\t\t\t\t<\/div>\n\t\t\t\t\t\t<\/div>\n\t\t\t\t\t\t<\/div>\n\t\t\t\t<\/div>\n\t\t\t\t\t<\/div>\n\t\t<\/div>\n\t\t\t\t\t<\/div>\n\t\t<\/section>\n\t\t\t\t\t<\/div>\n\t\t<\/div>\n\t\t\t\t\t<\/div>\n\t\t<\/section>\n\t\t\t\t<\/div>","protected":false},"excerpt":{"rendered":"<p>Music Generation Kilkenny Music Generation Kilkenny is part of Ireland\u2019s national music education programme, initiated by Music Network and co-funded by U2, The Ireland Fund, the Department of Education, and Local Music Education Partnerships. Learn More Music Generation Carlow Music Generation Carlow is a performance music education programme for County Carlow. It is part of&hellip; <a class=\"more-link\" href=\"https:\/\/kcetb.ie\/ga\/music-generation\/\">Continue reading <span class=\"screen-reader-text\">Music Generation<\/span><\/a><\/p>","protected":false},"author":2,"featured_media":3442,"parent":0,"menu_order":3,"comment_status":"closed","ping_status":"closed","template":"elementor_header_footer","meta":{"footnotes":""},"class_list":["post-859","page","type-page","status-publish","has-post-thumbnail","hentry","entry"],"yoast_head":"<!-- This site is optimized with the Yoast SEO plugin v27.2 - https:\/\/yoast.com\/product\/yoast-seo-wordpress\/ -->\n<title>Music Generation - Kilkenny and Carlow ETB<\/title>\n<meta name=\"description\" content=\"Music Generation Kilkenny Music Generation Kilkenny is part of Ireland\u2019s national music education programme, initiated by Music Network and co-funded by\" \/>\n<meta name=\"robots\" content=\"index, follow, max-snippet:-1, max-image-preview:large, max-video-preview:-1\" \/>\n<link rel=\"canonical\" href=\"https:\/\/kcetb.ie\/ga\/giniuint-ceoil\/\" \/>\n<meta property=\"og:locale\" content=\"en_US\" \/>\n<meta property=\"og:type\" content=\"article\" \/>\n<meta property=\"og:title\" content=\"Music Generation - Kilkenny and Carlow ETB\" \/>\n<meta property=\"og:description\" content=\"Music Generation Kilkenny Music Generation Kilkenny is part of Ireland\u2019s national music education programme, initiated by Music Network and co-funded by\" \/>\n<meta property=\"og:url\" content=\"https:\/\/kcetb.ie\/ga\/giniuint-ceoil\/\" \/>\n<meta property=\"og:site_name\" content=\"Kilkenny and Carlow ETB\" \/>\n<meta property=\"article:modified_time\" content=\"2024-11-22T10:57:59+00:00\" \/>\n<meta property=\"og:image\" content=\"https:\/\/kcetb.ie\/wp-content\/uploads\/2022\/04\/Music-Generation-Kilkenny-3-copy.webp\" \/>\n\t<meta property=\"og:image:width\" content=\"2000\" \/>\n\t<meta property=\"og:image:height\" content=\"1125\" \/>\n\t<meta property=\"og:image:type\" content=\"image\/webp\" \/>\n<meta name=\"twitter:card\" content=\"summary_large_image\" \/>\n<meta name=\"twitter:label1\" content=\"Est. reading time\" \/>\n\t<meta name=\"twitter:data1\" content=\"1 minute\" \/>\n<script type=\"application\/ld+json\" class=\"yoast-schema-graph\">{\"@context\":\"https:\/\/schema.org\",\"@graph\":[{\"@type\":\"WebPage\",\"@id\":\"https:\/\/kcetb.ie\/music-generation\/\",\"url\":\"https:\/\/kcetb.ie\/music-generation\/\",\"name\":\"Music Generation - Kilkenny and Carlow ETB\",\"isPartOf\":{\"@id\":\"https:\/\/kcetb.ie\/en\/#website\"},\"primaryImageOfPage\":{\"@id\":\"https:\/\/kcetb.ie\/music-generation\/#primaryimage\"},\"image\":{\"@id\":\"https:\/\/kcetb.ie\/music-generation\/#primaryimage\"},\"thumbnailUrl\":\"https:\/\/kcetb.ie\/wp-content\/uploads\/2022\/04\/Music-Generation-Kilkenny-3-copy.webp\",\"datePublished\":\"2022-03-10T10:36:04+00:00\",\"dateModified\":\"2024-11-22T10:57:59+00:00\",\"description\":\"Music Generation Kilkenny Music Generation Kilkenny is part of Ireland\u2019s national music education programme, initiated by Music Network and co-funded by\",\"breadcrumb\":{\"@id\":\"https:\/\/kcetb.ie\/music-generation\/#breadcrumb\"},\"inLanguage\":\"GA\",\"potentialAction\":[{\"@type\":\"ReadAction\",\"target\":[\"https:\/\/kcetb.ie\/music-generation\/\"]}]},{\"@type\":\"ImageObject\",\"inLanguage\":\"GA\",\"@id\":\"https:\/\/kcetb.ie\/music-generation\/#primaryimage\",\"url\":\"https:\/\/kcetb.ie\/wp-content\/uploads\/2022\/04\/Music-Generation-Kilkenny-3-copy.webp\",\"contentUrl\":\"https:\/\/kcetb.ie\/wp-content\/uploads\/2022\/04\/Music-Generation-Kilkenny-3-copy.webp\",\"width\":2000,\"height\":1125,\"caption\":\"Music Generation Kilkenny\"},{\"@type\":\"BreadcrumbList\",\"@id\":\"https:\/\/kcetb.ie\/music-generation\/#breadcrumb\",\"itemListElement\":[{\"@type\":\"ListItem\",\"position\":1,\"name\":\"Home\",\"item\":\"https:\/\/kcetb.ie\/en\/\"},{\"@type\":\"ListItem\",\"position\":2,\"name\":\"Music Generation\"}]},{\"@type\":\"WebSite\",\"@id\":\"https:\/\/kcetb.ie\/en\/#website\",\"url\":\"https:\/\/kcetb.ie\/en\/\",\"name\":\"Kilkenny and Carlow ETB\",\"description\":\"KCETB Kilkenny and Carlow Education and Training Board\",\"publisher\":{\"@id\":\"https:\/\/kcetb.ie\/en\/#organization\"},\"potentialAction\":[{\"@type\":\"SearchAction\",\"target\":{\"@type\":\"EntryPoint\",\"urlTemplate\":\"https:\/\/kcetb.ie\/en\/?s={search_term_string}\"},\"query-input\":{\"@type\":\"PropertyValueSpecification\",\"valueRequired\":true,\"valueName\":\"search_term_string\"}}],\"inLanguage\":\"GA\"},{\"@type\":\"Organization\",\"@id\":\"https:\/\/kcetb.ie\/en\/#organization\",\"name\":\"Kilkenny and Carlow Education and Training Board (KCETB)\",\"url\":\"https:\/\/kcetb.ie\/en\/\",\"logo\":{\"@type\":\"ImageObject\",\"inLanguage\":\"GA\",\"@id\":\"https:\/\/kcetb.ie\/en\/#\/schema\/logo\/image\/\",\"url\":\"https:\/\/kcetb.ie\/wp-content\/uploads\/2022\/02\/kcetb-logo.jpeg\",\"contentUrl\":\"https:\/\/kcetb.ie\/wp-content\/uploads\/2022\/02\/kcetb-logo.jpeg\",\"width\":664,\"height\":246,\"caption\":\"Kilkenny and Carlow Education and Training Board (KCETB)\"},\"image\":{\"@id\":\"https:\/\/kcetb.ie\/en\/#\/schema\/logo\/image\/\"}}]}<\/script>\n<!-- \/ Yoast SEO plugin. -->","yoast_head_json":{"title":"Music Generation - BOO Chill Chainnigh agus Cheatharlach","description":"Music Generation Chill Chainnigh T\u00e1 Music Generation Chill Chainnigh mar chuid de chl\u00e1r n\u00e1isi\u00fanta oideachais ceoil na h\u00c9ireann, arna thionscnamh ag Music Network agus arna ch\u00f3mhaoini\u00fa ag","robots":{"index":"index","follow":"follow","max-snippet":"max-snippet:-1","max-image-preview":"max-image-preview:large","max-video-preview":"max-video-preview:-1"},"canonical":"https:\/\/kcetb.ie\/ga\/giniuint-ceoil\/","og_locale":"en_US","og_type":"article","og_title":"Music Generation - Kilkenny and Carlow ETB","og_description":"Music Generation Kilkenny Music Generation Kilkenny is part of Ireland\u2019s national music education programme, initiated by Music Network and co-funded by","og_url":"https:\/\/kcetb.ie\/ga\/giniuint-ceoil\/","og_site_name":"Kilkenny and Carlow ETB","article_modified_time":"2024-11-22T10:57:59+00:00","og_image":[{"width":2000,"height":1125,"url":"https:\/\/kcetb.ie\/wp-content\/uploads\/2022\/04\/Music-Generation-Kilkenny-3-copy.webp","type":"image\/webp"}],"twitter_card":"summary_large_image","twitter_misc":{"Est. reading time":"1 minute"},"schema":{"@context":"https:\/\/schema.org","@graph":[{"@type":"WebPage","@id":"https:\/\/kcetb.ie\/music-generation\/","url":"https:\/\/kcetb.ie\/music-generation\/","name":"Music Generation - BOO Chill Chainnigh agus Cheatharlach","isPartOf":{"@id":"https:\/\/kcetb.ie\/en\/#website"},"primaryImageOfPage":{"@id":"https:\/\/kcetb.ie\/music-generation\/#primaryimage"},"image":{"@id":"https:\/\/kcetb.ie\/music-generation\/#primaryimage"},"thumbnailUrl":"https:\/\/kcetb.ie\/wp-content\/uploads\/2022\/04\/Music-Generation-Kilkenny-3-copy.webp","datePublished":"2022-03-10T10:36:04+00:00","dateModified":"2024-11-22T10:57:59+00:00","description":"Music Generation Chill Chainnigh T\u00e1 Music Generation Chill Chainnigh mar chuid de chl\u00e1r n\u00e1isi\u00fanta oideachais ceoil na h\u00c9ireann, arna thionscnamh ag Music Network agus arna ch\u00f3mhaoini\u00fa ag","breadcrumb":{"@id":"https:\/\/kcetb.ie\/music-generation\/#breadcrumb"},"inLanguage":"GA","potentialAction":[{"@type":"ReadAction","target":["https:\/\/kcetb.ie\/music-generation\/"]}]},{"@type":"ImageObject","inLanguage":"GA","@id":"https:\/\/kcetb.ie\/music-generation\/#primaryimage","url":"https:\/\/kcetb.ie\/wp-content\/uploads\/2022\/04\/Music-Generation-Kilkenny-3-copy.webp","contentUrl":"https:\/\/kcetb.ie\/wp-content\/uploads\/2022\/04\/Music-Generation-Kilkenny-3-copy.webp","width":2000,"height":1125,"caption":"Music Generation Kilkenny"},{"@type":"BreadcrumbList","@id":"https:\/\/kcetb.ie\/music-generation\/#breadcrumb","itemListElement":[{"@type":"ListItem","position":1,"name":"Home","item":"https:\/\/kcetb.ie\/en\/"},{"@type":"ListItem","position":2,"name":"Music Generation"}]},{"@type":"WebSite","@id":"https:\/\/kcetb.ie\/en\/#website","url":"https:\/\/kcetb.ie\/en\/","name":"BOO Chill Chainnigh agus Cheatharlach","description":"KCETB Bord Oideachais agus Oili\u00fana Chill Chainnigh agus Cheatharlach","publisher":{"@id":"https:\/\/kcetb.ie\/en\/#organization"},"potentialAction":[{"@type":"SearchAction","target":{"@type":"EntryPoint","urlTemplate":"https:\/\/kcetb.ie\/en\/?s={search_term_string}"},"query-input":{"@type":"PropertyValueSpecification","valueRequired":true,"valueName":"search_term_string"}}],"inLanguage":"GA"},{"@type":"Organization","@id":"https:\/\/kcetb.ie\/en\/#organization","name":"Bord Oideachais agus Oili\u00fana Chill Chainnigh agus Cheatharlach (BOOCCC)","url":"https:\/\/kcetb.ie\/en\/","logo":{"@type":"ImageObject","inLanguage":"GA","@id":"https:\/\/kcetb.ie\/en\/#\/schema\/logo\/image\/","url":"https:\/\/kcetb.ie\/wp-content\/uploads\/2022\/02\/kcetb-logo.jpeg","contentUrl":"https:\/\/kcetb.ie\/wp-content\/uploads\/2022\/02\/kcetb-logo.jpeg","width":664,"height":246,"caption":"Kilkenny and Carlow Education and Training Board (KCETB)"},"image":{"@id":"https:\/\/kcetb.ie\/en\/#\/schema\/logo\/image\/"}}]}},"_links":{"self":[{"href":"https:\/\/kcetb.ie\/ga\/wp-json\/wp\/v2\/pages\/859","targetHints":{"allow":["GET"]}}],"collection":[{"href":"https:\/\/kcetb.ie\/ga\/wp-json\/wp\/v2\/pages"}],"about":[{"href":"https:\/\/kcetb.ie\/ga\/wp-json\/wp\/v2\/types\/page"}],"author":[{"embeddable":true,"href":"https:\/\/kcetb.ie\/ga\/wp-json\/wp\/v2\/users\/2"}],"replies":[{"embeddable":true,"href":"https:\/\/kcetb.ie\/ga\/wp-json\/wp\/v2\/comments?post=859"}],"version-history":[{"count":84,"href":"https:\/\/kcetb.ie\/ga\/wp-json\/wp\/v2\/pages\/859\/revisions"}],"predecessor-version":[{"id":31207,"href":"https:\/\/kcetb.ie\/ga\/wp-json\/wp\/v2\/pages\/859\/revisions\/31207"}],"wp:featuredmedia":[{"embeddable":true,"href":"https:\/\/kcetb.ie\/ga\/wp-json\/wp\/v2\/media\/3442"}],"wp:attachment":[{"href":"https:\/\/kcetb.ie\/ga\/wp-json\/wp\/v2\/media?parent=859"}],"curies":[{"name":"wp","href":"https:\/\/api.w.org\/{rel}","templated":true}]}}