{"id":6832,"date":"2022-05-13T10:57:09","date_gmt":"2022-05-13T09:57:09","guid":{"rendered":"https:\/\/kcetb.ie\/?page_id=6832"},"modified":"2022-09-21T16:44:43","modified_gmt":"2022-09-21T15:44:43","slug":"raiteas-inrochtaineachta","status":"publish","type":"page","link":"https:\/\/kcetb.ie\/ga\/accessibility-statement\/","title":{"rendered":"R\u00e1iteas Inrochtaineachta"},"content":{"rendered":"<div data-elementor-type=\"wp-page\" data-elementor-id=\"6832\" class=\"elementor elementor-6832\" data-elementor-post-type=\"page\">\n\t\t\t\t\t\t<section class=\"elementor-section elementor-top-section elementor-element elementor-element-95e30d6 elementor-section-full_width elementor-section-height-min-height elementor-section-stretched elementor-section-items-bottom elementor-section-height-default\" data-id=\"95e30d6\" data-element_type=\"section\" data-e-type=\"section\" data-settings=\"{&quot;stretch_section&quot;:&quot;section-stretched&quot;,&quot;background_background&quot;:&quot;classic&quot;}\">\n\t\t\t\t\t\t\t<div class=\"elementor-background-overlay\"><\/div>\n\t\t\t\t\t\t\t<div class=\"elementor-container elementor-column-gap-no\">\n\t\t\t\t\t<div class=\"elementor-column elementor-col-100 elementor-top-column elementor-element elementor-element-1f86d75\" data-id=\"1f86d75\" data-element_type=\"column\" data-e-type=\"column\">\n\t\t\t<div class=\"elementor-widget-wrap elementor-element-populated\">\n\t\t\t\t\t\t<div class=\"elementor-element elementor-element-13d4687 elementor-widget__width-inherit elementor-widget elementor-widget-heading\" data-id=\"13d4687\" data-element_type=\"widget\" data-e-type=\"widget\" data-widget_type=\"heading.default\">\n\t\t\t\t<div class=\"elementor-widget-container\">\n\t\t\t\t\t<h1 class=\"elementor-heading-title elementor-size-default\">R\u00e1iteas Inrochtaineachta<\/h1>\t\t\t\t<\/div>\n\t\t\t\t<\/div>\n\t\t\t\t\t<\/div>\n\t\t<\/div>\n\t\t\t\t\t<\/div>\n\t\t<\/section>\n\t\t\t\t<section class=\"elementor-section elementor-top-section elementor-element elementor-element-64443e8 elementor-section-stretched elementor-reverse-mobile elementor-section-boxed elementor-section-height-default elementor-section-height-default\" data-id=\"64443e8\" data-element_type=\"section\" data-e-type=\"section\" data-settings=\"{&quot;stretch_section&quot;:&quot;section-stretched&quot;}\">\n\t\t\t\t\t\t<div class=\"elementor-container elementor-column-gap-default\">\n\t\t\t\t\t<div class=\"elementor-column elementor-col-100 elementor-top-column elementor-element elementor-element-e8ecca7\" data-id=\"e8ecca7\" data-element_type=\"column\" data-e-type=\"column\">\n\t\t\t<div class=\"elementor-widget-wrap elementor-element-populated\">\n\t\t\t\t\t\t<div class=\"elementor-element elementor-element-a73e50b elementor-widget elementor-widget-menu-anchor\" data-id=\"a73e50b\" data-element_type=\"widget\" data-e-type=\"widget\" data-widget_type=\"menu-anchor.default\">\n\t\t\t\t<div class=\"elementor-widget-container\">\n\t\t\t\t\t\t\t<div class=\"elementor-menu-anchor\" id=\"content\"><\/div>\n\t\t\t\t\t\t<\/div>\n\t\t\t\t<\/div>\n\t\t\t\t<div class=\"elementor-element elementor-element-ca9959f elementor-widget elementor-widget-text-editor\" data-id=\"ca9959f\" data-element_type=\"widget\" data-e-type=\"widget\" data-widget_type=\"text-editor.default\">\n\t\t\t\t<div class=\"elementor-widget-container\">\n\t\t\t\t\t\t\t\t\t<p>T\u00e1 Bord Oideachais agus Oili\u00fana Chill Chainnigh agus Cheatharlach (BOOCCC) tiomanta d\u00e1 su\u00edomh gr\u00e9as\u00e1in a dh\u00e9anamh inrochtana, de r\u00e9ir\u00a0<a href=\"http:\/\/www.irishstatutebook.ie\/eli\/2020\/si\/358\/made\/en\/print\" target=\"_blank\" rel=\"noopener\">Rialach\u00e1in an Aontais Eorpaigh (Inrochtaineacht L\u00e1ithre\u00e1n Gr\u00e9as\u00e1in agus Feidhmchl\u00e1r Soghluaiste Comhlachta\u00ed san Earn\u00e1il Phoibl\u00ed) 2020<\/a>.<\/p><p>Baineann an r\u00e1iteas seo ar inrochtaineacht le:<\/p><ol><li><a href=\"https:\/\/eur-lex.europa.eu\/legal-content\/en\/TXT\/?uri=CELEX%3A32016L2102\" target=\"_blank\" rel=\"noopener noreferrer\" data-auth=\"NotApplicable\" data-linkindex=\"4\">Treoir <\/a><a href=\"https:\/\/eur-lex.europa.eu\/legal-content\/en\/TXT\/?uri=CELEX%3A32016L2102\" target=\"_blank\" rel=\"noopener noreferrer\" data-auth=\"NotApplicable\" data-linkindex=\"5\">(AE) 2016\/2102\u00a0<\/a>Pharlaimint na hEorpa agus \u00f3n gComhairle ar an 26 Deireadh F\u00f3mhair 2016 maidir le hinrochtaineacht su\u00edomhanna gr\u00e9as\u00e1in agus feidhmchl\u00e1ir m\u00f3ib\u00edleacha de chuid chomhlachta\u00ed na hearn\u00e1la poibl\u00ed. <span class=\"markukjowe9x4\" data-markjs=\"true\" data-ogac=\"\" data-ogab=\"\" data-ogsc=\"\" data-ogsb=\"\">inrochtaineacht<\/span> de shu\u00edomhanna Gr\u00e9as\u00e1in agus feidhmchl\u00e1ir mh\u00f3ib\u00edleacha comhlachta\u00ed san earn\u00e1il phoibl\u00ed<\/li><li class=\"translation-block\">Trasu\u00edodh \u00e9 isteach i nDl\u00ed na h\u00c9ireann ar an 23 Me\u00e1n F\u00f3mhair 2020, faoi I.R. Uimh. 358\/2020 \u2013 Rialach\u00e1in (Inrochtaineacht Su\u00edomhanna Gr\u00e9as\u00e1in agus Feidhmchl\u00e1r M\u00f3ib\u00edleacha de chuid Chomhlachta\u00ed na hEarn\u00e1la Poibl\u00ed) an Aontais Eorpaigh 2020.<\/li><li>Leagann s\u00e9 caighde\u00e1n do shu\u00edomhanna gr\u00e9as\u00e1in na hearn\u00e1la poibl\u00ed s\u00edos<\/li><li>Tugann s\u00e9 monat\u00f3ireacht ar chomhl\u00edonadh isteach<\/li><\/ol><p>F\u00e9ach forbhreathn\u00fa ar an <a href=\"http:\/\/nda.ie\/publications\/communications\/eu-web-accessibility-directive\/\" target=\"_blank\" rel=\"noopener noreferrer\">l\u00e1ithre\u00e1n gr\u00e9as\u00e1in an NDA.<\/a><\/p><p>\u00a0<\/p><h3>St\u00e1das Comhl\u00edonta<\/h3><p>T\u00e1 an su\u00edomh gr\u00e9as\u00e1in seo <strong>comhl\u00edonta go p\u00e1irteach<\/strong> leis an <a href=\"https:\/\/www.w3.org\/TR\/WCAG21\/\">Treoirl\u00ednte Inrochtaineachta \u00c1bhar Gr\u00e9as\u00e1in 2.1 leibh\u00e9al AA<\/a> mar gheall ar an neamhchomhl\u00edonadh\/na neamhchomhl\u00edonta agus\/n\u00f3 na d\u00edol\u00faint\u00ed a liosta\u00edtear th\u00edos.<\/p><p><b>D\u00e9anaimid \u00e1r nd\u00edcheall a chinnti\u00fa go bhfuil \u00e1r su\u00edomh gr\u00e9as\u00e1in:<\/b><\/p><ol><li>Comhl\u00edonann le <b>Caighde\u00e1in AA WCAG 2.1<br \/><\/b><\/li><li>Go gcuireann s\u00e9 R\u00e1iteas Inrochtaineachta mionsonraithe ar f\u00e1il <b>R\u00e1iteas Inrochtaineachta<\/b><\/li><li>Go n-\u00e1ir\u00edonn s\u00e9 <b>rochtain shoil\u00e9ir ar mheicn\u00edocht Gear\u00e1n agus S\u00e1saimh<\/b><\/li><\/ol><p><strong>Seo iad cuid de na ruda\u00ed a leanas at\u00e1 curtha i bhfeidhm againn chun tac\u00fa le hinrochtaineacht:<\/strong><\/p><ul><li>Su\u00edomh gr\u00e9as\u00e1in at\u00e1 sofhreagrach go hioml\u00e1n, a oibr\u00edonn ar r\u00edomhair\u00ed, f\u00f3in agus brabhs\u00e1laithe.<\/li><li>Is f\u00e9idir teacht ar \u00e1bhar tr\u00ed mh\u00e9archl\u00e1r ar bhealach inrochtana.<\/li><li>Ainmni\u00fa na n-\u00edomh\u00e1nna agus cuimsi\u00fa na clibeanna Alt.<\/li><li>\u00das\u00e1idtear st\u00edleanna ceannteidil i gceart chun strucht\u00far an \u00e1bhair a eagr\u00fa.<\/li><li>Cuireadh c\u00f3ras bainist\u00edochta \u00e1bhair i bhfeidhm a thaca\u00edonn le hinrochtaineacht.<\/li><li>Ag baint \u00fas\u00e1ide as dath go c\u00faramach. Codarsnacht dathanna idir faisn\u00e9is scr\u00edofa an tsu\u00edmh ghr\u00e9as\u00e1in agus a ch\u00falra, agus codarsnacht fuaime idir faisn\u00e9is labhartha an tsu\u00edmh ghr\u00e9as\u00e1in agus a ch\u00falra\u00ed.<\/li><li>Foirmeacha at\u00e1 deartha le haghaidh inrochtaineachta.<\/li><li>N\u00ed dhealra\u00edonn faisn\u00e9is go tapa ar an sc\u00e1ile\u00e1n.<\/li><\/ul><h3>\u00a0<\/h3><h3>\u00c1bhar nach bhfuil inrochtana<\/h3><p><strong>T\u00e1imid ag obair chun comhl\u00edonadh inrochtaineachta \u00e1r su\u00edomh gr\u00e9as\u00e1in a fheabhs\u00fa agus d\u00e9anfaimid iarracht gach caighde\u00e1n inrochtaineachta a chur i bhfeidhm ar \u00e1bhar at\u00e1 \u00e1 fhoilsi\u00fa ar \u00e1r su\u00edomh gr\u00e9as\u00e1in<\/strong><\/p><p>N\u00edl rochtain ioml\u00e1n ar chodanna shu\u00edmh gr\u00e9as\u00e1in an BOOCCC, mar shampla:<\/p><ul><li>PDFanna: n\u00edl cuid acu inrochtana go hioml\u00e1n agus d\u2019fh\u00e9adfadh nach mbeadh ord t\u00e1ib ceart n\u00f3 ceannteidil, n\u00f3 go bhfuil aitreab\u00faid\u00ed teanga neamhbhail\u00ed n\u00f3 strucht\u00fair t\u00e1bla neamhbhail\u00ed n\u00f3 nach mbeadh strucht\u00fair t\u00e1bla\u00ed ann.<\/li><li>\u00c1bhar leabaithe: \u00e1ir\u00edtear ar l\u00edon beag leathanach \u00e1bhar leabaithe \u00f3 fhoins\u00ed tr\u00ed\u00fa p\u00e1irt\u00ed, i.e. F\u00edse\u00e1in YouTube. D\u2019fh\u00e9adfadh nach mbeadh codarsnachta ceart datha, aitreab\u00faid\u00ed teanga, t\u00e9acs inaitheanta do gach nasc, ARIA cearta agus aitreab\u00faid\u00ed teidil san \u00e1bhar seo.<\/li><li>Cuardach: is rial\u00fa foirme gan lip\u00e9ad \u00e9 an cuardach ag barr ar dheis.<\/li><\/ul><p>T\u00e1 an fhoireann ag d\u00e9anamh athbhreithni\u00fa agus ag feabhs\u00fa inrochtaineacht gach PDF ar bhonn lean\u00fanach. T\u00e1thar ag lorg leaganacha inrochtana de roinnt PDF riachtanacha arna sol\u00e1thar ag tr\u00ed\u00fa p\u00e1irtithe faoi l\u00e1thair<\/p><p>\u00a0<\/p><h3>\u00c1bhar d\u00edolmhaithe<\/h3><p>T\u00e1 \u00e1bhar a foils\u00edodh roimh 23 Me\u00e1n F\u00f3mhair 2018 d\u00edolmhaithe faoi Threoir an AE maidir le hInrochtaineacht Shu\u00edmh Gr\u00e9as\u00e1in, t\u00e1 BOOCCC tiomanta do chinnti\u00fa go bhfuil \u00e1r n-\u00e1bhair go l\u00e9ir chomh hinrochtana agus is f\u00e9idir.<\/p><p>\u00a0<\/p><h3>An r\u00e1iteas inrochtaineachta seo a ullmh\u00fa<\/h3><p>Ullmha\u00edodh an r\u00e1iteas seo ar <strong>21 Me\u00e1n F\u00f3mhair 2022.<\/strong><\/p><p>\u00a0<\/p><h3>Aiseolas agus faisn\u00e9is teagmh\u00e1la<\/h3><p>M\u00e1 t\u00e1 aon cheist agat faoi inrochtaineacht, d\u00e9an teagmh\u00e1il linn le do thoil ag <a href=\"mailto:info@kcetb.ie\">info@kcetb.ie<\/a><\/p><p>M\u00e1s mian leat \u00e1bhar ar leith a iarraidh i bhform\u00e1id inrochtana cuir na sonra\u00ed seo a leanas san \u00e1ireamh le do thoil:<\/p><ul><li aria-level=\"1\">An fhorm\u00e1id riachtanach at\u00e1 agat.<\/li><li aria-level=\"1\">An t-\u00e1bhar is mian leat a fh\u00e1il (cuir isteach url an leathanaigh\/inneachair le do thoil).<\/li><li aria-level=\"1\">D&#039;ainm agus do sheoladh r\u00edomhphoist.<\/li><\/ul><p>D\u00e9anfaimid gach iarracht r\u00e9as\u00fanach chun d&#039;iarratas a chomhl\u00edonadh.<\/p>\t\t\t\t\t\t\t\t<\/div>\n\t\t\t\t<\/div>\n\t\t\t\t\t<\/div>\n\t\t<\/div>\n\t\t\t\t\t<\/div>\n\t\t<\/section>\n\t\t\t\t<\/div>","protected":false},"excerpt":{"rendered":"<p>Kilkenny and Carlow Education and Training Board (KCETB) is committed to making its website accessible, in accordance with\u00a0European Union (Accessibility of Websites and Mobile Applications of Public Sector Bodies) Regulations 2020. This accessibility statement applies to: Directive (EU) 2016\/2102\u00a0of the European Parliament and of the Council of 26 October 2016 on the accessibility of the&hellip; <a class=\"more-link\" href=\"https:\/\/kcetb.ie\/ga\/accessibility-statement\/\">Continue reading <span class=\"screen-reader-text\">R\u00e1iteas Inrochtaineachta<\/span><\/a><\/p>","protected":false},"author":2,"featured_media":0,"parent":0,"menu_order":104,"comment_status":"closed","ping_status":"closed","template":"elementor_header_footer","meta":{"footnotes":""},"class_list":["post-6832","page","type-page","status-publish","hentry","entry"],"yoast_head":"<!-- This site is optimized with the Yoast SEO plugin v27.2 - https:\/\/yoast.com\/product\/yoast-seo-wordpress\/ -->\n<title>Accessibility Statement - Kilkenny and Carlow ETB<\/title>\n<meta name=\"description\" content=\"Kilkenny and Carlow Education and Training Board (KCETB) is committed to making its website accessible, in accordance with\u00a0European Union (Accessibility\" \/>\n<meta name=\"robots\" content=\"index, follow, max-snippet:-1, max-image-preview:large, max-video-preview:-1\" \/>\n<link rel=\"canonical\" href=\"https:\/\/kcetb.ie\/ga\/raiteas-inrochtaineachta\/\" \/>\n<meta property=\"og:locale\" content=\"en_US\" \/>\n<meta property=\"og:type\" content=\"article\" \/>\n<meta property=\"og:title\" content=\"Accessibility Statement - Kilkenny and Carlow ETB\" \/>\n<meta property=\"og:description\" content=\"Kilkenny and Carlow Education and Training Board (KCETB) is committed to making its website accessible, in accordance with\u00a0European Union (Accessibility\" \/>\n<meta property=\"og:url\" content=\"https:\/\/kcetb.ie\/ga\/raiteas-inrochtaineachta\/\" \/>\n<meta property=\"og:site_name\" content=\"Kilkenny and Carlow ETB\" \/>\n<meta property=\"article:modified_time\" content=\"2022-09-21T15:44:43+00:00\" \/>\n<meta name=\"twitter:card\" content=\"summary_large_image\" \/>\n<meta name=\"twitter:label1\" content=\"Est. reading time\" \/>\n\t<meta name=\"twitter:data1\" content=\"3 minutes\" \/>\n<script type=\"application\/ld+json\" class=\"yoast-schema-graph\">{\"@context\":\"https:\/\/schema.org\",\"@graph\":[{\"@type\":\"WebPage\",\"@id\":\"https:\/\/kcetb.ie\/en\/accessibility-statement\/\",\"url\":\"https:\/\/kcetb.ie\/en\/accessibility-statement\/\",\"name\":\"Accessibility Statement - Kilkenny and Carlow ETB\",\"isPartOf\":{\"@id\":\"https:\/\/kcetb.ie\/en\/#website\"},\"datePublished\":\"2022-05-13T09:57:09+00:00\",\"dateModified\":\"2022-09-21T15:44:43+00:00\",\"description\":\"Kilkenny and Carlow Education and Training Board (KCETB) is committed to making its website accessible, in accordance with\u00a0European Union (Accessibility\",\"breadcrumb\":{\"@id\":\"https:\/\/kcetb.ie\/en\/accessibility-statement\/#breadcrumb\"},\"inLanguage\":\"GA\",\"potentialAction\":[{\"@type\":\"ReadAction\",\"target\":[\"https:\/\/kcetb.ie\/en\/accessibility-statement\/\"]}]},{\"@type\":\"BreadcrumbList\",\"@id\":\"https:\/\/kcetb.ie\/en\/accessibility-statement\/#breadcrumb\",\"itemListElement\":[{\"@type\":\"ListItem\",\"position\":1,\"name\":\"Home\",\"item\":\"https:\/\/kcetb.ie\/en\/\"},{\"@type\":\"ListItem\",\"position\":2,\"name\":\"Accessibility Statement\"}]},{\"@type\":\"WebSite\",\"@id\":\"https:\/\/kcetb.ie\/en\/#website\",\"url\":\"https:\/\/kcetb.ie\/en\/\",\"name\":\"Kilkenny and Carlow ETB\",\"description\":\"KCETB Kilkenny and Carlow Education and Training Board\",\"publisher\":{\"@id\":\"https:\/\/kcetb.ie\/en\/#organization\"},\"potentialAction\":[{\"@type\":\"SearchAction\",\"target\":{\"@type\":\"EntryPoint\",\"urlTemplate\":\"https:\/\/kcetb.ie\/en\/?s={search_term_string}\"},\"query-input\":{\"@type\":\"PropertyValueSpecification\",\"valueRequired\":true,\"valueName\":\"search_term_string\"}}],\"inLanguage\":\"GA\"},{\"@type\":\"Organization\",\"@id\":\"https:\/\/kcetb.ie\/en\/#organization\",\"name\":\"Kilkenny and Carlow Education and Training Board (KCETB)\",\"url\":\"https:\/\/kcetb.ie\/en\/\",\"logo\":{\"@type\":\"ImageObject\",\"inLanguage\":\"GA\",\"@id\":\"https:\/\/kcetb.ie\/en\/#\/schema\/logo\/image\/\",\"url\":\"https:\/\/kcetb.ie\/wp-content\/uploads\/2022\/02\/kcetb-logo.jpeg\",\"contentUrl\":\"https:\/\/kcetb.ie\/wp-content\/uploads\/2022\/02\/kcetb-logo.jpeg\",\"width\":664,\"height\":246,\"caption\":\"Kilkenny and Carlow Education and Training Board (KCETB)\"},\"image\":{\"@id\":\"https:\/\/kcetb.ie\/en\/#\/schema\/logo\/image\/\"}}]}<\/script>\n<!-- \/ Yoast SEO plugin. -->","yoast_head_json":{"title":"R\u00e1iteas Inrochtaineachta - BOO Chill Chainnigh agus Cheatharlach","description":"T\u00e1 Bord Oideachais agus Oili\u00fana Chill Chainnigh agus Cheatharlach (KCETB) tiomanta d\u00e1 shu\u00edomh Gr\u00e9as\u00e1in a dh\u00e9anamh inrochtana, de r\u00e9ir an Aontais Eorpaigh (Inrochtaineacht","robots":{"index":"index","follow":"follow","max-snippet":"max-snippet:-1","max-image-preview":"max-image-preview:large","max-video-preview":"max-video-preview:-1"},"canonical":"https:\/\/kcetb.ie\/ga\/raiteas-inrochtaineachta\/","og_locale":"en_US","og_type":"article","og_title":"Accessibility Statement - Kilkenny and Carlow ETB","og_description":"Kilkenny and Carlow Education and Training Board (KCETB) is committed to making its website accessible, in accordance with\u00a0European Union (Accessibility","og_url":"https:\/\/kcetb.ie\/ga\/raiteas-inrochtaineachta\/","og_site_name":"Kilkenny and Carlow ETB","article_modified_time":"2022-09-21T15:44:43+00:00","twitter_card":"summary_large_image","twitter_misc":{"Est. reading time":"3 minutes"},"schema":{"@context":"https:\/\/schema.org","@graph":[{"@type":"WebPage","@id":"https:\/\/kcetb.ie\/en\/accessibility-statement\/","url":"https:\/\/kcetb.ie\/en\/accessibility-statement\/","name":"R\u00e1iteas Inrochtaineachta - BOO Chill Chainnigh agus Cheatharlach","isPartOf":{"@id":"https:\/\/kcetb.ie\/en\/#website"},"datePublished":"2022-05-13T09:57:09+00:00","dateModified":"2022-09-21T15:44:43+00:00","description":"T\u00e1 Bord Oideachais agus Oili\u00fana Chill Chainnigh agus Cheatharlach (KCETB) tiomanta d\u00e1 shu\u00edomh Gr\u00e9as\u00e1in a dh\u00e9anamh inrochtana, de r\u00e9ir an Aontais Eorpaigh (Inrochtaineacht","breadcrumb":{"@id":"https:\/\/kcetb.ie\/en\/accessibility-statement\/#breadcrumb"},"inLanguage":"GA","potentialAction":[{"@type":"ReadAction","target":["https:\/\/kcetb.ie\/en\/accessibility-statement\/"]}]},{"@type":"BreadcrumbList","@id":"https:\/\/kcetb.ie\/en\/accessibility-statement\/#breadcrumb","itemListElement":[{"@type":"ListItem","position":1,"name":"Home","item":"https:\/\/kcetb.ie\/en\/"},{"@type":"ListItem","position":2,"name":"Accessibility Statement"}]},{"@type":"WebSite","@id":"https:\/\/kcetb.ie\/en\/#website","url":"https:\/\/kcetb.ie\/en\/","name":"BOO Chill Chainnigh agus Cheatharlach","description":"KCETB Bord Oideachais agus Oili\u00fana Chill Chainnigh agus Cheatharlach","publisher":{"@id":"https:\/\/kcetb.ie\/en\/#organization"},"potentialAction":[{"@type":"SearchAction","target":{"@type":"EntryPoint","urlTemplate":"https:\/\/kcetb.ie\/en\/?s={search_term_string}"},"query-input":{"@type":"PropertyValueSpecification","valueRequired":true,"valueName":"search_term_string"}}],"inLanguage":"GA"},{"@type":"Organization","@id":"https:\/\/kcetb.ie\/en\/#organization","name":"Bord Oideachais agus Oili\u00fana Chill Chainnigh agus Cheatharlach (BOOCCC)","url":"https:\/\/kcetb.ie\/en\/","logo":{"@type":"ImageObject","inLanguage":"GA","@id":"https:\/\/kcetb.ie\/en\/#\/schema\/logo\/image\/","url":"https:\/\/kcetb.ie\/wp-content\/uploads\/2022\/02\/kcetb-logo.jpeg","contentUrl":"https:\/\/kcetb.ie\/wp-content\/uploads\/2022\/02\/kcetb-logo.jpeg","width":664,"height":246,"caption":"Kilkenny and Carlow Education and Training Board (KCETB)"},"image":{"@id":"https:\/\/kcetb.ie\/en\/#\/schema\/logo\/image\/"}}]}},"_links":{"self":[{"href":"https:\/\/kcetb.ie\/ga\/wp-json\/wp\/v2\/pages\/6832","targetHints":{"allow":["GET"]}}],"collection":[{"href":"https:\/\/kcetb.ie\/ga\/wp-json\/wp\/v2\/pages"}],"about":[{"href":"https:\/\/kcetb.ie\/ga\/wp-json\/wp\/v2\/types\/page"}],"author":[{"embeddable":true,"href":"https:\/\/kcetb.ie\/ga\/wp-json\/wp\/v2\/users\/2"}],"replies":[{"embeddable":true,"href":"https:\/\/kcetb.ie\/ga\/wp-json\/wp\/v2\/comments?post=6832"}],"version-history":[{"count":49,"href":"https:\/\/kcetb.ie\/ga\/wp-json\/wp\/v2\/pages\/6832\/revisions"}],"predecessor-version":[{"id":22780,"href":"https:\/\/kcetb.ie\/ga\/wp-json\/wp\/v2\/pages\/6832\/revisions\/22780"}],"wp:attachment":[{"href":"https:\/\/kcetb.ie\/ga\/wp-json\/wp\/v2\/media?parent=6832"}],"curies":[{"name":"wp","href":"https:\/\/api.w.org\/{rel}","templated":true}]}}