{"id":6831,"date":"2022-05-13T10:56:53","date_gmt":"2022-05-13T09:56:53","guid":{"rendered":"https:\/\/kcetb.ie\/?page_id=6831"},"modified":"2022-09-15T16:49:49","modified_gmt":"2022-09-15T15:49:49","slug":"fianan-polasai","status":"publish","type":"page","link":"https:\/\/kcetb.ie\/ga\/cookie-policy\/","title":{"rendered":"Polasa\u00ed Fian\u00e1n"},"content":{"rendered":"<div data-elementor-type=\"wp-page\" data-elementor-id=\"6831\" class=\"elementor elementor-6831\" data-elementor-post-type=\"page\">\n\t\t\t\t\t\t<section class=\"elementor-section elementor-top-section elementor-element elementor-element-3b7f8be elementor-section-full_width elementor-section-height-min-height elementor-section-stretched elementor-section-items-bottom elementor-section-height-default\" data-id=\"3b7f8be\" data-element_type=\"section\" data-e-type=\"section\" data-settings=\"{&quot;stretch_section&quot;:&quot;section-stretched&quot;,&quot;background_background&quot;:&quot;classic&quot;}\">\n\t\t\t\t\t\t\t<div class=\"elementor-background-overlay\"><\/div>\n\t\t\t\t\t\t\t<div class=\"elementor-container elementor-column-gap-no\">\n\t\t\t\t\t<div class=\"elementor-column elementor-col-100 elementor-top-column elementor-element elementor-element-2347478\" data-id=\"2347478\" data-element_type=\"column\" data-e-type=\"column\">\n\t\t\t<div class=\"elementor-widget-wrap elementor-element-populated\">\n\t\t\t\t\t\t<div class=\"elementor-element elementor-element-f05f8bd elementor-widget__width-inherit elementor-widget elementor-widget-heading\" data-id=\"f05f8bd\" data-element_type=\"widget\" data-e-type=\"widget\" data-widget_type=\"heading.default\">\n\t\t\t\t<div class=\"elementor-widget-container\">\n\t\t\t\t\t<h1 class=\"elementor-heading-title elementor-size-default\">Polasa\u00ed Fian\u00e1n<\/h1>\t\t\t\t<\/div>\n\t\t\t\t<\/div>\n\t\t\t\t\t<\/div>\n\t\t<\/div>\n\t\t\t\t\t<\/div>\n\t\t<\/section>\n\t\t\t\t<section class=\"elementor-section elementor-top-section elementor-element elementor-element-3ed314a elementor-section-stretched elementor-reverse-mobile elementor-section-boxed elementor-section-height-default elementor-section-height-default\" data-id=\"3ed314a\" data-element_type=\"section\" data-e-type=\"section\" data-settings=\"{&quot;stretch_section&quot;:&quot;section-stretched&quot;}\">\n\t\t\t\t\t\t<div class=\"elementor-container elementor-column-gap-default\">\n\t\t\t\t\t<div class=\"elementor-column elementor-col-100 elementor-top-column elementor-element elementor-element-50aa215\" data-id=\"50aa215\" data-element_type=\"column\" data-e-type=\"column\">\n\t\t\t<div class=\"elementor-widget-wrap elementor-element-populated\">\n\t\t\t\t\t\t<div class=\"elementor-element elementor-element-38142ff elementor-widget elementor-widget-menu-anchor\" data-id=\"38142ff\" data-element_type=\"widget\" data-e-type=\"widget\" data-widget_type=\"menu-anchor.default\">\n\t\t\t\t<div class=\"elementor-widget-container\">\n\t\t\t\t\t\t\t<div class=\"elementor-menu-anchor\" id=\"content\"><\/div>\n\t\t\t\t\t\t<\/div>\n\t\t\t\t<\/div>\n\t\t\t\t<div class=\"elementor-element elementor-element-e4e662e elementor-widget elementor-widget-text-editor\" data-id=\"e4e662e\" data-element_type=\"widget\" data-e-type=\"widget\" data-widget_type=\"text-editor.default\">\n\t\t\t\t<div class=\"elementor-widget-container\">\n\t\t\t\t\t\t\t\t\t<p><strong>Fian\u00e1in<\/strong><\/p><p>Is comhad beag t\u00e9acs \u00e9 fian\u00e1n a sh\u00e1bh\u00e1lann su\u00edomh gr\u00e9as\u00e1in ar do r\u00edomhaire n\u00f3 ar do ghairis mh\u00f3ib\u00edleacha nuair a thugann t\u00fa cuairt ar an su\u00edomh. Cuireann s\u00e9 ar chumas an tsu\u00edmh ghr\u00e9as\u00e1in cuimhneamh ar do ghn\u00edomhartha agus sainroghanna (cos\u00fail le log\u00e1il isteach, teanga, cl\u00f3mh\u00e9id agus sainroghanna taispe\u00e1na eile) thar thr\u00e9imhse ama, mar sin n\u00ed g\u00e1 duit iad a athiontr\u00e1il ar\u00eds nuair a thagann t\u00fa ar ais chuig an su\u00edomh n\u00f3 brabhs\u00e1il \u00f3 leathanach amh\u00e1in go leathanach eile.<\/p><p>Chun tuilleadh eolais a fh\u00e1il, tabhair cuairt ar allaboutcookies.org.<\/p><p><strong>Conas a \u00fas\u00e1idimid fian\u00e1in?<\/strong><\/p><p>\u00das\u00e1ideann BOOCCC fian\u00e1in ar raon beala\u00ed chun d\u2019eisp\u00e9ireas ar \u00e1r su\u00edomh gr\u00e9as\u00e1in a fheabhs\u00fa, lena n-\u00e1ir\u00edtear:<\/p><p>Fian\u00e1n Seisi\u00fain:<br \/>Ligeann an fian\u00e1n seisi\u00fain seo d\u00fainn fios a bheith againn gur tusa an duine c\u00e9anna nuair a bhogann t\u00fa \u00f3 leathanach amh\u00e1in go leathanach eile, d\u2019\u00fas\u00e1ideoir\u00ed at\u00e1 log\u00e1ilte isteach agus freisin d\u2019\u00fas\u00e1ideoir\u00ed \u00e1irithe nach bhfuil log\u00e1ilte isteach.<\/p><p>Fian\u00e1in Tr\u00ed\u00fa P\u00e1irt\u00ed:<br \/>Bainimid \u00fas\u00e1id as sol\u00e1thraithe a shocra\u00edonn fian\u00e1in thar ceann \u00e1r su\u00edomh gr\u00e9as\u00e1in freisin chun gn\u00e9ithe \u00e1irithe a shol\u00e1thar ar an su\u00edomh gr\u00e9as\u00e1in agus chun cabhr\u00fa linn athbhreithni\u00fa a dh\u00e9anamh ar an gcaoi a n-\u00fas\u00e1ideann \u00e1r gcustaim\u00e9ir\u00ed an su\u00edomh gr\u00e9as\u00e1in, a bhfuil sonra\u00ed ina leith curtha san \u00e1ireamh againn th\u00edos chomh maith le naisc chuig a gcuid f\u00e9in a polasaithe pr\u00edobh\u00e1ideachais a shonr\u00f3idh conas a \u00fas\u00e1ideann na sol\u00e1thr\u00f3ir\u00ed seo sonra\u00ed a bhail\u00edonn siad n\u00edos mine.<\/p><p>Anail\u00eds\u00edocht Google:<br \/>Bainimid \u00fas\u00e1id as Anail\u00eds\u00edocht Google chun c\u00e9 chomh coitianta is at\u00e1 codanna d\u00e1r su\u00edomh gr\u00e9as\u00e1in, a fh\u00e1il amach an raibh t\u00fa ar an su\u00edomh gr\u00e9as\u00e1in roimhe seo a fh\u00e1il amach, agus chun luach aon cheannach\u00e1in a dh\u00e9anann t\u00fa ar \u00e1r su\u00edomh gr\u00e9as\u00e1in a thaifeadadh go sl\u00e1n agus gan ainm. Socra\u00edonn Anail\u00eds\u00edocht Google fian\u00e1in a fhanfaidh gn\u00edomhach ar feadh roinnt blianta agus a aithneoidh ar do r\u00edomhaire gur thug t\u00fa cuairt ar \u00e1r su\u00edomh gr\u00e9as\u00e1in.<\/p><p>Is f\u00e9idir na fian\u00e1in seo a aithint tr\u00edna r\u00e9im\u00edr de __u\u2026. Is f\u00e9idir leat rogha an di\u00faltaithe \u00f3 bheith \u00e1 rian\u00fa ag Anail\u00eds\u00edocht Google ar gach su\u00edomh gr\u00e9as\u00e1in a dtugann t\u00fa cuairt air tr\u00ed bhreise\u00e1n brabhs\u00e1la\u00ed cos\u00fail leis an gceann seo a shuite\u00e1il <a href=\"http:\/\/tools.google.com\/dlpage\/gaoptout?hl=en\">http:\/\/tools.google.com\/dlpage\/gaoptout?hl=en<\/a>.<\/p><p>Mura bhfuil uait ach tuilleadh eolais a fh\u00e1il faoi bheartas pr\u00edobh\u00e1ideachta Google, clice\u00e1il anseo le do thoil <a href=\"http:\/\/www.google.com\/intl\/en\/analytics\/privacyoverview.html\">http:\/\/www.google.com\/intl\/en\/analytics\/privacyoverview.html<\/a>.<\/p><p><strong>Cad iad na cine\u00e1lacha fian\u00e1in a \u00fas\u00e1idimid?<\/strong><\/p><p>T\u00e1 roinnt cine\u00e1lacha \u00e9ags\u00fala fian\u00e1in ann, \u00e1fach, \u00fas\u00e1ideann \u00e1r su\u00edomh gr\u00e9as\u00e1in:<\/p><ul><li>Feidhmi\u00falacht \u2013 \u00das\u00e1ideann BOOCCC na fian\u00e1in seo ionas go n-aithneoimid th\u00fa ar \u00e1r su\u00edomh gr\u00e9as\u00e1in agus go gcuimhn\u00edmid ar na sainroghanna a roghnaigh t\u00fa roimhe seo. D\u2019fh\u00e9adfadh go n-\u00e1ireofa\u00ed orthu seo an teanga is fearr leat agus an \u00e1it ina bhfuil t\u00fa. \u00das\u00e1idtear measc\u00e1n d\u2019fhian\u00e1in ch\u00e9ad-ph\u00e1irt\u00ed agus tr\u00ed\u00fa p\u00e1irt\u00ed.<\/li><li>F\u00f3gra\u00edocht - \u00das\u00e1ideann BOOCCC na fian\u00e1in seo chun faisn\u00e9is a bhaili\u00fa faoi do chuairt ar \u00e1r su\u00edomh gr\u00e9as\u00e1in, an t-\u00e1bhar a d'fh\u00e9ach t\u00fa, na naisc a lean t\u00fa agus faisn\u00e9is faoi do bhrabhs\u00e1la\u00ed, gl\u00e9as agus do sheoladh IP. Uaireanta roinneann BOOCCC roinnt gn\u00e9ithe teoranta de na sonra\u00ed seo le tr\u00ed\u00fa p\u00e1irtithe chun cr\u00edocha f\u00f3gra\u00edochta. F\u00e9adfaimid sonra\u00ed ar l\u00edne a bhail\u00edtear tr\u00ed fhian\u00e1in a roinnt len\u00e1r gcomhph\u00e1irtithe f\u00f3gra\u00edochta freisin. Cialla\u00edonn s\u00e9 seo, nuair a thugann t\u00fa cuairt ar shu\u00edomh gr\u00e9as\u00e1in eile, go bhf\u00e9adfa\u00ed f\u00f3gra\u00edocht a thaispe\u00e1int duit bunaithe ar do phatr\u00fain brabhs\u00e1la ar \u00e1r su\u00edomh gr\u00e9as\u00e1in.<\/li><\/ul><p><strong>Conas fian\u00e1in a bhainisti\u00fa<\/strong><\/p><p>Is f\u00e9idir leat do bhrabhs\u00e1la\u00ed a shocr\u00fa gan glacadh le fian\u00e1in, agus ins\u00edonn an su\u00edomh gr\u00e9as\u00e1in thuas duit conas fian\u00e1in a bhaint as do bhrabhs\u00e1la\u00ed. Mar sin f\u00e9in, i gc\u00e1sanna \u00e1irithe, b'fh\u00e9idir nach bhfeidhmeoidh cuid d\u00e1r ngn\u00e9ithe l\u00e1ithre\u00e1n gr\u00e9as\u00e1in d\u00e1 bharr.<\/p>\t\t\t\t\t\t\t\t<\/div>\n\t\t\t\t<\/div>\n\t\t\t\t\t<\/div>\n\t\t<\/div>\n\t\t\t\t\t<\/div>\n\t\t<\/section>\n\t\t\t\t<\/div>","protected":false},"excerpt":{"rendered":"<p>Cookies A cookie is a small text file that a website saves on your computer or mobile device when you visit the site. It enables the website to remember your actions and preferences (such as login, language, font size and other display preferences) over a period of time, so you don\u2019t have to keep re-entering&hellip; <a class=\"more-link\" href=\"https:\/\/kcetb.ie\/ga\/cookie-policy\/\">Continue reading <span class=\"screen-reader-text\">Polasa\u00ed Fian\u00e1n<\/span><\/a><\/p>","protected":false},"author":2,"featured_media":0,"parent":0,"menu_order":103,"comment_status":"closed","ping_status":"closed","template":"elementor_header_footer","meta":{"footnotes":""},"class_list":["post-6831","page","type-page","status-publish","hentry","entry"],"yoast_head":"<!-- This site is optimized with the Yoast SEO plugin v27.2 - https:\/\/yoast.com\/product\/yoast-seo-wordpress\/ -->\n<title>Cookie Policy - Kilkenny and Carlow ETB<\/title>\n<meta name=\"description\" content=\"CookiesA cookie is a small text file that a website saves on your computer or mobile device when you visit the site. It enables the website to remember\" \/>\n<meta name=\"robots\" content=\"index, follow, max-snippet:-1, max-image-preview:large, max-video-preview:-1\" \/>\n<link rel=\"canonical\" href=\"https:\/\/kcetb.ie\/ga\/fianan-polasai\/\" \/>\n<meta property=\"og:locale\" content=\"en_US\" \/>\n<meta property=\"og:type\" content=\"article\" \/>\n<meta property=\"og:title\" content=\"Cookie Policy - Kilkenny and Carlow ETB\" \/>\n<meta property=\"og:description\" content=\"CookiesA cookie is a small text file that a website saves on your computer or mobile device when you visit the site. It enables the website to remember\" \/>\n<meta property=\"og:url\" content=\"https:\/\/kcetb.ie\/ga\/fianan-polasai\/\" \/>\n<meta property=\"og:site_name\" content=\"Kilkenny and Carlow ETB\" \/>\n<meta property=\"article:modified_time\" content=\"2022-09-15T15:49:49+00:00\" \/>\n<meta name=\"twitter:card\" content=\"summary_large_image\" \/>\n<meta name=\"twitter:label1\" content=\"Est. reading time\" \/>\n\t<meta name=\"twitter:data1\" content=\"3 minutes\" \/>\n<script type=\"application\/ld+json\" class=\"yoast-schema-graph\">{\"@context\":\"https:\/\/schema.org\",\"@graph\":[{\"@type\":\"WebPage\",\"@id\":\"https:\/\/kcetb.ie\/en\/cookie-policy\/\",\"url\":\"https:\/\/kcetb.ie\/en\/cookie-policy\/\",\"name\":\"Cookie Policy - Kilkenny and Carlow ETB\",\"isPartOf\":{\"@id\":\"https:\/\/kcetb.ie\/en\/#website\"},\"datePublished\":\"2022-05-13T09:56:53+00:00\",\"dateModified\":\"2022-09-15T15:49:49+00:00\",\"description\":\"CookiesA cookie is a small text file that a website saves on your computer or mobile device when you visit the site. It enables the website to remember\",\"breadcrumb\":{\"@id\":\"https:\/\/kcetb.ie\/en\/cookie-policy\/#breadcrumb\"},\"inLanguage\":\"GA\",\"potentialAction\":[{\"@type\":\"ReadAction\",\"target\":[\"https:\/\/kcetb.ie\/en\/cookie-policy\/\"]}]},{\"@type\":\"BreadcrumbList\",\"@id\":\"https:\/\/kcetb.ie\/en\/cookie-policy\/#breadcrumb\",\"itemListElement\":[{\"@type\":\"ListItem\",\"position\":1,\"name\":\"Home\",\"item\":\"https:\/\/kcetb.ie\/en\/\"},{\"@type\":\"ListItem\",\"position\":2,\"name\":\"Cookie Policy\"}]},{\"@type\":\"WebSite\",\"@id\":\"https:\/\/kcetb.ie\/en\/#website\",\"url\":\"https:\/\/kcetb.ie\/en\/\",\"name\":\"Kilkenny and Carlow ETB\",\"description\":\"KCETB Kilkenny and Carlow Education and Training Board\",\"publisher\":{\"@id\":\"https:\/\/kcetb.ie\/en\/#organization\"},\"potentialAction\":[{\"@type\":\"SearchAction\",\"target\":{\"@type\":\"EntryPoint\",\"urlTemplate\":\"https:\/\/kcetb.ie\/en\/?s={search_term_string}\"},\"query-input\":{\"@type\":\"PropertyValueSpecification\",\"valueRequired\":true,\"valueName\":\"search_term_string\"}}],\"inLanguage\":\"GA\"},{\"@type\":\"Organization\",\"@id\":\"https:\/\/kcetb.ie\/en\/#organization\",\"name\":\"Kilkenny and Carlow Education and Training Board (KCETB)\",\"url\":\"https:\/\/kcetb.ie\/en\/\",\"logo\":{\"@type\":\"ImageObject\",\"inLanguage\":\"GA\",\"@id\":\"https:\/\/kcetb.ie\/en\/#\/schema\/logo\/image\/\",\"url\":\"https:\/\/kcetb.ie\/wp-content\/uploads\/2022\/02\/kcetb-logo.jpeg\",\"contentUrl\":\"https:\/\/kcetb.ie\/wp-content\/uploads\/2022\/02\/kcetb-logo.jpeg\",\"width\":664,\"height\":246,\"caption\":\"Kilkenny and Carlow Education and Training Board (KCETB)\"},\"image\":{\"@id\":\"https:\/\/kcetb.ie\/en\/#\/schema\/logo\/image\/\"}}]}<\/script>\n<!-- \/ Yoast SEO plugin. -->","yoast_head_json":{"title":"Beartas Fian\u00e1n - BOO Chill Chainnigh agus Cheatharlach","description":"Fian\u00e1in Is comhad beag t\u00e9acs \u00e9 fian\u00e1n a sh\u00e1bh\u00e1lann su\u00edomh Gr\u00e9as\u00e1in ar do r\u00edomhaire n\u00f3 ar do ghl\u00e9as soghluaiste nuair a thugann t\u00fa cuairt ar an su\u00edomh. Cuireann s\u00e9 ar chumas an su\u00edomh gr\u00e9as\u00e1in cuimhneamh","robots":{"index":"index","follow":"follow","max-snippet":"max-snippet:-1","max-image-preview":"max-image-preview:large","max-video-preview":"max-video-preview:-1"},"canonical":"https:\/\/kcetb.ie\/ga\/fianan-polasai\/","og_locale":"en_US","og_type":"article","og_title":"Cookie Policy - Kilkenny and Carlow ETB","og_description":"CookiesA cookie is a small text file that a website saves on your computer or mobile device when you visit the site. It enables the website to remember","og_url":"https:\/\/kcetb.ie\/ga\/fianan-polasai\/","og_site_name":"Kilkenny and Carlow ETB","article_modified_time":"2022-09-15T15:49:49+00:00","twitter_card":"summary_large_image","twitter_misc":{"Est. reading time":"3 minutes"},"schema":{"@context":"https:\/\/schema.org","@graph":[{"@type":"WebPage","@id":"https:\/\/kcetb.ie\/en\/cookie-policy\/","url":"https:\/\/kcetb.ie\/en\/cookie-policy\/","name":"Beartas Fian\u00e1n - BOO Chill Chainnigh agus Cheatharlach","isPartOf":{"@id":"https:\/\/kcetb.ie\/en\/#website"},"datePublished":"2022-05-13T09:56:53+00:00","dateModified":"2022-09-15T15:49:49+00:00","description":"Fian\u00e1in Is comhad beag t\u00e9acs \u00e9 fian\u00e1n a sh\u00e1bh\u00e1lann su\u00edomh Gr\u00e9as\u00e1in ar do r\u00edomhaire n\u00f3 ar do ghl\u00e9as soghluaiste nuair a thugann t\u00fa cuairt ar an su\u00edomh. Cuireann s\u00e9 ar chumas an su\u00edomh gr\u00e9as\u00e1in cuimhneamh","breadcrumb":{"@id":"https:\/\/kcetb.ie\/en\/cookie-policy\/#breadcrumb"},"inLanguage":"GA","potentialAction":[{"@type":"ReadAction","target":["https:\/\/kcetb.ie\/en\/cookie-policy\/"]}]},{"@type":"BreadcrumbList","@id":"https:\/\/kcetb.ie\/en\/cookie-policy\/#breadcrumb","itemListElement":[{"@type":"ListItem","position":1,"name":"Home","item":"https:\/\/kcetb.ie\/en\/"},{"@type":"ListItem","position":2,"name":"Cookie Policy"}]},{"@type":"WebSite","@id":"https:\/\/kcetb.ie\/en\/#website","url":"https:\/\/kcetb.ie\/en\/","name":"BOO Chill Chainnigh agus Cheatharlach","description":"KCETB Bord Oideachais agus Oili\u00fana Chill Chainnigh agus Cheatharlach","publisher":{"@id":"https:\/\/kcetb.ie\/en\/#organization"},"potentialAction":[{"@type":"SearchAction","target":{"@type":"EntryPoint","urlTemplate":"https:\/\/kcetb.ie\/en\/?s={search_term_string}"},"query-input":{"@type":"PropertyValueSpecification","valueRequired":true,"valueName":"search_term_string"}}],"inLanguage":"GA"},{"@type":"Organization","@id":"https:\/\/kcetb.ie\/en\/#organization","name":"Bord Oideachais agus Oili\u00fana Chill Chainnigh agus Cheatharlach (BOOCCC)","url":"https:\/\/kcetb.ie\/en\/","logo":{"@type":"ImageObject","inLanguage":"GA","@id":"https:\/\/kcetb.ie\/en\/#\/schema\/logo\/image\/","url":"https:\/\/kcetb.ie\/wp-content\/uploads\/2022\/02\/kcetb-logo.jpeg","contentUrl":"https:\/\/kcetb.ie\/wp-content\/uploads\/2022\/02\/kcetb-logo.jpeg","width":664,"height":246,"caption":"Kilkenny and Carlow Education and Training Board (KCETB)"},"image":{"@id":"https:\/\/kcetb.ie\/en\/#\/schema\/logo\/image\/"}}]}},"_links":{"self":[{"href":"https:\/\/kcetb.ie\/ga\/wp-json\/wp\/v2\/pages\/6831","targetHints":{"allow":["GET"]}}],"collection":[{"href":"https:\/\/kcetb.ie\/ga\/wp-json\/wp\/v2\/pages"}],"about":[{"href":"https:\/\/kcetb.ie\/ga\/wp-json\/wp\/v2\/types\/page"}],"author":[{"embeddable":true,"href":"https:\/\/kcetb.ie\/ga\/wp-json\/wp\/v2\/users\/2"}],"replies":[{"embeddable":true,"href":"https:\/\/kcetb.ie\/ga\/wp-json\/wp\/v2\/comments?post=6831"}],"version-history":[{"count":13,"href":"https:\/\/kcetb.ie\/ga\/wp-json\/wp\/v2\/pages\/6831\/revisions"}],"predecessor-version":[{"id":22477,"href":"https:\/\/kcetb.ie\/ga\/wp-json\/wp\/v2\/pages\/6831\/revisions\/22477"}],"wp:attachment":[{"href":"https:\/\/kcetb.ie\/ga\/wp-json\/wp\/v2\/media?parent=6831"}],"curies":[{"name":"wp","href":"https:\/\/api.w.org\/{rel}","templated":true}]}}