{"id":6828,"date":"2022-05-13T10:56:04","date_gmt":"2022-05-13T09:56:04","guid":{"rendered":"https:\/\/kcetb.ie\/?page_id=6828"},"modified":"2025-02-26T11:58:51","modified_gmt":"2025-02-26T11:58:51","slug":"beartas-priobhaideachais","status":"publish","type":"page","link":"https:\/\/kcetb.ie\/ga\/privacy-policy\/","title":{"rendered":"Polasa\u00ed Pr\u00edobh\u00e1ideachais"},"content":{"rendered":"<div data-elementor-type=\"wp-page\" data-elementor-id=\"6828\" class=\"elementor elementor-6828\" data-elementor-post-type=\"page\">\n\t\t\t\t\t\t<section class=\"elementor-section elementor-top-section elementor-element elementor-element-37c081db elementor-section-full_width elementor-section-height-min-height elementor-section-stretched elementor-section-items-bottom elementor-section-height-default\" data-id=\"37c081db\" data-element_type=\"section\" data-e-type=\"section\" data-settings=\"{&quot;stretch_section&quot;:&quot;section-stretched&quot;,&quot;background_background&quot;:&quot;classic&quot;}\">\n\t\t\t\t\t\t\t<div class=\"elementor-background-overlay\"><\/div>\n\t\t\t\t\t\t\t<div class=\"elementor-container elementor-column-gap-no\">\n\t\t\t\t\t<div class=\"elementor-column elementor-col-100 elementor-top-column elementor-element elementor-element-11fd8cbc\" data-id=\"11fd8cbc\" data-element_type=\"column\" data-e-type=\"column\">\n\t\t\t<div class=\"elementor-widget-wrap elementor-element-populated\">\n\t\t\t\t\t\t<div class=\"elementor-element elementor-element-74d99a84 elementor-widget__width-inherit elementor-widget elementor-widget-heading\" data-id=\"74d99a84\" data-element_type=\"widget\" data-e-type=\"widget\" data-widget_type=\"heading.default\">\n\t\t\t\t<div class=\"elementor-widget-container\">\n\t\t\t\t\t<h1 class=\"elementor-heading-title elementor-size-default\">Polasa\u00ed Pr\u00edobh\u00e1ideachais<\/h1>\t\t\t\t<\/div>\n\t\t\t\t<\/div>\n\t\t\t\t\t<\/div>\n\t\t<\/div>\n\t\t\t\t\t<\/div>\n\t\t<\/section>\n\t\t\t\t<section class=\"elementor-section elementor-top-section elementor-element elementor-element-7ac1c254 elementor-section-stretched elementor-reverse-mobile elementor-section-boxed elementor-section-height-default elementor-section-height-default\" data-id=\"7ac1c254\" data-element_type=\"section\" data-e-type=\"section\" data-settings=\"{&quot;stretch_section&quot;:&quot;section-stretched&quot;}\">\n\t\t\t\t\t\t<div class=\"elementor-container elementor-column-gap-default\">\n\t\t\t\t\t<div class=\"elementor-column elementor-col-100 elementor-top-column elementor-element elementor-element-20fc3652\" data-id=\"20fc3652\" data-element_type=\"column\" data-e-type=\"column\">\n\t\t\t<div class=\"elementor-widget-wrap elementor-element-populated\">\n\t\t\t\t\t\t<div class=\"elementor-element elementor-element-61a2cdc elementor-widget elementor-widget-menu-anchor\" data-id=\"61a2cdc\" data-element_type=\"widget\" data-e-type=\"widget\" data-widget_type=\"menu-anchor.default\">\n\t\t\t\t<div class=\"elementor-widget-container\">\n\t\t\t\t\t\t\t<div class=\"elementor-menu-anchor\" id=\"content\"><\/div>\n\t\t\t\t\t\t<\/div>\n\t\t\t\t<\/div>\n\t\t\t\t<div class=\"elementor-element elementor-element-530a4bdd elementor-widget elementor-widget-text-editor\" data-id=\"530a4bdd\" data-element_type=\"widget\" data-e-type=\"widget\" data-widget_type=\"text-editor.default\">\n\t\t\t\t<div class=\"elementor-widget-container\">\n\t\t\t\t\t\t\t\t\t<p>T\u00e1 meas ag Bord Oideachais agus Oili\u00fana Chill Chainnigh agus Cheatharlach (BOOCCC) ar do phr\u00edobh\u00e1ideachas agus t\u00e1 s\u00e9 tiomanta don Rialach\u00e1in Ghinear\u00e1lta maidir le Cosaint Sonra\u00ed agus na hAchtanna um Chosaint Sonra\u00ed 1988 - 2018 a chomhl\u00edonadh agus t\u00e1 an treoir seo foilsithe acu chun cur s\u00edos a dh\u00e9anamh ar an bhfaisn\u00e9is a bhail\u00edmid f\u00fat, conas agus c\u00e9n f\u00e1th a bhainimid \u00fas\u00e1id as an bhfaisn\u00e9is agus na roghanna at\u00e1 agat chun srian a chur len\u00e1r n-\u00fas\u00e1id den fhaisn\u00e9is seo. T\u00e1 s\u00e9 an-t\u00e1bhachtach d\u00fainn pr\u00edobh\u00e1ideacht agus sl\u00e1nd\u00e1il do shonra\u00ed pearsanta a chinnti\u00fa. L\u00e9igh le do thoil an m\u00e9id seo a leanas go c\u00faramach in \u00e9ineacht len\u00e1r dT\u00e9arma\u00ed agus Coinn\u00edollacha mar go bhfuil faisn\u00e9is th\u00e1bhachtach ann faoi conas a bhail\u00edmid agus a \u00fas\u00e1idimid do shonra\u00ed pearsanta agus conas a chaithfimid leo.<\/p><p><strong>Cad iad na sonra\u00ed a bhail\u00edmid?<\/strong><\/p><p>Bail\u00edonn KCETB na sonra\u00ed seo a leanas:<\/p><ul><li>Faisn\u00e9is aitheantais phearsanta (Ainm, seoladh r\u00edomhphoist, uimhir theileaf\u00f3in, seoladh, etc.)<\/li><li>M\u00e1 dh\u00e9anann t\u00fa teagmh\u00e1il linn, f\u00e9adfaimid taifead a choinne\u00e1il den chomhfhreagras sin.<\/li><li>D\u2019fh\u00e9adfaimis iarraidh ort freisin suirbh\u00e9anna a \u00fas\u00e1idimid chun cr\u00edocha taighde a chomhl\u00e1n\u00fa, c\u00e9 nach g\u00e1 duit freagra a thabhairt.<\/li><li>Sonra\u00ed do chuairteanna ar \u00e1r su\u00edomh agus na hacmhainn\u00ed a bhfuil rochtain agat orthu.<\/li><li>Faisn\u00e9is a shol\u00e1thra\u00edonn t\u00fa nuair a idirghn\u00edomha\u00edonn t\u00fa linn ar na me\u00e1in sh\u00f3isialta n\u00f3 nuair a chlice\u00e1lann t\u00fa ar fh\u00f3gra a chuirimid ar \u00e1r su\u00edomh n\u00f3 ar shu\u00edomh gr\u00e9as\u00e1in duine eile<\/li><\/ul><p><strong>\u00a0<\/strong><\/p><p><strong>Conas a bhail\u00edmid do shonra\u00ed?<\/strong><\/p><p>Sol\u00e1thra\u00edonn t\u00fa an chuid is m\u00f3 de na sonra\u00ed a bhail\u00edmid go d\u00edreach do BOOCCC. Bail\u00edmid sonra\u00ed agus pr\u00f3ise\u00e1laimid sonra\u00ed nuair:<\/p><ul><li>A dh\u00e9anann t\u00fa teagmh\u00e1il linn tr\u00ed fhoirmeacha ar \u00e1r su\u00edomh gr\u00e9as\u00e1in, glaonna guth\u00e1in n\u00f3 r\u00edomhphoist.<\/li><li>A chomhl\u00e1na\u00edonn t\u00fa suirbh\u00e9 custaim\u00e9ir\u00ed go deonach n\u00f3 nuair a chuireann t\u00fa aiseolas ar f\u00e1il ar aon cheann d\u00e1r gcl\u00e1r teachtaireachta n\u00f3 tr\u00ed r\u00edomhphost.<\/li><li>A \u00fas\u00e1ideann t\u00fa n\u00f3 f\u00e9achann t\u00fa ar \u00e1r su\u00edomh gr\u00e9as\u00e1in tr\u00ed fhian\u00e1in do bhrabhs\u00e1la\u00ed.<\/li><\/ul><p><strong>\u00a0<\/strong><\/p><p><strong>Conas a \u00fas\u00e1idfimid do shonra\u00ed?<\/strong><\/p><p>Bail\u00edonn BOOCCC do shonra\u00ed ionas gur f\u00e9idir linn:<\/p><ul><li>Ceisteanna a fhreagairt.<\/li><li>D'\u00e1irithint a phr\u00f3ise\u00e1il.<\/li><li>R\u00edomhphost a sheoladh chugat le tairiscint\u00ed speisialta ar th\u00e1irg\u00ed agus ar sheirbh\u00eds\u00ed eile a sh\u00edlimid gur mhaith leat.<\/li><\/ul><p><strong>\u00a0<\/strong><\/p><p>M\u00e1 aonta\u00edonn t\u00fa, roinnfidh BOOCCC do shonra\u00ed len\u00e1r gcuideachta\u00ed comhph\u00e1irt\u00edochta ionas gur f\u00e9idir leo a gcuid t\u00e1irg\u00ed agus seirbh\u00eds\u00ed a thairiscint duit.<\/p><p>Nuair a phr\u00f3ise\u00e1lann BOOCCC d\u2019ord\u00fa, f\u00e9adfaidh s\u00e9 do shonra\u00ed a sheoladh chuig gn\u00edomhaireachta\u00ed teistim\u00e9ireachta creidmheasa agus \u00fas\u00e1id a bhaint as freisin chun ceannach\u00e1n calaoiseach a chosc.<\/p><p>\u00a0<\/p><p><strong>Conas a st\u00f3r\u00e1lfaimid do shonra\u00ed?<\/strong><\/p><p>St\u00f3r\u00e1lann BOOCCC do shonra\u00ed go sl\u00e1n in\u00e1r n-oifig\u00ed.<\/p><p>Coime\u00e1dfaidh BOOCCC do chuid faisn\u00e9ise teagmh\u00e1la ar feadh 12 mh\u00ed. Nuair a bheidh an tr\u00e9imhse ama seo caite, scriosfaimid do shonra\u00ed.<\/p><p>\u00a0<\/p><p><strong>Marga\u00edocht<\/strong><\/p><p>Ba mhaith le BOOCCC eolas a sheoladh chugat faoi thairiscint\u00ed agus seirbh\u00eds\u00ed \u00e1r gcuid a cheapann muid gur mhaith leat, chomh maith le cinn \u00e1r gcuideachta\u00ed comhph\u00e1irt\u00edochta.<\/p><p>M\u00e1 chomhaontaigh t\u00fa marga\u00edocht a fh\u00e1il, is f\u00e9idir leat rogha an di\u00faltaithe i gc\u00f3na\u00ed n\u00edos d\u00e9ana\u00ed.<\/p><p>T\u00e1 s\u00e9 de cheart agat am ar bith stop a chur le BOOCCC dul i dteagmh\u00e1il leat chun cr\u00edocha marga\u00edochta n\u00f3 do shonra\u00ed a thabhairt do bhaill eile den Ghr\u00fapa BOOCCC.<\/p><p>\u00a0<\/p><p><strong>Cad iad do chearta um chosaint sonra\u00ed?<\/strong><\/p><p>Ba mhaith le BOOCCC a chinnti\u00fa go bhfuil t\u00fa go hioml\u00e1n ar an eolas faoi do chearta cosanta sonra\u00ed go l\u00e9ir. T\u00e1 gach \u00fas\u00e1ideoir i dteideal na nithe seo a leanas:<\/p><p><strong>An ceart chun rochtana<\/strong> \u2013 T\u00e1 s\u00e9 de cheart agat c\u00f3ipeanna de do shonra\u00ed pearsanta a iarraidh ar BOOCCC. D\u2019fh\u00e9adfaimis t\u00e1ille bheag a ghearradh ort as an tseirbh\u00eds seo.<\/p><p><strong>An ceart chun ceart\u00fach\u00e1in<\/strong> \u2013 T\u00e1 s\u00e9 de cheart agat iarraidh ar BOOCCC aon fhaisn\u00e9is a chreideann t\u00fa at\u00e1 m\u00edchruinn a cheart\u00fa. T\u00e1 s\u00e9 de cheart agat freisin iarraidh ar BOOCCC an fhaisn\u00e9is a chreideann t\u00fa at\u00e1 neamhioml\u00e1n a chomhl\u00e1n\u00fa.<\/p><p><strong>An ceart chun scriosta<\/strong> \u2013 T\u00e1 s\u00e9 de cheart agat a iarraidh ar BOOCCC do shonra\u00ed pearsanta a scriosadh, faoi choinn\u00edollacha \u00e1irithe.<\/p><p><strong>An ceart pr\u00f3ise\u00e1il a shrianadh<\/strong> \u2013 T\u00e1 s\u00e9 de cheart agat a iarraidh ar BOOCCC srian a chur le pr\u00f3ise\u00e1il do shonra\u00ed pearsanta, faoi choinn\u00edollacha \u00e1irithe.<\/p><p><strong>An ceart ag\u00f3id a dh\u00e9anamh i gcoinne pr\u00f3ise\u00e1la<\/strong> \u2013 T\u00e1 s\u00e9 de cheart agat ag\u00f3id a dh\u00e9anamh i gcoinne phr\u00f3ise\u00e1il do shonra\u00ed pearsanta BOOCCC, faoi choinn\u00edollacha \u00e1irithe.<\/p><p><strong>An ceart chun inaistritheacht sonra\u00ed<\/strong> \u2013 T\u00e1 s\u00e9 de cheart agat iarraidh ar BOOCCC na sonra\u00ed at\u00e1 bailithe againn a aistri\u00fa chuig eagra\u00edocht eile, n\u00f3 go d\u00edreach chugatsa, faoi choinn\u00edollacha \u00e1irithe.<\/p><p>M\u00e1 dh\u00e9anann t\u00fa iarratas, t\u00e1 m\u00ed amh\u00e1in againn chun freagra a thabhairt duit. M\u00e1s mian leat aon cheann de na cearta seo a fheidhmi\u00fa, d\u00e9an teagmh\u00e1il linn le do thoil tr\u00edn\u00e1r sonra\u00ed th\u00edos.<\/p><p>\u00a0<\/p><p><strong>Conas a dh\u00e9anamh teagmh\u00e1il linn<\/strong><\/p><p>M\u00e1 t\u00e1 aon cheist agat faoi pholasa\u00ed pr\u00edobh\u00e1ideachta BOOCCC, na sonra\u00ed at\u00e1 \u00e1 gcoinne\u00e1il againn f\u00fat, n\u00f3 m\u00e1s mian leat ceann de do chearta cosanta sonra\u00ed a fheidhmi\u00fa, n\u00e1 b\u00edodh drogall ort teagmh\u00e1il a dh\u00e9anamh linn.<\/p>\t\t\t\t\t\t\t\t<\/div>\n\t\t\t\t<\/div>\n\t\t\t\t\t<\/div>\n\t\t<\/div>\n\t\t\t\t\t<\/div>\n\t\t<\/section>\n\t\t\t\t<section class=\"elementor-section elementor-top-section elementor-element elementor-element-3f1b3e53 elementor-section-stretched elementor-section-boxed elementor-section-height-default elementor-section-height-default\" data-id=\"3f1b3e53\" data-element_type=\"section\" data-e-type=\"section\" data-settings=\"{&quot;stretch_section&quot;:&quot;section-stretched&quot;}\">\n\t\t\t\t\t\t\t<div class=\"elementor-background-overlay\"><\/div>\n\t\t\t\t\t\t\t<div class=\"elementor-container elementor-column-gap-default\">\n\t\t\t\t\t<div class=\"elementor-column elementor-col-100 elementor-top-column elementor-element elementor-element-7e759d6a\" data-id=\"7e759d6a\" data-element_type=\"column\" data-e-type=\"column\">\n\t\t\t<div class=\"elementor-widget-wrap elementor-element-populated\">\n\t\t\t\t\t\t<div class=\"elementor-element elementor-element-2b4d67e5 elementor-widget elementor-widget-heading\" data-id=\"2b4d67e5\" data-element_type=\"widget\" data-e-type=\"widget\" data-widget_type=\"heading.default\">\n\t\t\t\t<div class=\"elementor-widget-container\">\n\t\t\t\t\t<h2 class=\"elementor-heading-title elementor-size-default\">D\u00e9an teagmh\u00e1il linn ar<\/h2>\t\t\t\t<\/div>\n\t\t\t\t<\/div>\n\t\t\t\t<section class=\"elementor-section elementor-inner-section elementor-element elementor-element-4f2e05e4 elementor-section-boxed elementor-section-height-default elementor-section-height-default\" data-id=\"4f2e05e4\" data-element_type=\"section\" data-e-type=\"section\">\n\t\t\t\t\t\t<div class=\"elementor-container elementor-column-gap-wider\">\n\t\t\t\t\t<div class=\"elementor-column elementor-col-33 elementor-inner-column elementor-element elementor-element-6fcdaa14\" data-id=\"6fcdaa14\" data-element_type=\"column\" data-e-type=\"column\">\n\t\t\t<div class=\"elementor-widget-wrap\">\n\t\t\t\t\t\t\t<\/div>\n\t\t<\/div>\n\t\t\t\t<div class=\"elementor-column elementor-col-33 elementor-inner-column elementor-element elementor-element-125879d9\" data-id=\"125879d9\" data-element_type=\"column\" data-e-type=\"column\" data-settings=\"{&quot;background_background&quot;:&quot;classic&quot;}\">\n\t\t\t<div class=\"elementor-widget-wrap elementor-element-populated\">\n\t\t\t\t\t\t<div class=\"elementor-element elementor-element-8129109 elementor-widget elementor-widget-heading\" data-id=\"8129109\" data-element_type=\"widget\" data-e-type=\"widget\" data-widget_type=\"heading.default\">\n\t\t\t\t<div class=\"elementor-widget-container\">\n\t\t\t\t\t<h4 class=\"elementor-heading-title elementor-size-default\">David Guiney Data Protection Officer<\/h4>\t\t\t\t<\/div>\n\t\t\t\t<\/div>\n\t\t\t\t<div class=\"elementor-element elementor-element-29937851 elementor-icon-list--layout-traditional elementor-list-item-link-full_width elementor-widget elementor-widget-icon-list\" data-id=\"29937851\" data-element_type=\"widget\" data-e-type=\"widget\" data-widget_type=\"icon-list.default\">\n\t\t\t\t<div class=\"elementor-widget-container\">\n\t\t\t\t\t\t\t<ul class=\"elementor-icon-list-items\">\n\t\t\t\t\t\t\t<li class=\"elementor-icon-list-item\">\n\t\t\t\t\t\t\t\t\t\t\t<span class=\"elementor-icon-list-icon\">\n\t\t\t\t\t\t\t<i aria-hidden=\"true\" class=\"fas fa-map-marked-alt\"><\/i>\t\t\t\t\t\t<\/span>\n\t\t\t\t\t\t\t\t\t\t<span class=\"elementor-icon-list-text\">Bord Oideachais agus Oili\u00fana Chill Chainnigh agus Cheatharlach (BOOCCC)<br>Athy Road,<br>Carlow,<br>R93 DN80<\/span>\n\t\t\t\t\t\t\t\t\t<\/li>\n\t\t\t\t\t\t\t\t<li class=\"elementor-icon-list-item\">\n\t\t\t\t\t\t\t\t\t\t\t<a href=\"tel:+353599138560\">\n\n\t\t\t\t\t\t\t\t\t\t\t\t<span class=\"elementor-icon-list-icon\">\n\t\t\t\t\t\t\t<i aria-hidden=\"true\" class=\"fas fa-envelope\"><\/i>\t\t\t\t\t\t<\/span>\n\t\t\t\t\t\t\t\t\t\t<span class=\"elementor-icon-list-text\">+353 (0)59 9138560<\/span>\n\t\t\t\t\t\t\t\t\t\t\t<\/a>\n\t\t\t\t\t\t\t\t\t<\/li>\n\t\t\t\t\t\t\t\t<li class=\"elementor-icon-list-item\">\n\t\t\t\t\t\t\t\t\t\t\t<a href=\"mailto:dataprotection@kcetb.ie\">\n\n\t\t\t\t\t\t\t\t\t\t\t\t<span class=\"elementor-icon-list-icon\">\n\t\t\t\t\t\t\t<i aria-hidden=\"true\" class=\"fas fa-envelope\"><\/i>\t\t\t\t\t\t<\/span>\n\t\t\t\t\t\t\t\t\t\t<span class=\"elementor-icon-list-text\">dataprotection@kcetb.ie<\/span>\n\t\t\t\t\t\t\t\t\t\t\t<\/a>\n\t\t\t\t\t\t\t\t\t<\/li>\n\t\t\t\t\t\t<\/ul>\n\t\t\t\t\t\t<\/div>\n\t\t\t\t<\/div>\n\t\t\t\t\t<\/div>\n\t\t<\/div>\n\t\t\t\t<div class=\"elementor-column elementor-col-33 elementor-inner-column elementor-element elementor-element-115668f1\" data-id=\"115668f1\" data-element_type=\"column\" data-e-type=\"column\">\n\t\t\t<div class=\"elementor-widget-wrap\">\n\t\t\t\t\t\t\t<\/div>\n\t\t<\/div>\n\t\t\t\t\t<\/div>\n\t\t<\/section>\n\t\t\t\t\t<\/div>\n\t\t<\/div>\n\t\t\t\t\t<\/div>\n\t\t<\/section>\n\t\t\t\t<\/div>","protected":false},"excerpt":{"rendered":"<p>Kilkenny and Carlow Education and Training Board (KCETB) respects your privacy and is committed to complying with the General Data Protection Regulation and Data Protection Acts of 1988 \u2013 2018 and have published this guide to outline the information we collect about you, how and why we use the information and the choices you have&hellip; <a class=\"more-link\" href=\"https:\/\/kcetb.ie\/ga\/privacy-policy\/\">Continue reading <span class=\"screen-reader-text\">Polasa\u00ed Pr\u00edobh\u00e1ideachais<\/span><\/a><\/p>","protected":false},"author":2,"featured_media":0,"parent":0,"menu_order":101,"comment_status":"closed","ping_status":"closed","template":"elementor_header_footer","meta":{"footnotes":""},"class_list":["post-6828","page","type-page","status-publish","hentry","entry"],"yoast_head":"<!-- This site is optimized with the Yoast SEO plugin v27.2 - https:\/\/yoast.com\/product\/yoast-seo-wordpress\/ -->\n<title>Privacy Policy - Kilkenny and Carlow ETB<\/title>\n<meta name=\"description\" content=\"Kilkenny and Carlow Education and Training Board (KCETB) respects your privacy and is committed to complying with the General Data Protection Regulation\" \/>\n<meta name=\"robots\" content=\"index, follow, max-snippet:-1, max-image-preview:large, max-video-preview:-1\" \/>\n<link rel=\"canonical\" href=\"https:\/\/kcetb.ie\/ga\/beartas-priobhaideachais\/\" \/>\n<meta property=\"og:locale\" content=\"en_US\" \/>\n<meta property=\"og:type\" content=\"article\" \/>\n<meta property=\"og:title\" content=\"Privacy Policy - Kilkenny and Carlow ETB\" \/>\n<meta property=\"og:description\" content=\"Kilkenny and Carlow Education and Training Board (KCETB) respects your privacy and is committed to complying with the General Data Protection Regulation\" \/>\n<meta property=\"og:url\" content=\"https:\/\/kcetb.ie\/ga\/beartas-priobhaideachais\/\" \/>\n<meta property=\"og:site_name\" content=\"Kilkenny and Carlow ETB\" \/>\n<meta property=\"article:modified_time\" content=\"2025-02-26T11:58:51+00:00\" \/>\n<meta name=\"twitter:card\" content=\"summary_large_image\" \/>\n<meta name=\"twitter:label1\" content=\"Est. reading time\" \/>\n\t<meta name=\"twitter:data1\" content=\"4 minutes\" \/>\n<script type=\"application\/ld+json\" class=\"yoast-schema-graph\">{\"@context\":\"https:\/\/schema.org\",\"@graph\":[{\"@type\":\"WebPage\",\"@id\":\"https:\/\/kcetb.ie\/en\/privacy-policy\/\",\"url\":\"https:\/\/kcetb.ie\/en\/privacy-policy\/\",\"name\":\"Privacy Policy - Kilkenny and Carlow ETB\",\"isPartOf\":{\"@id\":\"https:\/\/kcetb.ie\/en\/#website\"},\"datePublished\":\"2022-05-13T09:56:04+00:00\",\"dateModified\":\"2025-02-26T11:58:51+00:00\",\"description\":\"Kilkenny and Carlow Education and Training Board (KCETB) respects your privacy and is committed to complying with the General Data Protection Regulation\",\"breadcrumb\":{\"@id\":\"https:\/\/kcetb.ie\/en\/privacy-policy\/#breadcrumb\"},\"inLanguage\":\"GA\",\"potentialAction\":[{\"@type\":\"ReadAction\",\"target\":[\"https:\/\/kcetb.ie\/en\/privacy-policy\/\"]}]},{\"@type\":\"BreadcrumbList\",\"@id\":\"https:\/\/kcetb.ie\/en\/privacy-policy\/#breadcrumb\",\"itemListElement\":[{\"@type\":\"ListItem\",\"position\":1,\"name\":\"Home\",\"item\":\"https:\/\/kcetb.ie\/en\/\"},{\"@type\":\"ListItem\",\"position\":2,\"name\":\"Privacy Policy\"}]},{\"@type\":\"WebSite\",\"@id\":\"https:\/\/kcetb.ie\/en\/#website\",\"url\":\"https:\/\/kcetb.ie\/en\/\",\"name\":\"Kilkenny and Carlow ETB\",\"description\":\"KCETB Kilkenny and Carlow Education and Training Board\",\"publisher\":{\"@id\":\"https:\/\/kcetb.ie\/en\/#organization\"},\"potentialAction\":[{\"@type\":\"SearchAction\",\"target\":{\"@type\":\"EntryPoint\",\"urlTemplate\":\"https:\/\/kcetb.ie\/en\/?s={search_term_string}\"},\"query-input\":{\"@type\":\"PropertyValueSpecification\",\"valueRequired\":true,\"valueName\":\"search_term_string\"}}],\"inLanguage\":\"GA\"},{\"@type\":\"Organization\",\"@id\":\"https:\/\/kcetb.ie\/en\/#organization\",\"name\":\"Kilkenny and Carlow Education and Training Board (KCETB)\",\"url\":\"https:\/\/kcetb.ie\/en\/\",\"logo\":{\"@type\":\"ImageObject\",\"inLanguage\":\"GA\",\"@id\":\"https:\/\/kcetb.ie\/en\/#\/schema\/logo\/image\/\",\"url\":\"https:\/\/kcetb.ie\/wp-content\/uploads\/2022\/02\/kcetb-logo.jpeg\",\"contentUrl\":\"https:\/\/kcetb.ie\/wp-content\/uploads\/2022\/02\/kcetb-logo.jpeg\",\"width\":664,\"height\":246,\"caption\":\"Kilkenny and Carlow Education and Training Board (KCETB)\"},\"image\":{\"@id\":\"https:\/\/kcetb.ie\/en\/#\/schema\/logo\/image\/\"}}]}<\/script>\n<!-- \/ Yoast SEO plugin. -->","yoast_head_json":{"title":"Beartas Pr\u00edobh\u00e1ideachta - BOO Chill Chainnigh agus Cheatharlach","description":"T\u00e1 meas ag Bord Oideachais agus Oili\u00fana Chill Chainnigh agus Cheatharlach (KCETB) ar do phr\u00edobh\u00e1ideachas agus t\u00e1 s\u00e9 tiomanta do chomhl\u00edonadh an Rialach\u00e1in Ghinear\u00e1lta ar Chosaint Sonra\u00ed","robots":{"index":"index","follow":"follow","max-snippet":"max-snippet:-1","max-image-preview":"max-image-preview:large","max-video-preview":"max-video-preview:-1"},"canonical":"https:\/\/kcetb.ie\/ga\/beartas-priobhaideachais\/","og_locale":"en_US","og_type":"article","og_title":"Privacy Policy - Kilkenny and Carlow ETB","og_description":"Kilkenny and Carlow Education and Training Board (KCETB) respects your privacy and is committed to complying with the General Data Protection Regulation","og_url":"https:\/\/kcetb.ie\/ga\/beartas-priobhaideachais\/","og_site_name":"Kilkenny and Carlow ETB","article_modified_time":"2025-02-26T11:58:51+00:00","twitter_card":"summary_large_image","twitter_misc":{"Est. reading time":"4 minutes"},"schema":{"@context":"https:\/\/schema.org","@graph":[{"@type":"WebPage","@id":"https:\/\/kcetb.ie\/en\/privacy-policy\/","url":"https:\/\/kcetb.ie\/en\/privacy-policy\/","name":"Beartas Pr\u00edobh\u00e1ideachta - BOO Chill Chainnigh agus Cheatharlach","isPartOf":{"@id":"https:\/\/kcetb.ie\/en\/#website"},"datePublished":"2022-05-13T09:56:04+00:00","dateModified":"2025-02-26T11:58:51+00:00","description":"T\u00e1 meas ag Bord Oideachais agus Oili\u00fana Chill Chainnigh agus Cheatharlach (KCETB) ar do phr\u00edobh\u00e1ideachas agus t\u00e1 s\u00e9 tiomanta do chomhl\u00edonadh an Rialach\u00e1in Ghinear\u00e1lta ar Chosaint Sonra\u00ed","breadcrumb":{"@id":"https:\/\/kcetb.ie\/en\/privacy-policy\/#breadcrumb"},"inLanguage":"GA","potentialAction":[{"@type":"ReadAction","target":["https:\/\/kcetb.ie\/en\/privacy-policy\/"]}]},{"@type":"BreadcrumbList","@id":"https:\/\/kcetb.ie\/en\/privacy-policy\/#breadcrumb","itemListElement":[{"@type":"ListItem","position":1,"name":"Home","item":"https:\/\/kcetb.ie\/en\/"},{"@type":"ListItem","position":2,"name":"Privacy Policy"}]},{"@type":"WebSite","@id":"https:\/\/kcetb.ie\/en\/#website","url":"https:\/\/kcetb.ie\/en\/","name":"BOO Chill Chainnigh agus Cheatharlach","description":"KCETB Bord Oideachais agus Oili\u00fana Chill Chainnigh agus Cheatharlach","publisher":{"@id":"https:\/\/kcetb.ie\/en\/#organization"},"potentialAction":[{"@type":"SearchAction","target":{"@type":"EntryPoint","urlTemplate":"https:\/\/kcetb.ie\/en\/?s={search_term_string}"},"query-input":{"@type":"PropertyValueSpecification","valueRequired":true,"valueName":"search_term_string"}}],"inLanguage":"GA"},{"@type":"Organization","@id":"https:\/\/kcetb.ie\/en\/#organization","name":"Bord Oideachais agus Oili\u00fana Chill Chainnigh agus Cheatharlach (BOOCCC)","url":"https:\/\/kcetb.ie\/en\/","logo":{"@type":"ImageObject","inLanguage":"GA","@id":"https:\/\/kcetb.ie\/en\/#\/schema\/logo\/image\/","url":"https:\/\/kcetb.ie\/wp-content\/uploads\/2022\/02\/kcetb-logo.jpeg","contentUrl":"https:\/\/kcetb.ie\/wp-content\/uploads\/2022\/02\/kcetb-logo.jpeg","width":664,"height":246,"caption":"Kilkenny and Carlow Education and Training Board (KCETB)"},"image":{"@id":"https:\/\/kcetb.ie\/en\/#\/schema\/logo\/image\/"}}]}},"_links":{"self":[{"href":"https:\/\/kcetb.ie\/ga\/wp-json\/wp\/v2\/pages\/6828","targetHints":{"allow":["GET"]}}],"collection":[{"href":"https:\/\/kcetb.ie\/ga\/wp-json\/wp\/v2\/pages"}],"about":[{"href":"https:\/\/kcetb.ie\/ga\/wp-json\/wp\/v2\/types\/page"}],"author":[{"embeddable":true,"href":"https:\/\/kcetb.ie\/ga\/wp-json\/wp\/v2\/users\/2"}],"replies":[{"embeddable":true,"href":"https:\/\/kcetb.ie\/ga\/wp-json\/wp\/v2\/comments?post=6828"}],"version-history":[{"count":38,"href":"https:\/\/kcetb.ie\/ga\/wp-json\/wp\/v2\/pages\/6828\/revisions"}],"predecessor-version":[{"id":31577,"href":"https:\/\/kcetb.ie\/ga\/wp-json\/wp\/v2\/pages\/6828\/revisions\/31577"}],"wp:attachment":[{"href":"https:\/\/kcetb.ie\/ga\/wp-json\/wp\/v2\/media?parent=6828"}],"curies":[{"name":"wp","href":"https:\/\/api.w.org\/{rel}","templated":true}]}}