{"id":6827,"date":"2022-05-13T10:56:22","date_gmt":"2022-05-13T09:56:22","guid":{"rendered":"https:\/\/kcetb.ie\/?page_id=6827"},"modified":"2022-09-29T12:52:54","modified_gmt":"2022-09-29T11:52:54","slug":"tearmai-agus-coinniollacha-laithreain-ghreasain","status":"publish","type":"page","link":"https:\/\/kcetb.ie\/ga\/website-terms-and-conditions\/","title":{"rendered":"T\u00e9arma\u00ed agus Coinn\u00edollacha an tSu\u00edmh Gr\u00e9as\u00e1in"},"content":{"rendered":"<div data-elementor-type=\"wp-page\" data-elementor-id=\"6827\" class=\"elementor elementor-6827\" data-elementor-post-type=\"page\">\n\t\t\t\t\t\t<section class=\"elementor-section elementor-top-section elementor-element elementor-element-2e5fb51 elementor-section-full_width elementor-section-height-min-height elementor-section-stretched elementor-section-items-bottom elementor-section-height-default\" data-id=\"2e5fb51\" data-element_type=\"section\" data-e-type=\"section\" data-settings=\"{&quot;stretch_section&quot;:&quot;section-stretched&quot;,&quot;background_background&quot;:&quot;classic&quot;}\">\n\t\t\t\t\t\t\t<div class=\"elementor-background-overlay\"><\/div>\n\t\t\t\t\t\t\t<div class=\"elementor-container elementor-column-gap-no\">\n\t\t\t\t\t<div class=\"elementor-column elementor-col-100 elementor-top-column elementor-element elementor-element-6bc58fb\" data-id=\"6bc58fb\" data-element_type=\"column\" data-e-type=\"column\">\n\t\t\t<div class=\"elementor-widget-wrap elementor-element-populated\">\n\t\t\t\t\t\t<div class=\"elementor-element elementor-element-cb3bc56 elementor-widget__width-inherit elementor-widget elementor-widget-heading\" data-id=\"cb3bc56\" data-element_type=\"widget\" data-e-type=\"widget\" data-widget_type=\"heading.default\">\n\t\t\t\t<div class=\"elementor-widget-container\">\n\t\t\t\t\t<h1 class=\"elementor-heading-title elementor-size-default\">T\u00e9arma\u00ed agus Coinn\u00edollacha an tSu\u00edmh Gr\u00e9as\u00e1in<\/h1>\t\t\t\t<\/div>\n\t\t\t\t<\/div>\n\t\t\t\t\t<\/div>\n\t\t<\/div>\n\t\t\t\t\t<\/div>\n\t\t<\/section>\n\t\t\t\t<section class=\"elementor-section elementor-top-section elementor-element elementor-element-3d507b2 elementor-section-stretched elementor-reverse-mobile elementor-section-boxed elementor-section-height-default elementor-section-height-default\" data-id=\"3d507b2\" data-element_type=\"section\" data-e-type=\"section\" data-settings=\"{&quot;stretch_section&quot;:&quot;section-stretched&quot;}\">\n\t\t\t\t\t\t<div class=\"elementor-container elementor-column-gap-default\">\n\t\t\t\t\t<div class=\"elementor-column elementor-col-100 elementor-top-column elementor-element elementor-element-ae187cf\" data-id=\"ae187cf\" data-element_type=\"column\" data-e-type=\"column\">\n\t\t\t<div class=\"elementor-widget-wrap elementor-element-populated\">\n\t\t\t\t\t\t<div class=\"elementor-element elementor-element-4df112f elementor-widget elementor-widget-menu-anchor\" data-id=\"4df112f\" data-element_type=\"widget\" data-e-type=\"widget\" data-widget_type=\"menu-anchor.default\">\n\t\t\t\t<div class=\"elementor-widget-container\">\n\t\t\t\t\t\t\t<div class=\"elementor-menu-anchor\" id=\"content\"><\/div>\n\t\t\t\t\t\t<\/div>\n\t\t\t\t<\/div>\n\t\t\t\t<div class=\"elementor-element elementor-element-f35cf82 elementor-widget elementor-widget-text-editor\" data-id=\"f35cf82\" data-element_type=\"widget\" data-e-type=\"widget\" data-widget_type=\"text-editor.default\">\n\t\t\t\t<div class=\"elementor-widget-container\">\n\t\t\t\t\t\t\t\t\t<p>L\u00e9igh na t\u00e9arma\u00ed agus na coinn\u00edollacha seo a leanas le do thoil. Tr\u00ed lean\u00faint ar aghaidh le rochtain <a href=\"https:\/\/kcetb.ie\/ga\/\">https:\/\/kcetb.ie<\/a> l\u00e1ithre\u00e1n gr\u00e9as\u00e1in, measfar gur ghlac tusa (an \u201c\u00fas\u00e1ideoir\u201d) leis na t\u00e9arma\u00ed agus coinn\u00edollacha seo.<\/p><p>Tabhair faoi deara, go h\u00e1irithe, go bhfuil cosc ioml\u00e1n ar \u00fas\u00e1id neamh\u00fadaraithe n\u00f3 ar \u00edosl\u00f3d\u00e1il \u00e1bhar \u00f3n su\u00edomh gr\u00e9as\u00e1in.<\/p><ol><li>Agus an su\u00edomh gr\u00e9as\u00e1in \u00e1 chur le ch\u00e9ile, glacadh gach c\u00faram chun cruinneas a chinnti\u00fa. I gc\u00e1s ina gcuirtear earr\u00e1id\u00ed n\u00f3 easnaimh in i\u00fal do https:\/\/kcetb.ie, d\u00e9anfar leasuithe chomh tapa agus is f\u00e9idir. Mar sin f\u00e9in, n\u00ed ghlacann https:\/\/kcetb.ie le haon dliteanas d\u2019aon duine i gconradh n\u00f3 i dtort n\u00f3 ar shl\u00ed eile as caillteanas d\u00edreach n\u00f3 iarmhartach a dh\u00e9antar don \u00fas\u00e1ideoir a eascra\u00edonn as aon rud ar an su\u00edomh gr\u00e9as\u00e1in seo n\u00f3 as aon earr\u00e1id n\u00f3 easnamh ann fi\u00fa m\u00e1 dh\u00e9antar caillteanas n\u00f3 dam\u00e1iste den s\u00f3rt sin mar gheall ar fhaill\u00ed https:\/\/kcetb.ie n\u00f3 a seirbh\u00edsigh n\u00f3 gn\u00edomhair\u00ed.<\/li><li>T\u00e1 \u00e1bhar eagarth\u00f3ireachta an tsu\u00edmh gr\u00e9as\u00e1in seo faoi ch\u00f3ipcheart ag https:\/\/kcetb.ie agus\/n\u00f3 na n-\u00fadar, na grianghrafad\u00f3ir\u00ed agus na maisitheoir\u00ed a chuireann \u00e1bhar leis an su\u00edomh gr\u00e9as\u00e1in, agus n\u00ed dh\u00e9anfaidh an t-\u00fas\u00e1ideoir aon siombail ch\u00f3ipchirt n\u00f3 aon aitheantas eile a athr\u00fa n\u00e1 a bhaint. faisn\u00e9is maidir le h\u00fadar\u00fa n\u00f3 \u00fain\u00e9ireacht aon chuid d\u2019\u00e1bhar an tsu\u00edmh gr\u00e9as\u00e1in.<\/li><li>N\u00ed dh\u00e9anfaidh an t-\u00fas\u00e1ideoir aon \u00e1bhar ar an su\u00edomh gr\u00e9as\u00e1in a ch\u00f3ipe\u00e1il, a mharg\u00fa, a athdh\u00edol, a dh\u00e1ileadh, a athchraoladh, a fhoilsi\u00fa n\u00e1 a aistri\u00fa ar shl\u00ed eile n\u00e1 a shaothr\u00fa ar bhonn tr\u00e1cht\u00e1la.<\/li><li>N\u00ed \u00fas\u00e1idfidh n\u00f3 n\u00ed thaispe\u00e1nfaidh an t-\u00fas\u00e1ideoir ainm n\u00e1 l\u00f3g\u00f3 https:\/\/kcetb.ie n\u00f3 aon ainm n\u00f3 l\u00f3g\u00f3 d\u00e1 shamhail n\u00f3 n\u00ed ghn\u00edomh\u00f3idh s\u00e9 ar aon bhealach a thabharfadh le tuiscint gur gn\u00edomhaire de chuid https:\/\/kcetb.ie.<\/li><li>(a)\tT\u00e1 earra\u00ed agus seirbh\u00eds\u00ed \u00e1irithe ar f\u00e1il le ceannach \u00f3n su\u00edomh gr\u00e9as\u00e1in (\u201cSeirbh\u00eds\u00ed Inmhuirir\u201d). M\u00e1s mian leis an \u00fas\u00e1ideoir iad a rochtain, \u00edocfaidh an t-\u00fas\u00e1ideoir an t\u00e1ille infheidhmithe de r\u00e9ir na r\u00e1ta\u00ed agus na n\u00f3sanna imeachta at\u00e1 sonraithe ag https:\/\/kcetb.ie \u00f3 am go ch\u00e9ile mar aon le haon ch\u00e1in bhreisluacha infheidhmithe n\u00f3 aon ch\u00e1in d\u00edolach\u00e1in eile in\u00edoctha maidir leis sin.<br \/>(b)\tAgus rochtain \u00e1 f\u00e1il ag an \u00fas\u00e1ideoir ar aon cheann de na Seirbh\u00eds\u00ed Inmhuirir, d\u00e9anfaidh an t-\u00fas\u00e1ideoir gach beart r\u00e9as\u00fanach chun sonra\u00ed https:\/\/kcetb.ie agus https:\/\/kcetb.ie a chosaint \u00f3 rochtain ag tr\u00ed\u00fa p\u00e1irtithe neamh\u00fadaraithe agus \u00fas\u00e1idfidh s\u00e9\/s\u00ed aon phasfhocal n\u00f3 aitheantas \u00fas\u00e1ideora (ID) n\u00f3 ainm \u00fas\u00e1ideora arna eisi\u00faint ag https:\/\/kcetb.ie le h\u00fas\u00e1id chun rochtain a fh\u00e1il ar na Seirbh\u00eds\u00ed Inmhuirir. Glacann an t-\u00fas\u00e1ideoir leis go bhfuil s\u00e9 freagrach as aon bhearta sl\u00e1nd\u00e1la den s\u00f3rt sin a \u00fas\u00e1id agus bar\u00e1nta\u00edonn s\u00e9 go gcoime\u00e1dfaidh s\u00e9 aon phasfhocal, aitheantas \u00fas\u00e1ideora n\u00f3 ainm \u00fas\u00e1ideora n\u00f3 aon mheicn\u00edocht n\u00f3 feiste sl\u00e1nd\u00e1la eile faoi r\u00fan agus nach nochtfaidh s\u00e9 d\u2019aon duine eile \u00e9.<br \/>(c)\tSol\u00e1thra\u00edonn tr\u00ed\u00fa p\u00e1irtithe cuid de na hearra\u00ed n\u00f3 de na seirbh\u00eds\u00ed at\u00e1 sna Seirbh\u00eds\u00ed Inmhuirir agus sol\u00e1thra\u00edtear cuid acu go d\u00edreach ag https:\/\/kilkennycarlow.etb.ie. Maidir leo si\u00fad a shol\u00e1thra\u00edonn tr\u00ed\u00fa p\u00e1irtithe, n\u00ed bheidh aon fhreagracht ar https:\/\/kcetb.ie don \u00fas\u00e1ideoir ina leith agus n\u00ed thugann aon bhar\u00e1ntas maidir le c\u00e1il\u00edocht sh\u00e1s\u00fail, ind\u00edoltacht, oiri\u00fanacht don fheidhm n\u00f3 comhl\u00edonadh aon tuairisce i nd\u00e1il leo. Eisiatar leis seo na t\u00e9arma\u00ed at\u00e1 intuigthe in Alt 39 den Acht um Dh\u00edol Earra\u00ed agus Sol\u00e1thar Seirbh\u00eds\u00ed, 1980 na h\u00c9ireann \u00f3 na t\u00e9arma\u00ed agus coinn\u00edollacha seo.<br \/>(d)\tN\u00ed bheidh https:\/\/kcetb.ie faoi dhliteanas ar bith don \u00fas\u00e1ideoir, b\u00edodh s\u00e9 i gconradh n\u00f3 i dtort i leith aon chaillteanais a bhainfidh an t-\u00fas\u00e1ideoir as \u00fas\u00e1id c\u00e1rta creidmheasa, c\u00e1rta dochair n\u00f3 c\u00e1rta muirir n\u00f3 aon mhodhn\u00fa air chun rochtain a fh\u00e1il ar an tseirbh\u00eds https:\/\/kcetb.ie<\/li><li>https:\/\/kcetb.ie n\u00ed bheidh aon dliteanas ar aon duine as aon ghort\u00fa n\u00f3 caillteanas (lena n-\u00e1ir\u00edtear gort\u00fa pearsanta agus caillteanas iarmhartach) a fulaing\u00edodh agus iad ag glacadh p\u00e1irte i sp\u00f3irt n\u00f3 caitheamh aimsire a bhfuil cur s\u00edos orthu n\u00f3 d\u00e1 dtagra\u00edtear ar an Su\u00edomh Gr\u00e9as\u00e1in. Is mar eolas amh\u00e1in a thugtar an t-\u00e1bhar ar an Su\u00edomh Gr\u00e9as\u00e1in agus n\u00ed thugann https:\/\/kilkennycarlow.etb.ie aon bhar\u00e1ntas maidir le s\u00e1bh\u00e1ilteacht agus sl\u00e1nd\u00e1il a leith\u00e9id de ghn\u00edomha\u00edochta\u00ed sp\u00f3irt agus f\u00f3ill\u00edochta n\u00f3 maidir le hinni\u00falacht na ndaoine a eagra\u00edonn na himeachta\u00ed sp\u00f3irt agus f\u00f3ill\u00edochta sin.<\/li><li>M\u00e1 chlice\u00e1lann t\u00fa ar naisc \u00e1irithe laistigh den su\u00edomh gr\u00e9as\u00e1in seo d\u2019fh\u00e9adfadh s\u00e9 go dtabharfaidh an t-\u00fas\u00e1ideoir chuig l\u00e1ithre\u00e1in ghr\u00e9as\u00e1in eile agus n\u00ed bheidh aon fhreagracht n\u00e1 dliteanas de chine\u00e1l ar bith ar https:\/\/kcetb.ie as cruinneas n\u00f3 \u00e1bhar aon fhaisn\u00e9ise n\u00f3 aon ghn\u00e9 eile d\u2019aon l\u00e1ithre\u00e1in ghr\u00e9as\u00e1in d\u00e1 leith\u00e9id.<\/li><li>De bharr n\u00e1d\u00far na seirbh\u00eds\u00ed idirghn\u00edomhacha agus an Idirl\u00edn go ginear\u00e1lta, n\u00ed thugann https:\/\/kcetb.ie aon bhar\u00e1ntas n\u00f3 gealltanas go mbeidh \u00fas\u00e1id an tsu\u00edmh gr\u00e9as\u00e1in saor \u00f3 bhriseadh n\u00f3 earr\u00e1id\u00ed, agus https:\/\/kcetb.ie n\u00ed bheidh aon fhreagracht n\u00f3 dliteanas orthu i leith aon lochtanna cumars\u00e1ide n\u00f3 l\u00edonra, cliseadh, m\u00edfheidhm, earr\u00e1id, moilleanna n\u00f3 teipeanna (cib\u00e9 acu sealadach n\u00f3 eile) le linn \u00fas\u00e1id an tsu\u00edmh gr\u00e9as\u00e1in n\u00f3 a eascra\u00edonn as.<\/li><\/ol><p>Beidh na t\u00e9arma\u00ed agus coinn\u00edollacha seo \u00e1 rial\u00fa ag dl\u00edthe na h\u00c9ireann agus a fhorl\u00e9iri\u00fa de r\u00e9ir dhl\u00edthe na h\u00c9ireann (gan dl\u00edthe a riala\u00edonn coinbhleacht dl\u00edthe a \u00e1ireamh) agus g\u00e9illfidh na p\u00e1irtithe faoi dhl\u00ednse ch\u00fairteanna na h\u00c9ireann. N\u00ed chuirfidh s\u00e9 seo cosc ar https:\/\/kcetb.ie \u00e9ileamh a dh\u00e9anamh ar sh\u00e1r\u00fa conartha, s\u00e1r\u00fa c\u00f3ipchirt n\u00f3 eile maidir leis na t\u00e9arma\u00ed agus coinn\u00edollacha seo in aon dl\u00ednse eile ar fud an domhain.<\/p>\t\t\t\t\t\t\t\t<\/div>\n\t\t\t\t<\/div>\n\t\t\t\t\t<\/div>\n\t\t<\/div>\n\t\t\t\t\t<\/div>\n\t\t<\/section>\n\t\t\t\t<\/div>","protected":false},"excerpt":{"rendered":"<p>Please read the following terms and conditions. By continuing to access https:\/\/kcetb.ie website, you (the \u201cuser\u201d) will be deemed to have accepted these terms and conditions. In particular, please note that unauthorised use or downloading of material from the website is absolutely prohibited. In the compilation of the website, every care has been taken to&hellip; <a class=\"more-link\" href=\"https:\/\/kcetb.ie\/ga\/website-terms-and-conditions\/\">Continue reading <span class=\"screen-reader-text\">T\u00e9arma\u00ed agus Coinn\u00edollacha an tSu\u00edmh Gr\u00e9as\u00e1in<\/span><\/a><\/p>","protected":false},"author":2,"featured_media":0,"parent":0,"menu_order":102,"comment_status":"closed","ping_status":"closed","template":"elementor_header_footer","meta":{"footnotes":""},"class_list":["post-6827","page","type-page","status-publish","hentry","entry"],"yoast_head":"<!-- This site is optimized with the Yoast SEO plugin v27.2 - https:\/\/yoast.com\/product\/yoast-seo-wordpress\/ -->\n<title>Website Terms and Conditions - Kilkenny and Carlow ETB<\/title>\n<meta name=\"description\" content=\"Please read the following terms and conditions. By continuing to access https:\/\/kcetb.ie website, you (the \u201cuser\u201d) will be deemed to have accepted these\" \/>\n<meta name=\"robots\" content=\"index, follow, max-snippet:-1, max-image-preview:large, max-video-preview:-1\" \/>\n<link rel=\"canonical\" href=\"https:\/\/kcetb.ie\/ga\/tearmai-agus-coinniollacha-laithreain-ghreasain\/\" \/>\n<meta property=\"og:locale\" content=\"en_US\" \/>\n<meta property=\"og:type\" content=\"article\" \/>\n<meta property=\"og:title\" content=\"Website Terms and Conditions - Kilkenny and Carlow ETB\" \/>\n<meta property=\"og:description\" content=\"Please read the following terms and conditions. By continuing to access https:\/\/kcetb.ie website, you (the \u201cuser\u201d) will be deemed to have accepted these\" \/>\n<meta property=\"og:url\" content=\"https:\/\/kcetb.ie\/ga\/tearmai-agus-coinniollacha-laithreain-ghreasain\/\" \/>\n<meta property=\"og:site_name\" content=\"Kilkenny and Carlow ETB\" \/>\n<meta property=\"article:modified_time\" content=\"2022-09-29T11:52:54+00:00\" \/>\n<meta name=\"twitter:card\" content=\"summary_large_image\" \/>\n<meta name=\"twitter:label1\" content=\"Est. reading time\" \/>\n\t<meta name=\"twitter:data1\" content=\"4 minutes\" \/>\n<script type=\"application\/ld+json\" class=\"yoast-schema-graph\">{\"@context\":\"https:\/\/schema.org\",\"@graph\":[{\"@type\":\"WebPage\",\"@id\":\"https:\/\/kcetb.ie\/en\/website-terms-and-conditions\/\",\"url\":\"https:\/\/kcetb.ie\/en\/website-terms-and-conditions\/\",\"name\":\"Website Terms and Conditions - Kilkenny and Carlow ETB\",\"isPartOf\":{\"@id\":\"https:\/\/kcetb.ie\/en\/#website\"},\"datePublished\":\"2022-05-13T09:56:22+00:00\",\"dateModified\":\"2022-09-29T11:52:54+00:00\",\"description\":\"Please read the following terms and conditions. By continuing to access https:\/\/kcetb.ie website, you (the \u201cuser\u201d) will be deemed to have accepted these\",\"breadcrumb\":{\"@id\":\"https:\/\/kcetb.ie\/en\/website-terms-and-conditions\/#breadcrumb\"},\"inLanguage\":\"GA\",\"potentialAction\":[{\"@type\":\"ReadAction\",\"target\":[\"https:\/\/kcetb.ie\/en\/website-terms-and-conditions\/\"]}]},{\"@type\":\"BreadcrumbList\",\"@id\":\"https:\/\/kcetb.ie\/en\/website-terms-and-conditions\/#breadcrumb\",\"itemListElement\":[{\"@type\":\"ListItem\",\"position\":1,\"name\":\"Home\",\"item\":\"https:\/\/kcetb.ie\/en\/\"},{\"@type\":\"ListItem\",\"position\":2,\"name\":\"Website Terms and Conditions\"}]},{\"@type\":\"WebSite\",\"@id\":\"https:\/\/kcetb.ie\/en\/#website\",\"url\":\"https:\/\/kcetb.ie\/en\/\",\"name\":\"Kilkenny and Carlow ETB\",\"description\":\"KCETB Kilkenny and Carlow Education and Training Board\",\"publisher\":{\"@id\":\"https:\/\/kcetb.ie\/en\/#organization\"},\"potentialAction\":[{\"@type\":\"SearchAction\",\"target\":{\"@type\":\"EntryPoint\",\"urlTemplate\":\"https:\/\/kcetb.ie\/en\/?s={search_term_string}\"},\"query-input\":{\"@type\":\"PropertyValueSpecification\",\"valueRequired\":true,\"valueName\":\"search_term_string\"}}],\"inLanguage\":\"GA\"},{\"@type\":\"Organization\",\"@id\":\"https:\/\/kcetb.ie\/en\/#organization\",\"name\":\"Kilkenny and Carlow Education and Training Board (KCETB)\",\"url\":\"https:\/\/kcetb.ie\/en\/\",\"logo\":{\"@type\":\"ImageObject\",\"inLanguage\":\"GA\",\"@id\":\"https:\/\/kcetb.ie\/en\/#\/schema\/logo\/image\/\",\"url\":\"https:\/\/kcetb.ie\/wp-content\/uploads\/2022\/02\/kcetb-logo.jpeg\",\"contentUrl\":\"https:\/\/kcetb.ie\/wp-content\/uploads\/2022\/02\/kcetb-logo.jpeg\",\"width\":664,\"height\":246,\"caption\":\"Kilkenny and Carlow Education and Training Board (KCETB)\"},\"image\":{\"@id\":\"https:\/\/kcetb.ie\/en\/#\/schema\/logo\/image\/\"}}]}<\/script>\n<!-- \/ Yoast SEO plugin. -->","yoast_head_json":{"title":"T\u00e9arma\u00ed agus Coinn\u00edollacha an L\u00e1ithre\u00e1in Ghr\u00e9as\u00e1in - BOO Chill Chainnigh agus Cheatharlach","description":"Please read the following terms and conditions. By continuing to access https:\/\/kcetb.ie website, you (the \u201cuser\u201d) will be deemed to have accepted these","robots":{"index":"index","follow":"follow","max-snippet":"max-snippet:-1","max-image-preview":"max-image-preview:large","max-video-preview":"max-video-preview:-1"},"canonical":"https:\/\/kcetb.ie\/ga\/tearmai-agus-coinniollacha-laithreain-ghreasain\/","og_locale":"en_US","og_type":"article","og_title":"Website Terms and Conditions - Kilkenny and Carlow ETB","og_description":"Please read the following terms and conditions. By continuing to access https:\/\/kcetb.ie website, you (the \u201cuser\u201d) will be deemed to have accepted these","og_url":"https:\/\/kcetb.ie\/ga\/tearmai-agus-coinniollacha-laithreain-ghreasain\/","og_site_name":"Kilkenny and Carlow ETB","article_modified_time":"2022-09-29T11:52:54+00:00","twitter_card":"summary_large_image","twitter_misc":{"Est. reading time":"4 minutes"},"schema":{"@context":"https:\/\/schema.org","@graph":[{"@type":"WebPage","@id":"https:\/\/kcetb.ie\/en\/website-terms-and-conditions\/","url":"https:\/\/kcetb.ie\/en\/website-terms-and-conditions\/","name":"T\u00e9arma\u00ed agus Coinn\u00edollacha an L\u00e1ithre\u00e1in Ghr\u00e9as\u00e1in - BOO Chill Chainnigh agus Cheatharlach","isPartOf":{"@id":"https:\/\/kcetb.ie\/en\/#website"},"datePublished":"2022-05-13T09:56:22+00:00","dateModified":"2022-09-29T11:52:54+00:00","description":"Please read the following terms and conditions. By continuing to access https:\/\/kcetb.ie website, you (the \u201cuser\u201d) will be deemed to have accepted these","breadcrumb":{"@id":"https:\/\/kcetb.ie\/en\/website-terms-and-conditions\/#breadcrumb"},"inLanguage":"GA","potentialAction":[{"@type":"ReadAction","target":["https:\/\/kcetb.ie\/en\/website-terms-and-conditions\/"]}]},{"@type":"BreadcrumbList","@id":"https:\/\/kcetb.ie\/en\/website-terms-and-conditions\/#breadcrumb","itemListElement":[{"@type":"ListItem","position":1,"name":"Home","item":"https:\/\/kcetb.ie\/en\/"},{"@type":"ListItem","position":2,"name":"Website Terms and Conditions"}]},{"@type":"WebSite","@id":"https:\/\/kcetb.ie\/en\/#website","url":"https:\/\/kcetb.ie\/en\/","name":"BOO Chill Chainnigh agus Cheatharlach","description":"KCETB Bord Oideachais agus Oili\u00fana Chill Chainnigh agus Cheatharlach","publisher":{"@id":"https:\/\/kcetb.ie\/en\/#organization"},"potentialAction":[{"@type":"SearchAction","target":{"@type":"EntryPoint","urlTemplate":"https:\/\/kcetb.ie\/en\/?s={search_term_string}"},"query-input":{"@type":"PropertyValueSpecification","valueRequired":true,"valueName":"search_term_string"}}],"inLanguage":"GA"},{"@type":"Organization","@id":"https:\/\/kcetb.ie\/en\/#organization","name":"Bord Oideachais agus Oili\u00fana Chill Chainnigh agus Cheatharlach (BOOCCC)","url":"https:\/\/kcetb.ie\/en\/","logo":{"@type":"ImageObject","inLanguage":"GA","@id":"https:\/\/kcetb.ie\/en\/#\/schema\/logo\/image\/","url":"https:\/\/kcetb.ie\/wp-content\/uploads\/2022\/02\/kcetb-logo.jpeg","contentUrl":"https:\/\/kcetb.ie\/wp-content\/uploads\/2022\/02\/kcetb-logo.jpeg","width":664,"height":246,"caption":"Kilkenny and Carlow Education and Training Board (KCETB)"},"image":{"@id":"https:\/\/kcetb.ie\/en\/#\/schema\/logo\/image\/"}}]}},"_links":{"self":[{"href":"https:\/\/kcetb.ie\/ga\/wp-json\/wp\/v2\/pages\/6827","targetHints":{"allow":["GET"]}}],"collection":[{"href":"https:\/\/kcetb.ie\/ga\/wp-json\/wp\/v2\/pages"}],"about":[{"href":"https:\/\/kcetb.ie\/ga\/wp-json\/wp\/v2\/types\/page"}],"author":[{"embeddable":true,"href":"https:\/\/kcetb.ie\/ga\/wp-json\/wp\/v2\/users\/2"}],"replies":[{"embeddable":true,"href":"https:\/\/kcetb.ie\/ga\/wp-json\/wp\/v2\/comments?post=6827"}],"version-history":[{"count":19,"href":"https:\/\/kcetb.ie\/ga\/wp-json\/wp\/v2\/pages\/6827\/revisions"}],"predecessor-version":[{"id":23214,"href":"https:\/\/kcetb.ie\/ga\/wp-json\/wp\/v2\/pages\/6827\/revisions\/23214"}],"wp:attachment":[{"href":"https:\/\/kcetb.ie\/ga\/wp-json\/wp\/v2\/media?parent=6827"}],"curies":[{"name":"wp","href":"https:\/\/api.w.org\/{rel}","templated":true}]}}