{"id":4483,"date":"2022-04-20T19:32:39","date_gmt":"2022-04-20T18:32:39","guid":{"rendered":"https:\/\/kcetb.ie\/?page_id=4483"},"modified":"2022-11-15T12:31:15","modified_gmt":"2022-11-15T12:31:15","slug":"posts-of-responsibility-appeals","status":"publish","type":"page","link":"https:\/\/kcetb.ie\/ga\/recruitment\/posts-of-responsibility-appeals\/","title":{"rendered":"Achomhairc do Phoist Freagrachta"},"content":{"rendered":"<div data-elementor-type=\"wp-page\" data-elementor-id=\"4483\" class=\"elementor elementor-4483\" data-elementor-post-type=\"page\">\n\t\t\t\t\t\t<section class=\"elementor-section elementor-top-section elementor-element elementor-element-ce2b908 elementor-section-full_width elementor-section-height-min-height elementor-section-stretched elementor-section-items-bottom elementor-section-height-default\" data-id=\"ce2b908\" data-element_type=\"section\" data-e-type=\"section\" data-settings=\"{&quot;stretch_section&quot;:&quot;section-stretched&quot;,&quot;background_background&quot;:&quot;classic&quot;}\">\n\t\t\t\t\t\t\t<div class=\"elementor-background-overlay\"><\/div>\n\t\t\t\t\t\t\t<div class=\"elementor-container elementor-column-gap-no\">\n\t\t\t\t\t<div class=\"elementor-column elementor-col-100 elementor-top-column elementor-element elementor-element-18a1776a\" data-id=\"18a1776a\" data-element_type=\"column\" data-e-type=\"column\">\n\t\t\t<div class=\"elementor-widget-wrap elementor-element-populated\">\n\t\t\t\t\t\t<div class=\"elementor-element elementor-element-2d249041 elementor-widget__width-inherit elementor-widget elementor-widget-heading\" data-id=\"2d249041\" data-element_type=\"widget\" data-e-type=\"widget\" data-widget_type=\"heading.default\">\n\t\t\t\t<div class=\"elementor-widget-container\">\n\t\t\t\t\t<h1 class=\"elementor-heading-title elementor-size-default\">Achomhairc do Phoist Freagrachta<\/h1>\t\t\t\t<\/div>\n\t\t\t\t<\/div>\n\t\t\t\t\t<\/div>\n\t\t<\/div>\n\t\t\t\t\t<\/div>\n\t\t<\/section>\n\t\t\t\t<section class=\"elementor-section elementor-top-section elementor-element elementor-element-2aa2905 elementor-section-stretched elementor-section-boxed elementor-section-height-default elementor-section-height-default\" data-id=\"2aa2905\" data-element_type=\"section\" data-e-type=\"section\" data-settings=\"{&quot;stretch_section&quot;:&quot;section-stretched&quot;}\">\n\t\t\t\t\t\t<div class=\"elementor-container elementor-column-gap-default\">\n\t\t\t\t\t<div class=\"elementor-column elementor-col-100 elementor-top-column elementor-element elementor-element-4e66bed1\" data-id=\"4e66bed1\" data-element_type=\"column\" data-e-type=\"column\">\n\t\t\t<div class=\"elementor-widget-wrap elementor-element-populated\">\n\t\t\t\t\t\t<div class=\"elementor-element elementor-element-3a2910f elementor-widget elementor-widget-heading\" data-id=\"3a2910f\" data-element_type=\"widget\" data-e-type=\"widget\" data-widget_type=\"heading.default\">\n\t\t\t\t<div class=\"elementor-widget-container\">\n\t\t\t\t\t<p class=\"elementor-heading-title elementor-size-default\"><a href=\"https:\/\/kcetb.ie\/ga\/earcaiocht\/foluntais\/\">Ar ais chuig fol\u00fantais<\/a><\/p>\t\t\t\t<\/div>\n\t\t\t\t<\/div>\n\t\t\t\t<div class=\"elementor-element elementor-element-269047c elementor-widget elementor-widget-menu-anchor\" data-id=\"269047c\" data-element_type=\"widget\" data-e-type=\"widget\" data-widget_type=\"menu-anchor.default\">\n\t\t\t\t<div class=\"elementor-widget-container\">\n\t\t\t\t\t\t\t<div class=\"elementor-menu-anchor\" id=\"content\"><\/div>\n\t\t\t\t\t\t<\/div>\n\t\t\t\t<\/div>\n\t\t\t\t<div class=\"elementor-element elementor-element-c068565 elementor-widget elementor-widget-heading\" data-id=\"c068565\" data-element_type=\"widget\" data-e-type=\"widget\" data-widget_type=\"heading.default\">\n\t\t\t\t<div class=\"elementor-widget-container\">\n\t\t\t\t\t<h2 class=\"elementor-heading-title elementor-size-default\">N\u00f3sanna Imeachta Ardaithe C\u00e9ime agus Achomharc maidir le ceapach\u00e1n chuig Pr\u00edomhoifigeach C\u00fanta I, Pr\u00edomhoide C\u00fanta II agus Poist Chomhordaitheora Cl\u00e1ir<\/h2>\t\t\t\t<\/div>\n\t\t\t\t<\/div>\n\t\t\t\t<div class=\"elementor-element elementor-element-3a975e6e elementor-widget elementor-widget-text-editor\" data-id=\"3a975e6e\" data-element_type=\"widget\" data-e-type=\"widget\" data-widget_type=\"text-editor.default\">\n\t\t\t\t<div class=\"elementor-widget-container\">\n\t\t\t\t\t\t\t\t\t<p>Tugadh isteach n\u00f3s imeachta achomhairc athbhreithnithe maidir le ceapach\u00e1n chuig Pr\u00edomhoide C\u00fanta I, Pr\u00edomhoide C\u00fanta II agus Poist Chomhordaitheora Cl\u00e1ir sna BOOanna faoi <a href=\"https:\/\/kcetb.ie\/wp-content\/uploads\/2022\/04\/cl0003_2018.pdf\">Imlitir 0003 2018<\/a> \/\u00a0<a href=\"https:\/\/kcetb.ie\/wp-content\/uploads\/2022\/11\/Circular-0003-2018-Irish-translation-1.pdf\">Ciorcl\u00e1n 0003 2018<\/a>\u00a0tar \u00e9is pr\u00f3isis athbhreithnithe fhairsing ag comhlachta\u00ed bainist\u00edochta agus ceardchumainn ag leibh\u00e9al n\u00e1isi\u00fanta.<\/p><h3>Foirm achomhairc an mh\u00fainteora:<\/h3><p>Is \u00e9 BOO\u00c9 a fheidhm\u00edonn R\u00fana\u00edocht an Bhoird Achomhairc don earn\u00e1il BOO. T\u00e1 n\u00f3ta treorach dr\u00e9achtaithe ag R\u00fana\u00edocht an Bhoird Achomhairc do mh\u00fainteoir\u00ed at\u00e1 ag iarraidh an fhoirm PDF Achomharc M\u00fainteora nua.\na chomhl\u00e1n\u00fa.<\/p><p>Ba ch\u00f3ir do na m\u00fainteoir\u00ed sin a d\u2019fh\u00e9adfadh achomharc a bheith \u00e1 mbreithni\u00fa acu, an ciorcl\u00e1n agus an n\u00f3ta treorach a l\u00e9amh go c\u00faramach. N\u00ed ghlacfar le hachomhairc ach ar an bhFoirm PDF Achomharc M\u00fainteora nua <a href=\"https:\/\/kcetb.ie\/wp-content\/uploads\/2022\/04\/PRTA_Form_2018.pdf\">Appeals Form<\/a>\/<a href=\"https:\/\/kcetb.ie\/wp-content\/uploads\/2022\/04\/PRTA_Form_Irish_20180514.pdf\">Foirm Achomhairc<\/a>.<\/p><ul><li>\u200b<a href=\"https:\/\/kcetb.ie\/wp-content\/uploads\/2022\/04\/AdviceNoteonCompletingTeacherAppealForm20181.pdf\">N\u00f3ta Comhairle maidir le Foirm Achomharc M\u00fainteora 2018 a Chomhl\u00e1n\u00fa<\/a><\/li><\/ul><p>Go hid\u00e9alach, ba cheart doicim\u00e9ad\u00fa (m\u00e1s ann d\u00f3) a shol\u00e1thra\u00edonn ceachtar den mh\u00fainteoir achomharc\u00f3ir a scanadh agus a shol\u00e1thar mar cheangalt\u00e1in sa r\u00edomhphost a ghineann nuair a bh\u00edonn an foirm achomhairc m\u00fainteora comhl\u00e1naithe. Cuirtear an r\u00edomhphost seo isteach go huathoibr\u00edoch chuig duine ainmnithe sa BOO. Sa ch\u00e1s nach bhfuil \u00e1is scanach\u00e1in ar f\u00e1il, tabhair eolas taca\u00edochta i gc\u00f3ip chrua (m\u00e1s ann d\u00f3) don BOO at\u00e1 marc\u00e1ilte go soil\u00e9ir \u2018Achomhairc POR\u2019.<\/p><p><strong>N\u00ed m\u00f3r duit aon doicim\u00e9id taca\u00edochta a shol\u00e1thar roimh an D\u00e1ta Achomhairc at\u00e1 molta.<\/strong><\/p><ul><li><a href=\"https:\/\/kcetb.ie\/wp-content\/uploads\/2022\/04\/PRTA_Form_20180606.pdf\">T\u00e1 Foirm Achomharc M\u00fainteora i mB\u00e9arla ar f\u00e1il ach clice\u00e1il anseo (N\u00ed m\u00f3r an fhoirm seo a chomhl\u00e1n\u00fa le Chrome Browser).<\/a><\/li><li>\u200b<a href=\"https:\/\/kcetb.ie\/wp-content\/uploads\/2022\/04\/PRTA_Form_Irish_201805141.pdf\">T\u00e1 Foirm Achomharc M\u00fainteora i nGaeilge ar f\u00e1il ach clice\u00e1il anseo (N\u00ed m\u00f3r an fhoirm seo a chomhl\u00e1n\u00fa le Chrome Browser).<\/a><\/li><li><a href=\"https:\/\/kcetb.ie\/wp-content\/uploads\/2022\/04\/AdviceNoteonCompletingTeacherAppealForm20181.pdf\">T\u00e1 N\u00f3ta Comhairle maidir le Foirm Achomharc M\u00fainteora 2018 a Chomhl\u00e1n\u00fa ar f\u00e1il ach clice\u00e1il anseo.<\/a><\/li><\/ul>\t\t\t\t\t\t\t\t<\/div>\n\t\t\t\t<\/div>\n\t\t\t\t\t<\/div>\n\t\t<\/div>\n\t\t\t\t\t<\/div>\n\t\t<\/section>\n\t\t\t\t<\/div>","protected":false},"excerpt":{"rendered":"<p>Back to vacancies Promotion and Appeal Procedures for appointment to Assistant Principal I, Assistant Principal II and Programme Co-ordinator Posts\u200b\u200b A revised appeal procedure for appointment to Assistant Principal I, Assistant Principal II and Programme Co-ordinator Posts in ETBs was introduced under Circular 0003 2018 \/\u00a0Ciorcl\u00e1n 0003 2018\u00a0following an extensive review process by management bodies&hellip; <a class=\"more-link\" href=\"https:\/\/kcetb.ie\/ga\/recruitment\/posts-of-responsibility-appeals\/\">Continue reading <span class=\"screen-reader-text\">Achomhairc do Phoist Freagrachta<\/span><\/a><\/p>","protected":false},"author":2,"featured_media":4305,"parent":4435,"menu_order":1,"comment_status":"closed","ping_status":"closed","template":"elementor_header_footer","meta":{"footnotes":""},"class_list":["post-4483","page","type-page","status-publish","has-post-thumbnail","hentry","entry"],"yoast_head":"<!-- This site is optimized with the Yoast SEO plugin v27.2 - https:\/\/yoast.com\/product\/yoast-seo-wordpress\/ -->\n<title>Posts of Responsibility Appeals - Kilkenny and Carlow ETB<\/title>\n<meta name=\"description\" content=\"Back to vacancies Promotion and Appeal Procedures for appointment to Assistant Principal I, Assistant Principal II and Programme Co-ordinator Posts\u200b\u200b A\" \/>\n<meta name=\"robots\" content=\"index, follow, max-snippet:-1, max-image-preview:large, max-video-preview:-1\" \/>\n<link rel=\"canonical\" href=\"https:\/\/kcetb.ie\/ga\/earcaiocht\/posts-of-responsibility-appeals\/\" \/>\n<meta property=\"og:locale\" content=\"en_US\" \/>\n<meta property=\"og:type\" content=\"article\" \/>\n<meta property=\"og:title\" content=\"Posts of Responsibility Appeals - Kilkenny and Carlow ETB\" \/>\n<meta property=\"og:description\" content=\"Back to vacancies Promotion and Appeal Procedures for appointment to Assistant Principal I, Assistant Principal II and Programme Co-ordinator Posts\u200b\u200b A\" \/>\n<meta property=\"og:url\" content=\"https:\/\/kcetb.ie\/ga\/earcaiocht\/posts-of-responsibility-appeals\/\" \/>\n<meta property=\"og:site_name\" content=\"Kilkenny and Carlow ETB\" \/>\n<meta property=\"article:modified_time\" content=\"2022-11-15T12:31:15+00:00\" \/>\n<meta property=\"og:image\" content=\"https:\/\/kcetb.ie\/wp-content\/uploads\/2022\/04\/procurement.webp\" \/>\n\t<meta property=\"og:image:width\" content=\"826\" \/>\n\t<meta property=\"og:image:height\" content=\"560\" \/>\n\t<meta property=\"og:image:type\" content=\"image\/webp\" \/>\n<meta name=\"twitter:card\" content=\"summary_large_image\" \/>\n<meta name=\"twitter:label1\" content=\"Est. reading time\" \/>\n\t<meta name=\"twitter:data1\" content=\"2 minutes\" \/>\n<script type=\"application\/ld+json\" class=\"yoast-schema-graph\">{\"@context\":\"https:\/\/schema.org\",\"@graph\":[{\"@type\":\"WebPage\",\"@id\":\"https:\/\/kcetb.ie\/recruitment\/posts-of-responsibility-appeals\/\",\"url\":\"https:\/\/kcetb.ie\/recruitment\/posts-of-responsibility-appeals\/\",\"name\":\"Posts of Responsibility Appeals - Kilkenny and Carlow ETB\",\"isPartOf\":{\"@id\":\"https:\/\/kcetb.ie\/en\/#website\"},\"primaryImageOfPage\":{\"@id\":\"https:\/\/kcetb.ie\/recruitment\/posts-of-responsibility-appeals\/#primaryimage\"},\"image\":{\"@id\":\"https:\/\/kcetb.ie\/recruitment\/posts-of-responsibility-appeals\/#primaryimage\"},\"thumbnailUrl\":\"https:\/\/kcetb.ie\/wp-content\/uploads\/2022\/04\/procurement.webp\",\"datePublished\":\"2022-04-20T18:32:39+00:00\",\"dateModified\":\"2022-11-15T12:31:15+00:00\",\"description\":\"Back to vacancies Promotion and Appeal Procedures for appointment to Assistant Principal I, Assistant Principal II and Programme Co-ordinator Posts\u200b\u200b A\",\"breadcrumb\":{\"@id\":\"https:\/\/kcetb.ie\/recruitment\/posts-of-responsibility-appeals\/#breadcrumb\"},\"inLanguage\":\"GA\",\"potentialAction\":[{\"@type\":\"ReadAction\",\"target\":[\"https:\/\/kcetb.ie\/recruitment\/posts-of-responsibility-appeals\/\"]}]},{\"@type\":\"ImageObject\",\"inLanguage\":\"GA\",\"@id\":\"https:\/\/kcetb.ie\/recruitment\/posts-of-responsibility-appeals\/#primaryimage\",\"url\":\"https:\/\/kcetb.ie\/wp-content\/uploads\/2022\/04\/procurement.webp\",\"contentUrl\":\"https:\/\/kcetb.ie\/wp-content\/uploads\/2022\/04\/procurement.webp\",\"width\":826,\"height\":560,\"caption\":\"procurement\"},{\"@type\":\"BreadcrumbList\",\"@id\":\"https:\/\/kcetb.ie\/recruitment\/posts-of-responsibility-appeals\/#breadcrumb\",\"itemListElement\":[{\"@type\":\"ListItem\",\"position\":1,\"name\":\"Home\",\"item\":\"https:\/\/kcetb.ie\/en\/\"},{\"@type\":\"ListItem\",\"position\":2,\"name\":\"Recruitment\",\"item\":\"https:\/\/kcetb.ie\/recruitment\/\"},{\"@type\":\"ListItem\",\"position\":3,\"name\":\"Posts of Responsibility Appeals\"}]},{\"@type\":\"WebSite\",\"@id\":\"https:\/\/kcetb.ie\/en\/#website\",\"url\":\"https:\/\/kcetb.ie\/en\/\",\"name\":\"Kilkenny and Carlow ETB\",\"description\":\"KCETB Kilkenny and Carlow Education and Training Board\",\"publisher\":{\"@id\":\"https:\/\/kcetb.ie\/en\/#organization\"},\"potentialAction\":[{\"@type\":\"SearchAction\",\"target\":{\"@type\":\"EntryPoint\",\"urlTemplate\":\"https:\/\/kcetb.ie\/en\/?s={search_term_string}\"},\"query-input\":{\"@type\":\"PropertyValueSpecification\",\"valueRequired\":true,\"valueName\":\"search_term_string\"}}],\"inLanguage\":\"GA\"},{\"@type\":\"Organization\",\"@id\":\"https:\/\/kcetb.ie\/en\/#organization\",\"name\":\"Kilkenny and Carlow Education and Training Board (KCETB)\",\"url\":\"https:\/\/kcetb.ie\/en\/\",\"logo\":{\"@type\":\"ImageObject\",\"inLanguage\":\"GA\",\"@id\":\"https:\/\/kcetb.ie\/en\/#\/schema\/logo\/image\/\",\"url\":\"https:\/\/kcetb.ie\/wp-content\/uploads\/2022\/02\/kcetb-logo.jpeg\",\"contentUrl\":\"https:\/\/kcetb.ie\/wp-content\/uploads\/2022\/02\/kcetb-logo.jpeg\",\"width\":664,\"height\":246,\"caption\":\"Kilkenny and Carlow Education and Training Board (KCETB)\"},\"image\":{\"@id\":\"https:\/\/kcetb.ie\/en\/#\/schema\/logo\/image\/\"}}]}<\/script>\n<!-- \/ Yoast SEO plugin. -->","yoast_head_json":{"title":"Posts of Responsibility Appeals - Kilkenny and Carlow ETB","description":"Back to vacancies Promotion and Appeal Procedures for appointment to Assistant Principal I, Assistant Principal II and Programme Co-ordinator Posts\u200b\u200b A","robots":{"index":"index","follow":"follow","max-snippet":"max-snippet:-1","max-image-preview":"max-image-preview:large","max-video-preview":"max-video-preview:-1"},"canonical":"https:\/\/kcetb.ie\/ga\/earcaiocht\/posts-of-responsibility-appeals\/","og_locale":"en_US","og_type":"article","og_title":"Posts of Responsibility Appeals - Kilkenny and Carlow ETB","og_description":"Back to vacancies Promotion and Appeal Procedures for appointment to Assistant Principal I, Assistant Principal II and Programme Co-ordinator Posts\u200b\u200b A","og_url":"https:\/\/kcetb.ie\/ga\/earcaiocht\/posts-of-responsibility-appeals\/","og_site_name":"Kilkenny and Carlow ETB","article_modified_time":"2022-11-15T12:31:15+00:00","og_image":[{"width":826,"height":560,"url":"https:\/\/kcetb.ie\/wp-content\/uploads\/2022\/04\/procurement.webp","type":"image\/webp"}],"twitter_card":"summary_large_image","twitter_misc":{"Est. reading time":"2 minutes"},"schema":{"@context":"https:\/\/schema.org","@graph":[{"@type":"WebPage","@id":"https:\/\/kcetb.ie\/recruitment\/posts-of-responsibility-appeals\/","url":"https:\/\/kcetb.ie\/recruitment\/posts-of-responsibility-appeals\/","name":"Posts of Responsibility Appeals - Kilkenny and Carlow ETB","isPartOf":{"@id":"https:\/\/kcetb.ie\/en\/#website"},"primaryImageOfPage":{"@id":"https:\/\/kcetb.ie\/recruitment\/posts-of-responsibility-appeals\/#primaryimage"},"image":{"@id":"https:\/\/kcetb.ie\/recruitment\/posts-of-responsibility-appeals\/#primaryimage"},"thumbnailUrl":"https:\/\/kcetb.ie\/wp-content\/uploads\/2022\/04\/procurement.webp","datePublished":"2022-04-20T18:32:39+00:00","dateModified":"2022-11-15T12:31:15+00:00","description":"Back to vacancies Promotion and Appeal Procedures for appointment to Assistant Principal I, Assistant Principal II and Programme Co-ordinator Posts\u200b\u200b A","breadcrumb":{"@id":"https:\/\/kcetb.ie\/recruitment\/posts-of-responsibility-appeals\/#breadcrumb"},"inLanguage":"GA","potentialAction":[{"@type":"ReadAction","target":["https:\/\/kcetb.ie\/recruitment\/posts-of-responsibility-appeals\/"]}]},{"@type":"ImageObject","inLanguage":"GA","@id":"https:\/\/kcetb.ie\/recruitment\/posts-of-responsibility-appeals\/#primaryimage","url":"https:\/\/kcetb.ie\/wp-content\/uploads\/2022\/04\/procurement.webp","contentUrl":"https:\/\/kcetb.ie\/wp-content\/uploads\/2022\/04\/procurement.webp","width":826,"height":560,"caption":"procurement"},{"@type":"BreadcrumbList","@id":"https:\/\/kcetb.ie\/recruitment\/posts-of-responsibility-appeals\/#breadcrumb","itemListElement":[{"@type":"ListItem","position":1,"name":"Home","item":"https:\/\/kcetb.ie\/en\/"},{"@type":"ListItem","position":2,"name":"Recruitment","item":"https:\/\/kcetb.ie\/recruitment\/"},{"@type":"ListItem","position":3,"name":"Posts of Responsibility Appeals"}]},{"@type":"WebSite","@id":"https:\/\/kcetb.ie\/en\/#website","url":"https:\/\/kcetb.ie\/en\/","name":"BOO Chill Chainnigh agus Cheatharlach","description":"KCETB Bord Oideachais agus Oili\u00fana Chill Chainnigh agus Cheatharlach","publisher":{"@id":"https:\/\/kcetb.ie\/en\/#organization"},"potentialAction":[{"@type":"SearchAction","target":{"@type":"EntryPoint","urlTemplate":"https:\/\/kcetb.ie\/en\/?s={search_term_string}"},"query-input":{"@type":"PropertyValueSpecification","valueRequired":true,"valueName":"search_term_string"}}],"inLanguage":"GA"},{"@type":"Organization","@id":"https:\/\/kcetb.ie\/en\/#organization","name":"Bord Oideachais agus Oili\u00fana Chill Chainnigh agus Cheatharlach (BOOCCC)","url":"https:\/\/kcetb.ie\/en\/","logo":{"@type":"ImageObject","inLanguage":"GA","@id":"https:\/\/kcetb.ie\/en\/#\/schema\/logo\/image\/","url":"https:\/\/kcetb.ie\/wp-content\/uploads\/2022\/02\/kcetb-logo.jpeg","contentUrl":"https:\/\/kcetb.ie\/wp-content\/uploads\/2022\/02\/kcetb-logo.jpeg","width":664,"height":246,"caption":"Kilkenny and Carlow Education and Training Board (KCETB)"},"image":{"@id":"https:\/\/kcetb.ie\/en\/#\/schema\/logo\/image\/"}}]}},"_links":{"self":[{"href":"https:\/\/kcetb.ie\/ga\/wp-json\/wp\/v2\/pages\/4483","targetHints":{"allow":["GET"]}}],"collection":[{"href":"https:\/\/kcetb.ie\/ga\/wp-json\/wp\/v2\/pages"}],"about":[{"href":"https:\/\/kcetb.ie\/ga\/wp-json\/wp\/v2\/types\/page"}],"author":[{"embeddable":true,"href":"https:\/\/kcetb.ie\/ga\/wp-json\/wp\/v2\/users\/2"}],"replies":[{"embeddable":true,"href":"https:\/\/kcetb.ie\/ga\/wp-json\/wp\/v2\/comments?post=4483"}],"version-history":[{"count":52,"href":"https:\/\/kcetb.ie\/ga\/wp-json\/wp\/v2\/pages\/4483\/revisions"}],"predecessor-version":[{"id":23956,"href":"https:\/\/kcetb.ie\/ga\/wp-json\/wp\/v2\/pages\/4483\/revisions\/23956"}],"up":[{"embeddable":true,"href":"https:\/\/kcetb.ie\/ga\/wp-json\/wp\/v2\/pages\/4435"}],"wp:featuredmedia":[{"embeddable":true,"href":"https:\/\/kcetb.ie\/ga\/wp-json\/wp\/v2\/media\/4305"}],"wp:attachment":[{"href":"https:\/\/kcetb.ie\/ga\/wp-json\/wp\/v2\/media?parent=4483"}],"curies":[{"name":"wp","href":"https:\/\/api.w.org\/{rel}","templated":true}]}}