{"id":4312,"date":"2022-04-15T17:47:08","date_gmt":"2022-04-15T16:47:08","guid":{"rendered":"https:\/\/kcetb.ie\/?page_id=4312"},"modified":"2026-02-19T16:34:50","modified_gmt":"2026-02-19T16:34:50","slug":"nochtuithe-cosanta","status":"publish","type":"page","link":"https:\/\/kcetb.ie\/ga\/corporate\/protected-disclosures\/","title":{"rendered":"Tuarasc\u00e1lacha Bliant\u00fala"},"content":{"rendered":"<div data-elementor-type=\"wp-page\" data-elementor-id=\"4312\" class=\"elementor elementor-4312\" data-elementor-post-type=\"page\">\n\t\t\t\t\t\t<section class=\"elementor-section elementor-top-section elementor-element elementor-element-7de4b2d elementor-section-full_width elementor-section-height-min-height elementor-section-stretched elementor-section-items-bottom elementor-section-height-default\" data-id=\"7de4b2d\" data-element_type=\"section\" data-e-type=\"section\" data-settings=\"{&quot;stretch_section&quot;:&quot;section-stretched&quot;,&quot;background_background&quot;:&quot;classic&quot;}\">\n\t\t\t\t\t\t\t<div class=\"elementor-background-overlay\"><\/div>\n\t\t\t\t\t\t\t<div class=\"elementor-container elementor-column-gap-no\">\n\t\t\t\t\t<div class=\"elementor-column elementor-col-100 elementor-top-column elementor-element elementor-element-bea2127\" data-id=\"bea2127\" data-element_type=\"column\" data-e-type=\"column\">\n\t\t\t<div class=\"elementor-widget-wrap elementor-element-populated\">\n\t\t\t\t\t\t<div class=\"elementor-element elementor-element-4e194be elementor-widget__width-inherit elementor-widget elementor-widget-heading\" data-id=\"4e194be\" data-element_type=\"widget\" data-e-type=\"widget\" data-widget_type=\"heading.default\">\n\t\t\t\t<div class=\"elementor-widget-container\">\n\t\t\t\t\t<h1 class=\"elementor-heading-title elementor-size-default\">Tuarasc\u00e1lacha Bliant\u00fala<\/h1>\t\t\t\t<\/div>\n\t\t\t\t<\/div>\n\t\t\t\t\t<\/div>\n\t\t<\/div>\n\t\t\t\t\t<\/div>\n\t\t<\/section>\n\t\t\t\t<section class=\"elementor-section elementor-top-section elementor-element elementor-element-8c68a22 elementor-section-stretched elementor-section-boxed elementor-section-height-default elementor-section-height-default\" data-id=\"8c68a22\" data-element_type=\"section\" data-e-type=\"section\" data-settings=\"{&quot;stretch_section&quot;:&quot;section-stretched&quot;}\">\n\t\t\t\t\t\t<div class=\"elementor-container elementor-column-gap-default\">\n\t\t\t\t\t<div class=\"elementor-column elementor-col-100 elementor-top-column elementor-element elementor-element-7adee06\" data-id=\"7adee06\" data-element_type=\"column\" data-e-type=\"column\">\n\t\t\t<div class=\"elementor-widget-wrap elementor-element-populated\">\n\t\t\t\t\t\t<div class=\"elementor-element elementor-element-c574914 elementor-widget elementor-widget-heading\" data-id=\"c574914\" data-element_type=\"widget\" data-e-type=\"widget\" data-widget_type=\"heading.default\">\n\t\t\t\t<div class=\"elementor-widget-container\">\n\t\t\t\t\t<h2 class=\"elementor-heading-title elementor-size-default\">An tAcht um Nochtadh Cosanta 2014 <\/h2>\t\t\t\t<\/div>\n\t\t\t\t<\/div>\n\t\t\t\t<div class=\"elementor-element elementor-element-4dad238 elementor-widget elementor-widget-text-editor\" data-id=\"4dad238\" data-element_type=\"widget\" data-e-type=\"widget\" data-widget_type=\"text-editor.default\">\n\t\t\t\t<div class=\"elementor-widget-container\">\n\t\t\t\t\t\t\t\t\t<p><span style=\"color: #000000;\">Th\u00e1inig an tAcht um Nochtadh Cosanta 2014 i bhfeidhm an 15 I\u00fail 2014. Sol\u00e1thra\u00edonn s\u00e9 creat inar f\u00e9idir le hoibrithe imn\u00ed a tharraingt anuas maidir le h\u00e9ag\u00f3ir a d\u2019fh\u00e9adfadh teacht ar a n-aird san ionad oibre agus iad ar an eolas gur f\u00e9idir leo leas a bhaint as cosaint\u00ed suntasacha m\u00e1 ghearrtar pion\u00f3s orthu le a bhfost\u00f3ir n\u00f3 aon dochar a fhulaingt mar gheall air sin a dh\u00e9anamh.<\/span><\/p><p><span style=\"color: #000000;\">Spreagann Beartas um Nochtadh Cosanta BOOCCC oibrithe chun \u00e9ag\u00f3ir fh\u00e9ideartha a thuairisci\u00fa agus iad ar an eolas go nglacfar go d\u00e1ir\u00edre lena n-imn\u00ed agus go nd\u00e9anfar imscr\u00fad\u00fa orthu, nuair is cu\u00ed, agus go n-urram\u00f3far a r\u00fandacht. Baineann an beartas le gach oibr\u00ed BCOOCC lena n-\u00e1ir\u00edtear conraitheoir\u00ed, comhairleoir\u00ed, foireann gn\u00edomhaireachta, iarfhostaithe agus int\u00e9irnigh\/oili\u00fanaithe.<\/span><\/p><p><span style=\"color: #000000;\">De r\u00e9ir fhor\u00e1lacha <em>an tAcht um Nochtadh Cosanta 2014,<\/em> t\u00e1 Liam Scott ceaptha ag BOOCCC chun nochtadh cosanta a fh\u00e1il. Is f\u00e9idir teagmh\u00e1il a dh\u00e9anamh leis ar an teileaf\u00f3n (059 9138571), tr\u00ed r\u00edomhphost (<a style=\"color: #000000;\" href=\"mailto:liam.scott@kcetb.ie\">liam.scott@kcetb.ie<\/a>), n\u00f3 tr\u00edd an bpost (BOOCCC, B\u00f3thar Bhaile \u00c1tha \u00cd, Ceatharlach).<\/span><\/p>\t\t\t\t\t\t\t\t<\/div>\n\t\t\t\t<\/div>\n\t\t\t\t<div class=\"elementor-element elementor-element-afb2dbb elementor-widget elementor-widget-button\" data-id=\"afb2dbb\" data-element_type=\"widget\" data-e-type=\"widget\" data-widget_type=\"button.default\">\n\t\t\t\t<div class=\"elementor-widget-container\">\n\t\t\t\t\t\t\t\t\t<div class=\"elementor-button-wrapper\">\n\t\t\t\t\t<a class=\"elementor-button elementor-button-link elementor-size-md\" href=\"https:\/\/kcetb.ie\/wp-content\/uploads\/2025\/06\/9.-Protected-Disclosures-Policy.pdf\" target=\"_blank\">\n\t\t\t\t\t\t<span class=\"elementor-button-content-wrapper\">\n\t\t\t\t\t\t<span class=\"elementor-button-icon\">\n\t\t\t\t<i aria-hidden=\"true\" class=\"fas fa-download\"><\/i>\t\t\t<\/span>\n\t\t\t\t\t\t\t\t\t<span class=\"elementor-button-text\">\u00cdosl\u00f3d\u00e1il an Beartas um Nochtadh Cosanta\u00a0<\/span>\n\t\t\t\t\t<\/span>\n\t\t\t\t\t<\/a>\n\t\t\t\t<\/div>\n\t\t\t\t\t\t\t\t<\/div>\n\t\t\t\t<\/div>\n\t\t\t\t\t<\/div>\n\t\t<\/div>\n\t\t\t\t\t<\/div>\n\t\t<\/section>\n\t\t\t\t<section class=\"elementor-section elementor-top-section elementor-element elementor-element-0583552 elementor-section-stretched elementor-section-boxed elementor-section-height-default elementor-section-height-default\" data-id=\"0583552\" data-element_type=\"section\" data-e-type=\"section\" data-settings=\"{&quot;stretch_section&quot;:&quot;section-stretched&quot;,&quot;background_background&quot;:&quot;classic&quot;}\">\n\t\t\t\t\t\t<div class=\"elementor-container elementor-column-gap-default\">\n\t\t\t\t\t<div class=\"elementor-column elementor-col-100 elementor-top-column elementor-element elementor-element-07345b8\" data-id=\"07345b8\" data-element_type=\"column\" data-e-type=\"column\">\n\t\t\t<div class=\"elementor-widget-wrap elementor-element-populated\">\n\t\t\t\t\t\t<div class=\"elementor-element elementor-element-e215129 elementor-widget elementor-widget-heading\" data-id=\"e215129\" data-element_type=\"widget\" data-e-type=\"widget\" data-widget_type=\"heading.default\">\n\t\t\t\t<div class=\"elementor-widget-container\">\n\t\t\t\t\t<h2 class=\"elementor-heading-title elementor-size-default\">Tuarasc\u00e1lacha Bliant\u00fala<\/h2>\t\t\t\t<\/div>\n\t\t\t\t<\/div>\n\t\t\t\t<div class=\"elementor-element elementor-element-a5c0148 elementor-widget elementor-widget-text-editor\" data-id=\"a5c0148\" data-element_type=\"widget\" data-e-type=\"widget\" data-widget_type=\"text-editor.default\">\n\t\t\t\t<div class=\"elementor-widget-container\">\n\t\t\t\t\t\t\t\t\t<p><span class=\"TextRun SCXW179747408 BCX2\" lang=\"EN-IE\" xml:lang=\"EN-IE\" data-contrast=\"none\"><span class=\"NormalTextRun SCXW179747408 BCX2\" data-ccp-parastyle=\"Normal (Web)\">Tuarasc\u00e1il bhliant\u00fail Bhord Oideachais agus Oili\u00fana Chill Chainnigh agus Cheatharlach mar a cheangla\u00edtear le hAlt 22 den Acht um Nochtadh Cosanta 2014.<\/span><\/span><\/p>\t\t\t\t\t\t\t\t<\/div>\n\t\t\t\t<\/div>\n\t\t\t\t<div class=\"elementor-element elementor-element-3baed8b elementor-widget elementor-widget-text-editor\" data-id=\"3baed8b\" data-element_type=\"widget\" data-e-type=\"widget\" data-widget_type=\"text-editor.default\">\n\t\t\t\t<div class=\"elementor-widget-container\">\n\t\t\t\t\t\t\t\t\t<h3>Protected Disclosures Annual Report 2025<\/h3><div>This report covers the period January 1st 2025 to December 31st 2025, during this time period<b> n\u00ed dhearnadh aon nochtadh cosanta<\/b>.<\/div><div>\u00a0<\/div><h3>Protected Disclosures Annual Report 2024<\/h3><div>This report covers the period January 1st 2024 to December 31st 2024, during this time period<b> n\u00ed dhearnadh aon nochtadh cosanta<\/b>.<\/div><div>\u00a0<\/div><h3>Tuarasc\u00e1il Bhliant\u00fail an Nochta Cosanta 2023<\/h3><div>Cl\u00fada\u00edonn an tuarasc\u00e1il seo an tr\u00e9imhse 1 Ean\u00e1ir 2023 go 31 Nollaig 2023, le linn na tr\u00e9imhse ama seo<b> n\u00ed dhearnadh aon nochtadh cosanta<\/b>.<\/div><div>\u00a0<\/div><h3>Tuarasc\u00e1il Bhliant\u00fail an Nochta Cosanta 2022<\/h3><div><p>Cl\u00fada\u00edonn an tuarasc\u00e1il seo an tr\u00e9imhse 1 Ean\u00e1ir 2022 go 31 Nollaig 2022, le linn na tr\u00e9imhse ama seo<b> n\u00ed dhearnadh aon nochtadh cosanta<\/b>.<\/p><\/div><h3>Tuarasc\u00e1il Bhliant\u00fail an Nochta Cosanta 2021<\/h3><p>Cl\u00fada\u00edonn an tuarasc\u00e1il seo an tr\u00e9imhse 1 Ean\u00e1ir 2021 go 31 Nollaig 2021, le linn na tr\u00e9imhse ama se<strong>\u202fn\u00ed dhearnadh aon nochtadh cosanta.<\/strong><\/p><h3>Tuarasc\u00e1il Bhliant\u00fail an Nochta Cosanta 2020<\/h3><p>Cl\u00fada\u00edonn an tuarasc\u00e1il seo an tr\u00e9imhse 1 Ean\u00e1ir 2019 go 31 Nollaig 2019, le linn na tr\u00e9imhse ama seo <strong>n\u00ed dhearnadh aon nochtadh cosanta<\/strong>.<\/p><h3>Tuarasc\u00e1il Bhliant\u00fail an Nochta Cosanta 2019<\/h3><p>Cl\u00fada\u00edonn an tuarasc\u00e1il seo an tr\u00e9imhse 1 Ean\u00e1ir 2019 go 31 Nollaig 2019, le linn na tr\u00e9imhse ama seo <strong>(1) rinneadh nochtadh cosanta amh\u00e1in.<\/strong>De bhun an cheanglais seo, deimhn\u00edonn BOOCCC leis seo go bhfuarthas tuarasc\u00e1il amh\u00e1in (1) faoin Acht um Nochtadh Cosanta le linn 2019. Rinneadh imscr\u00fad\u00fa agus measadh gur Nochtadh Cosanta \u00e9 an nochtadh de r\u00e9ir bhr\u00ed na reachta\u00edochta. Cr\u00edochna\u00edodh imscr\u00fad\u00fa faoi Bheartas um Nochtadh Cosanta BOOCCC. T\u00e1 an bhainist\u00edocht tar \u00e9is dul i ngleic leis na molta\u00ed \u00f3n tuairisc agus t\u00e1 siad ag dul i ngleic leo.<\/p><h3>Tuarasc\u00e1il Bhliant\u00fail an Nochta Cosanta 2018<\/h3><p>Cl\u00fada\u00edonn an tuarasc\u00e1il seo an tr\u00e9imhse 1 Ean\u00e1ir 2018 go 31 Nollaig 2018, le linn na tr\u00e9imhse ama seo <strong>n\u00ed dhearnadh aon nochtadh cosanta<\/strong>.<\/p><h3>Nochtadh Cosanta Tuarasc\u00e1il Bhliant\u00fail 2017<\/h3><p>Cl\u00fada\u00edonn an tuarasc\u00e1il seo an tr\u00e9imhse \u00f3n 1 Ean\u00e1ir 2017 go 31 Nollaig 2017, le linn na tr\u00e9imhse ama seo <strong>n\u00ed dhearnadh aon nochtadh cosanta<\/strong>.<\/p><h3>Nochtadh Cosanta Tuarasc\u00e1il Bhliant\u00fail 2016<\/h3><p>Cl\u00fada\u00edonn an tuarasc\u00e1il seo an tr\u00e9imhse 1 Ean\u00e1ir 2016 go 31 Nollaig 2016, le linn na tr\u00e9imhse ama seo <strong>n\u00ed dhearnadh aon nochtadh cosanta<\/strong>.<\/p><h3>Nochtadh Cosanta Tuarasc\u00e1il Bhliant\u00fail 2015<\/h3><p>Cl\u00fada\u00edonn an tuarasc\u00e1il seo an tr\u00e9imhse 1 Ean\u00e1ir 2015 go 31 Nollaig 2015, le linn na tr\u00e9imhse ama seo.<strong>n\u00ed dhearnadh aon nochtadh cosanta<\/strong>.<\/p><h3>Nochtadh Cosanta Tuarasc\u00e1il Bhliant\u00fail 2014<\/h3><p>Cl\u00fada\u00edonn an tuarasc\u00e1il seo an tr\u00e9imhse 1 Ean\u00e1ir 2014go 31 Nollaig 2014, le linn na tr\u00e9imhse ama seo <strong>n\u00ed dhearnadh aon nochtadh cosanta<\/strong>.<\/p>\t\t\t\t\t\t\t\t<\/div>\n\t\t\t\t<\/div>\n\t\t\t\t<div class=\"elementor-element elementor-element-f663829 elementor-widget elementor-widget-toggle\" data-id=\"f663829\" data-element_type=\"widget\" data-e-type=\"widget\" data-widget_type=\"toggle.default\">\n\t\t\t\t<div class=\"elementor-widget-container\">\n\t\t\t\t\t\t\t<div class=\"elementor-toggle\">\n\t\t\t\t\t\t\t<div class=\"elementor-toggle-item\">\n\t\t\t\t\t<div id=\"elementor-tab-title-2581\" class=\"elementor-tab-title\" data-tab=\"1\" role=\"button\" aria-controls=\"elementor-tab-content-2581\" aria-expanded=\"false\">\n\t\t\t\t\t\t\t\t\t\t\t\t<span class=\"elementor-toggle-icon elementor-toggle-icon-right\" aria-hidden=\"true\">\n\t\t\t\t\t\t\t\t\t\t\t\t\t\t\t<span class=\"elementor-toggle-icon-closed\"><i class=\"fas fa-caret-right\"><\/i><\/span>\n\t\t\t\t\t\t\t\t<span class=\"elementor-toggle-icon-opened\"><i class=\"elementor-toggle-icon-opened fas fa-caret-up\"><\/i><\/span>\n\t\t\t\t\t\t\t\t\t\t\t\t\t<\/span>\n\t\t\t\t\t\t\t\t\t\t\t\t<a class=\"elementor-toggle-title\" tabindex=\"0\">Tuarasc\u00e1lacha Bliant\u00fala an Nochta Cosanta<\/a>\n\t\t\t\t\t<\/div>\n\n\t\t\t\t\t<div id=\"elementor-tab-content-2581\" class=\"elementor-tab-content elementor-clearfix\" data-tab=\"1\" role=\"region\" aria-labelledby=\"elementor-tab-title-2581\"><h3>Tuarasc\u00e1il Bhliant\u00fail an Nochta Cosanta 2023<\/h3><div>Cl\u00fada\u00edonn an tuarasc\u00e1il seo an tr\u00e9imhse 1 Ean\u00e1ir 2023 go 31 Nollaig 2023, le linn na tr\u00e9imhse ama seo<b> n\u00ed dhearnadh aon nochtadh cosanta<\/b>.<\/div><div>\u00a0<\/div><h3>Tuarasc\u00e1il Bhliant\u00fail an Nochta Cosanta 2022<\/h3><div><p>Cl\u00fada\u00edonn an tuarasc\u00e1il seo an tr\u00e9imhse 1 Ean\u00e1ir 2022 go 31 Nollaig 2022, le linn na tr\u00e9imhse ama seo<b> n\u00ed dhearnadh aon nochtadh cosanta<\/b>.<\/p><\/div><h3>Tuarasc\u00e1il Bhliant\u00fail an Nochta Cosanta 2021<\/h3><p>Cl\u00fada\u00edonn an tuarasc\u00e1il seo an tr\u00e9imhse 1 Ean\u00e1ir 2021 go 31 Nollaig 2021, le linn na tr\u00e9imhse ama se<strong>\u202fn\u00ed dhearnadh aon nochtadh cosanta.<\/strong><\/p><h3>Tuarasc\u00e1il Bhliant\u00fail an Nochta Cosanta 2020<\/h3><p>Cl\u00fada\u00edonn an tuarasc\u00e1il seo an tr\u00e9imhse 1 Ean\u00e1ir 2019 go 31 Nollaig 2019, le linn na tr\u00e9imhse ama seo <strong>n\u00ed dhearnadh aon nochtadh cosanta<\/strong>.<\/p><h3>Tuarasc\u00e1il Bhliant\u00fail an Nochta Cosanta 2019<\/h3><p>Cl\u00fada\u00edonn an tuarasc\u00e1il seo an tr\u00e9imhse 1 Ean\u00e1ir 2019 go 31 Nollaig 2019, le linn na tr\u00e9imhse ama seo <strong>(1) rinneadh nochtadh cosanta amh\u00e1in.<\/strong>De bhun an cheanglais seo, deimhn\u00edonn BOOCCC leis seo go bhfuarthas tuarasc\u00e1il amh\u00e1in (1) faoin Acht um Nochtadh Cosanta le linn 2019. Rinneadh imscr\u00fad\u00fa agus measadh gur Nochtadh Cosanta \u00e9 an nochtadh de r\u00e9ir bhr\u00ed na reachta\u00edochta. Cr\u00edochna\u00edodh imscr\u00fad\u00fa faoi Bheartas um Nochtadh Cosanta BOOCCC. T\u00e1 an bhainist\u00edocht tar \u00e9is dul i ngleic leis na molta\u00ed \u00f3n tuairisc agus t\u00e1 siad ag dul i ngleic leo.<\/p><h3>Tuarasc\u00e1il Bhliant\u00fail an Nochta Cosanta 2018<\/h3><p>Cl\u00fada\u00edonn an tuarasc\u00e1il seo an tr\u00e9imhse 1 Ean\u00e1ir 2018 go 31 Nollaig 2018, le linn na tr\u00e9imhse ama seo <strong>n\u00ed dhearnadh aon nochtadh cosanta<\/strong>.<\/p><h3>Nochtadh Cosanta Tuarasc\u00e1il Bhliant\u00fail 2017<\/h3><p>Cl\u00fada\u00edonn an tuarasc\u00e1il seo an tr\u00e9imhse \u00f3n 1 Ean\u00e1ir 2017 go 31 Nollaig 2017, le linn na tr\u00e9imhse ama seo <strong>n\u00ed dhearnadh aon nochtadh cosanta<\/strong>.<\/p><h3>Nochtadh Cosanta Tuarasc\u00e1il Bhliant\u00fail 2016<\/h3><p>Cl\u00fada\u00edonn an tuarasc\u00e1il seo an tr\u00e9imhse 1 Ean\u00e1ir 2016 go 31 Nollaig 2016, le linn na tr\u00e9imhse ama seo <strong>n\u00ed dhearnadh aon nochtadh cosanta<\/strong>.<\/p><h3>Nochtadh Cosanta Tuarasc\u00e1il Bhliant\u00fail 2015<\/h3><p>Cl\u00fada\u00edonn an tuarasc\u00e1il seo an tr\u00e9imhse 1 Ean\u00e1ir 2015 go 31 Nollaig 2015, le linn na tr\u00e9imhse ama seo.<strong>n\u00ed dhearnadh aon nochtadh cosanta<\/strong>.<\/p><h3>Nochtadh Cosanta Tuarasc\u00e1il Bhliant\u00fail 2014<\/h3><p>Cl\u00fada\u00edonn an tuarasc\u00e1il seo an tr\u00e9imhse 1 Ean\u00e1ir 2014go 31 Nollaig 2014, le linn na tr\u00e9imhse ama seo <strong>n\u00ed dhearnadh aon nochtadh cosanta<\/strong>.<\/p><\/div>\n\t\t\t\t<\/div>\n\t\t\t\t\t\t\t\t<\/div>\n\t\t\t\t\t\t<\/div>\n\t\t\t\t<\/div>\n\t\t\t\t\t<\/div>\n\t\t<\/div>\n\t\t\t\t\t<\/div>\n\t\t<\/section>\n\t\t\t\t<\/div>","protected":false},"excerpt":{"rendered":"<p>Protected Disclosures Protected Disclosures Act 2014 The Protected Disclosures Act 2014 came into effect on 15 July 2014. It provides a framework within which workers can raise concerns regarding potential wrongdoing that has come to their attention in the workplace in the knowledge that they can avail of significant protections if they are penalised by&hellip; <a class=\"more-link\" href=\"https:\/\/kcetb.ie\/ga\/corporate\/protected-disclosures\/\">Continue reading <span class=\"screen-reader-text\">Tuarasc\u00e1lacha Bliant\u00fala<\/span><\/a><\/p>","protected":false},"author":2,"featured_media":4330,"parent":29,"menu_order":5,"comment_status":"closed","ping_status":"closed","template":"elementor_header_footer","meta":{"footnotes":""},"class_list":["post-4312","page","type-page","status-publish","has-post-thumbnail","hentry","entry"],"yoast_head":"<!-- This site is optimized with the Yoast SEO plugin v27.2 - https:\/\/yoast.com\/product\/yoast-seo-wordpress\/ -->\n<title>Protected Disclosures - Kilkenny and Carlow ETB<\/title>\n<meta name=\"description\" content=\"Protected Disclosures Protected Disclosures Act 2014 The Protected Disclosures Act 2014 came into effect on 15 July 2014. It provides a framework within\" \/>\n<meta name=\"robots\" content=\"index, follow, max-snippet:-1, max-image-preview:large, max-video-preview:-1\" \/>\n<link rel=\"canonical\" href=\"https:\/\/kcetb.ie\/ga\/corparaideach\/nochtuithe-cosanta\/\" \/>\n<meta property=\"og:locale\" content=\"en_US\" \/>\n<meta property=\"og:type\" content=\"article\" \/>\n<meta property=\"og:title\" content=\"Protected Disclosures - Kilkenny and Carlow ETB\" \/>\n<meta property=\"og:description\" content=\"Protected Disclosures Protected Disclosures Act 2014 The Protected Disclosures Act 2014 came into effect on 15 July 2014. It provides a framework within\" \/>\n<meta property=\"og:url\" content=\"https:\/\/kcetb.ie\/ga\/corparaideach\/nochtuithe-cosanta\/\" \/>\n<meta property=\"og:site_name\" content=\"Kilkenny and Carlow ETB\" \/>\n<meta property=\"article:modified_time\" content=\"2026-02-19T16:34:50+00:00\" \/>\n<meta property=\"og:image\" content=\"https:\/\/kcetb.ie\/wp-content\/uploads\/2022\/04\/Protected-Disclosures.webp\" \/>\n\t<meta property=\"og:image:width\" content=\"826\" \/>\n\t<meta property=\"og:image:height\" content=\"551\" \/>\n\t<meta property=\"og:image:type\" content=\"image\/webp\" \/>\n<meta name=\"twitter:card\" content=\"summary_large_image\" \/>\n<meta name=\"twitter:label1\" content=\"Est. reading time\" \/>\n\t<meta name=\"twitter:data1\" content=\"4 minutes\" \/>\n<script type=\"application\/ld+json\" class=\"yoast-schema-graph\">{\"@context\":\"https:\/\/schema.org\",\"@graph\":[{\"@type\":\"WebPage\",\"@id\":\"https:\/\/kcetb.ie\/corporate\/protected-disclosures\/\",\"url\":\"https:\/\/kcetb.ie\/corporate\/protected-disclosures\/\",\"name\":\"Protected Disclosures - Kilkenny and Carlow ETB\",\"isPartOf\":{\"@id\":\"https:\/\/kcetb.ie\/en\/#website\"},\"primaryImageOfPage\":{\"@id\":\"https:\/\/kcetb.ie\/corporate\/protected-disclosures\/#primaryimage\"},\"image\":{\"@id\":\"https:\/\/kcetb.ie\/corporate\/protected-disclosures\/#primaryimage\"},\"thumbnailUrl\":\"https:\/\/kcetb.ie\/wp-content\/uploads\/2022\/04\/Protected-Disclosures.webp\",\"datePublished\":\"2022-04-15T16:47:08+00:00\",\"dateModified\":\"2026-02-19T16:34:50+00:00\",\"description\":\"Protected Disclosures Protected Disclosures Act 2014 The Protected Disclosures Act 2014 came into effect on 15 July 2014. It provides a framework within\",\"breadcrumb\":{\"@id\":\"https:\/\/kcetb.ie\/corporate\/protected-disclosures\/#breadcrumb\"},\"inLanguage\":\"GA\",\"potentialAction\":[{\"@type\":\"ReadAction\",\"target\":[\"https:\/\/kcetb.ie\/corporate\/protected-disclosures\/\"]}]},{\"@type\":\"ImageObject\",\"inLanguage\":\"GA\",\"@id\":\"https:\/\/kcetb.ie\/corporate\/protected-disclosures\/#primaryimage\",\"url\":\"https:\/\/kcetb.ie\/wp-content\/uploads\/2022\/04\/Protected-Disclosures.webp\",\"contentUrl\":\"https:\/\/kcetb.ie\/wp-content\/uploads\/2022\/04\/Protected-Disclosures.webp\",\"width\":826,\"height\":551,\"caption\":\"Protected Disclosures\"},{\"@type\":\"BreadcrumbList\",\"@id\":\"https:\/\/kcetb.ie\/corporate\/protected-disclosures\/#breadcrumb\",\"itemListElement\":[{\"@type\":\"ListItem\",\"position\":1,\"name\":\"Home\",\"item\":\"https:\/\/kcetb.ie\/en\/\"},{\"@type\":\"ListItem\",\"position\":2,\"name\":\"Corporate\",\"item\":\"https:\/\/kcetb.ie\/corporate\/\"},{\"@type\":\"ListItem\",\"position\":3,\"name\":\"Protected Disclosures\"}]},{\"@type\":\"WebSite\",\"@id\":\"https:\/\/kcetb.ie\/en\/#website\",\"url\":\"https:\/\/kcetb.ie\/en\/\",\"name\":\"Kilkenny and Carlow ETB\",\"description\":\"KCETB Kilkenny and Carlow Education and Training Board\",\"publisher\":{\"@id\":\"https:\/\/kcetb.ie\/en\/#organization\"},\"potentialAction\":[{\"@type\":\"SearchAction\",\"target\":{\"@type\":\"EntryPoint\",\"urlTemplate\":\"https:\/\/kcetb.ie\/en\/?s={search_term_string}\"},\"query-input\":{\"@type\":\"PropertyValueSpecification\",\"valueRequired\":true,\"valueName\":\"search_term_string\"}}],\"inLanguage\":\"GA\"},{\"@type\":\"Organization\",\"@id\":\"https:\/\/kcetb.ie\/en\/#organization\",\"name\":\"Kilkenny and Carlow Education and Training Board (KCETB)\",\"url\":\"https:\/\/kcetb.ie\/en\/\",\"logo\":{\"@type\":\"ImageObject\",\"inLanguage\":\"GA\",\"@id\":\"https:\/\/kcetb.ie\/en\/#\/schema\/logo\/image\/\",\"url\":\"https:\/\/kcetb.ie\/wp-content\/uploads\/2022\/02\/kcetb-logo.jpeg\",\"contentUrl\":\"https:\/\/kcetb.ie\/wp-content\/uploads\/2022\/02\/kcetb-logo.jpeg\",\"width\":664,\"height\":246,\"caption\":\"Kilkenny and Carlow Education and Training Board (KCETB)\"},\"image\":{\"@id\":\"https:\/\/kcetb.ie\/en\/#\/schema\/logo\/image\/\"}}]}<\/script>\n<!-- \/ Yoast SEO plugin. -->","yoast_head_json":{"title":"Nochtadh Cosanta - BOO Chill Chainnigh agus Cheatharlach","description":"Protected Disclosures Protected Disclosures Act 2014 The Protected Disclosures Act 2014 came into effect on 15 July 2014. It provides a framework within","robots":{"index":"index","follow":"follow","max-snippet":"max-snippet:-1","max-image-preview":"max-image-preview:large","max-video-preview":"max-video-preview:-1"},"canonical":"https:\/\/kcetb.ie\/ga\/corparaideach\/nochtuithe-cosanta\/","og_locale":"en_US","og_type":"article","og_title":"Protected Disclosures - Kilkenny and Carlow ETB","og_description":"Protected Disclosures Protected Disclosures Act 2014 The Protected Disclosures Act 2014 came into effect on 15 July 2014. It provides a framework within","og_url":"https:\/\/kcetb.ie\/ga\/corparaideach\/nochtuithe-cosanta\/","og_site_name":"Kilkenny and Carlow ETB","article_modified_time":"2026-02-19T16:34:50+00:00","og_image":[{"width":826,"height":551,"url":"https:\/\/kcetb.ie\/wp-content\/uploads\/2022\/04\/Protected-Disclosures.webp","type":"image\/webp"}],"twitter_card":"summary_large_image","twitter_misc":{"Est. reading time":"4 minutes"},"schema":{"@context":"https:\/\/schema.org","@graph":[{"@type":"WebPage","@id":"https:\/\/kcetb.ie\/corporate\/protected-disclosures\/","url":"https:\/\/kcetb.ie\/corporate\/protected-disclosures\/","name":"Nochtadh Cosanta - BOO Chill Chainnigh agus Cheatharlach","isPartOf":{"@id":"https:\/\/kcetb.ie\/en\/#website"},"primaryImageOfPage":{"@id":"https:\/\/kcetb.ie\/corporate\/protected-disclosures\/#primaryimage"},"image":{"@id":"https:\/\/kcetb.ie\/corporate\/protected-disclosures\/#primaryimage"},"thumbnailUrl":"https:\/\/kcetb.ie\/wp-content\/uploads\/2022\/04\/Protected-Disclosures.webp","datePublished":"2022-04-15T16:47:08+00:00","dateModified":"2026-02-19T16:34:50+00:00","description":"Protected Disclosures Protected Disclosures Act 2014 The Protected Disclosures Act 2014 came into effect on 15 July 2014. It provides a framework within","breadcrumb":{"@id":"https:\/\/kcetb.ie\/corporate\/protected-disclosures\/#breadcrumb"},"inLanguage":"GA","potentialAction":[{"@type":"ReadAction","target":["https:\/\/kcetb.ie\/corporate\/protected-disclosures\/"]}]},{"@type":"ImageObject","inLanguage":"GA","@id":"https:\/\/kcetb.ie\/corporate\/protected-disclosures\/#primaryimage","url":"https:\/\/kcetb.ie\/wp-content\/uploads\/2022\/04\/Protected-Disclosures.webp","contentUrl":"https:\/\/kcetb.ie\/wp-content\/uploads\/2022\/04\/Protected-Disclosures.webp","width":826,"height":551,"caption":"Protected Disclosures"},{"@type":"BreadcrumbList","@id":"https:\/\/kcetb.ie\/corporate\/protected-disclosures\/#breadcrumb","itemListElement":[{"@type":"ListItem","position":1,"name":"Home","item":"https:\/\/kcetb.ie\/en\/"},{"@type":"ListItem","position":2,"name":"Corporate","item":"https:\/\/kcetb.ie\/corporate\/"},{"@type":"ListItem","position":3,"name":"Protected Disclosures"}]},{"@type":"WebSite","@id":"https:\/\/kcetb.ie\/en\/#website","url":"https:\/\/kcetb.ie\/en\/","name":"BOO Chill Chainnigh agus Cheatharlach","description":"KCETB Bord Oideachais agus Oili\u00fana Chill Chainnigh agus Cheatharlach","publisher":{"@id":"https:\/\/kcetb.ie\/en\/#organization"},"potentialAction":[{"@type":"SearchAction","target":{"@type":"EntryPoint","urlTemplate":"https:\/\/kcetb.ie\/en\/?s={search_term_string}"},"query-input":{"@type":"PropertyValueSpecification","valueRequired":true,"valueName":"search_term_string"}}],"inLanguage":"GA"},{"@type":"Organization","@id":"https:\/\/kcetb.ie\/en\/#organization","name":"Bord Oideachais agus Oili\u00fana Chill Chainnigh agus Cheatharlach (BOOCCC)","url":"https:\/\/kcetb.ie\/en\/","logo":{"@type":"ImageObject","inLanguage":"GA","@id":"https:\/\/kcetb.ie\/en\/#\/schema\/logo\/image\/","url":"https:\/\/kcetb.ie\/wp-content\/uploads\/2022\/02\/kcetb-logo.jpeg","contentUrl":"https:\/\/kcetb.ie\/wp-content\/uploads\/2022\/02\/kcetb-logo.jpeg","width":664,"height":246,"caption":"Kilkenny and Carlow Education and Training Board (KCETB)"},"image":{"@id":"https:\/\/kcetb.ie\/en\/#\/schema\/logo\/image\/"}}]}},"_links":{"self":[{"href":"https:\/\/kcetb.ie\/ga\/wp-json\/wp\/v2\/pages\/4312","targetHints":{"allow":["GET"]}}],"collection":[{"href":"https:\/\/kcetb.ie\/ga\/wp-json\/wp\/v2\/pages"}],"about":[{"href":"https:\/\/kcetb.ie\/ga\/wp-json\/wp\/v2\/types\/page"}],"author":[{"embeddable":true,"href":"https:\/\/kcetb.ie\/ga\/wp-json\/wp\/v2\/users\/2"}],"replies":[{"embeddable":true,"href":"https:\/\/kcetb.ie\/ga\/wp-json\/wp\/v2\/comments?post=4312"}],"version-history":[{"count":172,"href":"https:\/\/kcetb.ie\/ga\/wp-json\/wp\/v2\/pages\/4312\/revisions"}],"predecessor-version":[{"id":33000,"href":"https:\/\/kcetb.ie\/ga\/wp-json\/wp\/v2\/pages\/4312\/revisions\/33000"}],"up":[{"embeddable":true,"href":"https:\/\/kcetb.ie\/ga\/wp-json\/wp\/v2\/pages\/29"}],"wp:featuredmedia":[{"embeddable":true,"href":"https:\/\/kcetb.ie\/ga\/wp-json\/wp\/v2\/media\/4330"}],"wp:attachment":[{"href":"https:\/\/kcetb.ie\/ga\/wp-json\/wp\/v2\/media?parent=4312"}],"curies":[{"name":"wp","href":"https:\/\/api.w.org\/{rel}","templated":true}]}}