{"id":4290,"date":"2022-04-15T17:40:23","date_gmt":"2022-04-15T16:40:23","guid":{"rendered":"https:\/\/kcetb.ie\/?page_id=4290"},"modified":"2025-07-24T14:56:46","modified_gmt":"2025-07-24T13:56:46","slug":"solathar-faisneis","status":"publish","type":"page","link":"https:\/\/kcetb.ie\/ga\/corporate\/procurement-information\/","title":{"rendered":"Eolas Sol\u00e1thair"},"content":{"rendered":"<div data-elementor-type=\"wp-page\" data-elementor-id=\"4290\" class=\"elementor elementor-4290\" data-elementor-post-type=\"page\">\n\t\t\t\t\t\t<section class=\"elementor-section elementor-top-section elementor-element elementor-element-7de4b2d elementor-section-full_width elementor-section-height-min-height elementor-section-stretched elementor-section-items-bottom elementor-section-height-default\" data-id=\"7de4b2d\" data-element_type=\"section\" data-e-type=\"section\" data-settings=\"{&quot;stretch_section&quot;:&quot;section-stretched&quot;,&quot;background_background&quot;:&quot;classic&quot;}\">\n\t\t\t\t\t\t\t<div class=\"elementor-background-overlay\"><\/div>\n\t\t\t\t\t\t\t<div class=\"elementor-container elementor-column-gap-no\">\n\t\t\t\t\t<div class=\"elementor-column elementor-col-100 elementor-top-column elementor-element elementor-element-bea2127\" data-id=\"bea2127\" data-element_type=\"column\" data-e-type=\"column\">\n\t\t\t<div class=\"elementor-widget-wrap elementor-element-populated\">\n\t\t\t\t\t\t<div class=\"elementor-element elementor-element-4e194be elementor-widget__width-inherit elementor-widget elementor-widget-heading\" data-id=\"4e194be\" data-element_type=\"widget\" data-e-type=\"widget\" data-widget_type=\"heading.default\">\n\t\t\t\t<div class=\"elementor-widget-container\">\n\t\t\t\t\t<h1 class=\"elementor-heading-title elementor-size-default\">Eolas Sol\u00e1thair<\/h1>\t\t\t\t<\/div>\n\t\t\t\t<\/div>\n\t\t\t\t\t<\/div>\n\t\t<\/div>\n\t\t\t\t\t<\/div>\n\t\t<\/section>\n\t\t\t\t<section class=\"elementor-section elementor-top-section elementor-element elementor-element-8c68a22 elementor-section-stretched elementor-section-boxed elementor-section-height-default elementor-section-height-default\" data-id=\"8c68a22\" data-element_type=\"section\" data-e-type=\"section\" data-settings=\"{&quot;stretch_section&quot;:&quot;section-stretched&quot;}\">\n\t\t\t\t\t\t<div class=\"elementor-container elementor-column-gap-default\">\n\t\t\t\t\t<div class=\"elementor-column elementor-col-100 elementor-top-column elementor-element elementor-element-7adee06\" data-id=\"7adee06\" data-element_type=\"column\" data-e-type=\"column\">\n\t\t\t<div class=\"elementor-widget-wrap elementor-element-populated\">\n\t\t\t\t\t\t<div class=\"elementor-element elementor-element-026d3d1 elementor-widget elementor-widget-menu-anchor\" data-id=\"026d3d1\" data-element_type=\"widget\" data-e-type=\"widget\" data-widget_type=\"menu-anchor.default\">\n\t\t\t\t<div class=\"elementor-widget-container\">\n\t\t\t\t\t\t\t<div class=\"elementor-menu-anchor\" id=\"content\"><\/div>\n\t\t\t\t\t\t<\/div>\n\t\t\t\t<\/div>\n\t\t\t\t<div class=\"elementor-element elementor-element-4dad238 elementor-widget elementor-widget-text-editor\" data-id=\"4dad238\" data-element_type=\"widget\" data-e-type=\"widget\" data-widget_type=\"text-editor.default\">\n\t\t\t\t<div class=\"elementor-widget-container\">\n\t\t\t\t\t\t\t\t\t<p>Is f\u00e9idir Sol\u00e1thar Poibl\u00ed a shaini\u00fa mar \u00e9ad\u00e1il, cib\u00e9 acu faoi chonradh foirmi\u00fail n\u00f3 nach ea, oibreacha, sol\u00e1thairt\u00ed agus seirbh\u00eds\u00ed ag comhlachta\u00ed poibl\u00ed. R\u00e9ims\u00edonn s\u00e9 \u00f3 ghn\u00e1thshol\u00e1thairt\u00ed n\u00f3 seirbh\u00eds\u00ed a cheannach, go tairiscint fhoirmi\u00fail agus conartha\u00ed a chur i bhfeidhm do thionscadail mh\u00f3ra bhonneagair ag raon leathan agus \u00e9ags\u00fail d\u2019\u00fadar\u00e1is conartha\u00ed.<\/p><p>T\u00e1 s\u00e9 mar aidhm ag BOOCCC an luach is fearr ar airgead a fh\u00e1il chun na hearra\u00ed agus na seirbh\u00eds\u00ed a theasta\u00edonn uaidh a shol\u00e1thar. Comhl\u00edonaimid rialacha agus rialach\u00e1in sol\u00e1thair phoibl\u00ed agus n\u00f3sanna imeachta ceannaigh inmhe\u00e1nacha.<\/p><p>Bhain BOOCCC leas as roinnt Creat-Chomhaontuithe mar a bhunaigh an Oifig um Shol\u00e1thar Rialtais (OGP). D\u00edr\u00edonn an OGP go pr\u00edomha ar chreat-chonartha\u00ed a bhun\u00fa agus a bhainisti\u00fa le haghaidh earra\u00ed agus seirbh\u00eds\u00ed a \u00fas\u00e1idtear go forleathan ar fud gach earn\u00e1la seirbh\u00edse poibl\u00ed. I gc\u00e1s nach bhfuil aon Chreat bunaithe ag an OGP, f\u00e9adfaidh BOOCCC a chreat f\u00e9in a bhun\u00fa, ag brath ar n\u00e1d\u00far an chonartha. T\u00e1 conartha\u00ed iomad\u00fala i bhfeidhm ag BOOCCC chun earra\u00ed agus seirbh\u00eds\u00ed \u00e1irithe a shol\u00e1thar, bunaithe ar na tairseacha a leagtar amach th\u00edos i rith na bliana.<\/p>\t\t\t\t\t\t\t\t<\/div>\n\t\t\t\t<\/div>\n\t\t\t\t<div class=\"elementor-element elementor-element-0e30374 elementor-widget elementor-widget-button\" data-id=\"0e30374\" data-element_type=\"widget\" data-e-type=\"widget\" data-widget_type=\"button.default\">\n\t\t\t\t<div class=\"elementor-widget-container\">\n\t\t\t\t\t\t\t\t\t<div class=\"elementor-button-wrapper\">\n\t\t\t\t\t<a class=\"elementor-button elementor-button-link elementor-size-md\" href=\"https:\/\/kcetb.ie\/wp-content\/uploads\/2024\/12\/Summary-of-thresholds-procurement-1224.pdf\" target=\"_blank\">\n\t\t\t\t\t\t<span class=\"elementor-button-content-wrapper\">\n\t\t\t\t\t\t<span class=\"elementor-button-icon\">\n\t\t\t\t<i aria-hidden=\"true\" class=\"fas fa-download\"><\/i>\t\t\t<\/span>\n\t\t\t\t\t\t\t\t\t<span class=\"elementor-button-text\">Download the Procurement Thresholds Jan 2024<\/span>\n\t\t\t\t\t<\/span>\n\t\t\t\t\t<\/a>\n\t\t\t\t<\/div>\n\t\t\t\t\t\t\t\t<\/div>\n\t\t\t\t<\/div>\n\t\t\t\t\t<\/div>\n\t\t<\/div>\n\t\t\t\t\t<\/div>\n\t\t<\/section>\n\t\t\t\t<section class=\"elementor-section elementor-top-section elementor-element elementor-element-0583552 elementor-section-stretched elementor-section-boxed elementor-section-height-default elementor-section-height-default\" data-id=\"0583552\" data-element_type=\"section\" data-e-type=\"section\" data-settings=\"{&quot;stretch_section&quot;:&quot;section-stretched&quot;,&quot;background_background&quot;:&quot;classic&quot;}\">\n\t\t\t\t\t\t<div class=\"elementor-container elementor-column-gap-default\">\n\t\t\t\t\t<div class=\"elementor-column elementor-col-100 elementor-top-column elementor-element elementor-element-07345b8\" data-id=\"07345b8\" data-element_type=\"column\" data-e-type=\"column\">\n\t\t\t<div class=\"elementor-widget-wrap elementor-element-populated\">\n\t\t\t\t\t\t<div class=\"elementor-element elementor-element-64dc14d elementor-widget elementor-widget-heading\" data-id=\"64dc14d\" data-element_type=\"widget\" data-e-type=\"widget\" data-widget_type=\"heading.default\">\n\t\t\t\t<div class=\"elementor-widget-container\">\n\t\t\t\t\t<h4 class=\"elementor-heading-title elementor-size-default\">Tairiscint\u00ed Reatha<\/h4>\t\t\t\t<\/div>\n\t\t\t\t<\/div>\n\t\t\t\t<section class=\"elementor-section elementor-inner-section elementor-element elementor-element-54dc1ee elementor-section-boxed elementor-section-height-default elementor-section-height-default\" data-id=\"54dc1ee\" data-element_type=\"section\" data-e-type=\"section\">\n\t\t\t\t\t\t<div class=\"elementor-container elementor-column-gap-default\">\n\t\t\t\t\t<div class=\"elementor-column elementor-col-100 elementor-inner-column elementor-element elementor-element-8234f80\" data-id=\"8234f80\" data-element_type=\"column\" data-e-type=\"column\" data-settings=\"{&quot;background_background&quot;:&quot;classic&quot;}\">\n\t\t\t<div class=\"elementor-widget-wrap elementor-element-populated\">\n\t\t\t\t\t\t<div class=\"elementor-element elementor-element-c0260ab elementor-widget elementor-widget-text-editor\" data-id=\"c0260ab\" data-element_type=\"widget\" data-e-type=\"widget\" data-widget_type=\"text-editor.default\">\n\t\t\t\t<div class=\"elementor-widget-container\">\n\t\t\t\t\t\t\t\t\t<p><strong>F\u00f3gra T\u00e1bhachtach do gach sol\u00e1thr\u00f3ir earra\u00ed, oibreacha agus seirbh\u00eds\u00ed do<\/strong> <strong>Bord Oideachais agus Oili\u00fana Chill Chainnigh agus Cheatharlach (BOOCCC)<\/strong><\/p><p><strong>\u00a0<\/strong><strong>T\u00e1 eTenders ag athr\u00fa<\/strong><\/p>\t\t\t\t\t\t\t\t<\/div>\n\t\t\t\t<\/div>\n\t\t\t\t<div class=\"elementor-element elementor-element-6502f24 elementor-align-center elementor-widget elementor-widget-button\" data-id=\"6502f24\" data-element_type=\"widget\" data-e-type=\"widget\" data-widget_type=\"button.default\">\n\t\t\t\t<div class=\"elementor-widget-container\">\n\t\t\t\t\t\t\t\t\t<div class=\"elementor-button-wrapper\">\n\t\t\t\t\t<a class=\"elementor-button elementor-button-link elementor-size-md\" href=\"https:\/\/kcetb.ie\/wp-content\/uploads\/2023\/06\/Fogra-Tabhachtach-do-gach-solathroir-earrai-oibreacha-agus-seirbhisi-do-BOOCCC.pdf\" target=\"_blank\">\n\t\t\t\t\t\t<span class=\"elementor-button-content-wrapper\">\n\t\t\t\t\t\t<span class=\"elementor-button-icon\">\n\t\t\t\t<i aria-hidden=\"true\" class=\"far fa-arrow-alt-circle-right\"><\/i>\t\t\t<\/span>\n\t\t\t\t\t\t\t\t\t<span class=\"elementor-button-text\">Clice\u00e1il anseo chun tuilleadh eolais a fh\u00e1il<\/span>\n\t\t\t\t\t<\/span>\n\t\t\t\t\t<\/a>\n\t\t\t\t<\/div>\n\t\t\t\t\t\t\t\t<\/div>\n\t\t\t\t<\/div>\n\t\t\t\t\t<\/div>\n\t\t<\/div>\n\t\t\t\t\t<\/div>\n\t\t<\/section>\n\t\t\t\t\t<\/div>\n\t\t<\/div>\n\t\t\t\t\t<\/div>\n\t\t<\/section>\n\t\t\t\t<\/div>","protected":false},"excerpt":{"rendered":"<p>Public Procurement can be defined as the acquisition, whether under formal contract or not, of works, supplies and services by public bodies. It ranges from the purchase of routine supplies or services, to formal tendering and placing contracts for large infrastructural projects by a wide and diverse range of contracting authorities. KCETB aims to obtain&hellip; <a class=\"more-link\" href=\"https:\/\/kcetb.ie\/ga\/corporate\/procurement-information\/\">Continue reading <span class=\"screen-reader-text\">Eolas Sol\u00e1thair<\/span><\/a><\/p>","protected":false},"author":2,"featured_media":4305,"parent":29,"menu_order":4,"comment_status":"closed","ping_status":"closed","template":"elementor_header_footer","meta":{"footnotes":""},"class_list":["post-4290","page","type-page","status-publish","has-post-thumbnail","hentry","entry"],"yoast_head":"<!-- This site is optimized with the Yoast SEO plugin v27.2 - https:\/\/yoast.com\/product\/yoast-seo-wordpress\/ -->\n<title>Procurement Information - Kilkenny and Carlow ETB<\/title>\n<meta name=\"description\" content=\"Public Procurement can be defined as the acquisition, whether under formal contract or not, of works, supplies and services by public bodies. It ranges\" \/>\n<meta name=\"robots\" content=\"index, follow, max-snippet:-1, max-image-preview:large, max-video-preview:-1\" \/>\n<link rel=\"canonical\" href=\"https:\/\/kcetb.ie\/ga\/corparaideach\/solathar-faisneis\/\" \/>\n<meta property=\"og:locale\" content=\"en_US\" \/>\n<meta property=\"og:type\" content=\"article\" \/>\n<meta property=\"og:title\" content=\"Procurement Information - Kilkenny and Carlow ETB\" \/>\n<meta property=\"og:description\" content=\"Public Procurement can be defined as the acquisition, whether under formal contract or not, of works, supplies and services by public bodies. It ranges\" \/>\n<meta property=\"og:url\" content=\"https:\/\/kcetb.ie\/ga\/corparaideach\/solathar-faisneis\/\" \/>\n<meta property=\"og:site_name\" content=\"Kilkenny and Carlow ETB\" \/>\n<meta property=\"article:modified_time\" content=\"2025-07-24T13:56:46+00:00\" \/>\n<meta property=\"og:image\" content=\"https:\/\/kcetb.ie\/wp-content\/uploads\/2022\/04\/procurement.webp\" \/>\n\t<meta property=\"og:image:width\" content=\"826\" \/>\n\t<meta property=\"og:image:height\" content=\"560\" \/>\n\t<meta property=\"og:image:type\" content=\"image\/webp\" \/>\n<meta name=\"twitter:card\" content=\"summary_large_image\" \/>\n<meta name=\"twitter:label1\" content=\"Est. reading time\" \/>\n\t<meta name=\"twitter:data1\" content=\"1 minute\" \/>\n<script type=\"application\/ld+json\" class=\"yoast-schema-graph\">{\"@context\":\"https:\/\/schema.org\",\"@graph\":[{\"@type\":\"WebPage\",\"@id\":\"https:\/\/kcetb.ie\/en\/corporate\/procurement-information\/\",\"url\":\"https:\/\/kcetb.ie\/en\/corporate\/procurement-information\/\",\"name\":\"Procurement Information - Kilkenny and Carlow ETB\",\"isPartOf\":{\"@id\":\"https:\/\/kcetb.ie\/en\/#website\"},\"primaryImageOfPage\":{\"@id\":\"https:\/\/kcetb.ie\/en\/corporate\/procurement-information\/#primaryimage\"},\"image\":{\"@id\":\"https:\/\/kcetb.ie\/en\/corporate\/procurement-information\/#primaryimage\"},\"thumbnailUrl\":\"https:\/\/kcetb.ie\/wp-content\/uploads\/2022\/04\/procurement.webp\",\"datePublished\":\"2022-04-15T16:40:23+00:00\",\"dateModified\":\"2025-07-24T13:56:46+00:00\",\"description\":\"Public Procurement can be defined as the acquisition, whether under formal contract or not, of works, supplies and services by public bodies. It ranges\",\"breadcrumb\":{\"@id\":\"https:\/\/kcetb.ie\/en\/corporate\/procurement-information\/#breadcrumb\"},\"inLanguage\":\"GA\",\"potentialAction\":[{\"@type\":\"ReadAction\",\"target\":[\"https:\/\/kcetb.ie\/en\/corporate\/procurement-information\/\"]}]},{\"@type\":\"ImageObject\",\"inLanguage\":\"GA\",\"@id\":\"https:\/\/kcetb.ie\/en\/corporate\/procurement-information\/#primaryimage\",\"url\":\"https:\/\/kcetb.ie\/wp-content\/uploads\/2022\/04\/procurement.webp\",\"contentUrl\":\"https:\/\/kcetb.ie\/wp-content\/uploads\/2022\/04\/procurement.webp\",\"width\":826,\"height\":560,\"caption\":\"procurement\"},{\"@type\":\"BreadcrumbList\",\"@id\":\"https:\/\/kcetb.ie\/en\/corporate\/procurement-information\/#breadcrumb\",\"itemListElement\":[{\"@type\":\"ListItem\",\"position\":1,\"name\":\"Home\",\"item\":\"https:\/\/kcetb.ie\/en\/\"},{\"@type\":\"ListItem\",\"position\":2,\"name\":\"Corporate\",\"item\":\"https:\/\/kcetb.ie\/corporate\/\"},{\"@type\":\"ListItem\",\"position\":3,\"name\":\"Procurement Information\"}]},{\"@type\":\"WebSite\",\"@id\":\"https:\/\/kcetb.ie\/en\/#website\",\"url\":\"https:\/\/kcetb.ie\/en\/\",\"name\":\"Kilkenny and Carlow ETB\",\"description\":\"KCETB Kilkenny and Carlow Education and Training Board\",\"publisher\":{\"@id\":\"https:\/\/kcetb.ie\/en\/#organization\"},\"potentialAction\":[{\"@type\":\"SearchAction\",\"target\":{\"@type\":\"EntryPoint\",\"urlTemplate\":\"https:\/\/kcetb.ie\/en\/?s={search_term_string}\"},\"query-input\":{\"@type\":\"PropertyValueSpecification\",\"valueRequired\":true,\"valueName\":\"search_term_string\"}}],\"inLanguage\":\"GA\"},{\"@type\":\"Organization\",\"@id\":\"https:\/\/kcetb.ie\/en\/#organization\",\"name\":\"Kilkenny and Carlow Education and Training Board (KCETB)\",\"url\":\"https:\/\/kcetb.ie\/en\/\",\"logo\":{\"@type\":\"ImageObject\",\"inLanguage\":\"GA\",\"@id\":\"https:\/\/kcetb.ie\/en\/#\/schema\/logo\/image\/\",\"url\":\"https:\/\/kcetb.ie\/wp-content\/uploads\/2022\/02\/kcetb-logo.jpeg\",\"contentUrl\":\"https:\/\/kcetb.ie\/wp-content\/uploads\/2022\/02\/kcetb-logo.jpeg\",\"width\":664,\"height\":246,\"caption\":\"Kilkenny and Carlow Education and Training Board (KCETB)\"},\"image\":{\"@id\":\"https:\/\/kcetb.ie\/en\/#\/schema\/logo\/image\/\"}}]}<\/script>\n<!-- \/ Yoast SEO plugin. -->","yoast_head_json":{"title":"Eolas Sol\u00e1thair - BOO Chill Chainnigh agus Cheatharlach","description":"Is f\u00e9idir Sol\u00e1thar Poibl\u00ed a shaini\u00fa mar \u00e9ad\u00e1il, cib\u00e9 acu faoi chonradh foirmi\u00fail n\u00f3 nach ea, oibreacha, sol\u00e1thairt\u00ed agus seirbh\u00eds\u00ed ag comhlachta\u00ed poibl\u00ed. raonta s\u00e9","robots":{"index":"index","follow":"follow","max-snippet":"max-snippet:-1","max-image-preview":"max-image-preview:large","max-video-preview":"max-video-preview:-1"},"canonical":"https:\/\/kcetb.ie\/ga\/corparaideach\/solathar-faisneis\/","og_locale":"en_US","og_type":"article","og_title":"Procurement Information - Kilkenny and Carlow ETB","og_description":"Public Procurement can be defined as the acquisition, whether under formal contract or not, of works, supplies and services by public bodies. It ranges","og_url":"https:\/\/kcetb.ie\/ga\/corparaideach\/solathar-faisneis\/","og_site_name":"Kilkenny and Carlow ETB","article_modified_time":"2025-07-24T13:56:46+00:00","og_image":[{"width":826,"height":560,"url":"https:\/\/kcetb.ie\/wp-content\/uploads\/2022\/04\/procurement.webp","type":"image\/webp"}],"twitter_card":"summary_large_image","twitter_misc":{"Est. reading time":"1 minute"},"schema":{"@context":"https:\/\/schema.org","@graph":[{"@type":"WebPage","@id":"https:\/\/kcetb.ie\/en\/corporate\/procurement-information\/","url":"https:\/\/kcetb.ie\/en\/corporate\/procurement-information\/","name":"Eolas Sol\u00e1thair - BOO Chill Chainnigh agus Cheatharlach","isPartOf":{"@id":"https:\/\/kcetb.ie\/en\/#website"},"primaryImageOfPage":{"@id":"https:\/\/kcetb.ie\/en\/corporate\/procurement-information\/#primaryimage"},"image":{"@id":"https:\/\/kcetb.ie\/en\/corporate\/procurement-information\/#primaryimage"},"thumbnailUrl":"https:\/\/kcetb.ie\/wp-content\/uploads\/2022\/04\/procurement.webp","datePublished":"2022-04-15T16:40:23+00:00","dateModified":"2025-07-24T13:56:46+00:00","description":"Is f\u00e9idir Sol\u00e1thar Poibl\u00ed a shaini\u00fa mar \u00e9ad\u00e1il, cib\u00e9 acu faoi chonradh foirmi\u00fail n\u00f3 nach ea, oibreacha, sol\u00e1thairt\u00ed agus seirbh\u00eds\u00ed ag comhlachta\u00ed poibl\u00ed. raonta s\u00e9","breadcrumb":{"@id":"https:\/\/kcetb.ie\/en\/corporate\/procurement-information\/#breadcrumb"},"inLanguage":"GA","potentialAction":[{"@type":"ReadAction","target":["https:\/\/kcetb.ie\/en\/corporate\/procurement-information\/"]}]},{"@type":"ImageObject","inLanguage":"GA","@id":"https:\/\/kcetb.ie\/en\/corporate\/procurement-information\/#primaryimage","url":"https:\/\/kcetb.ie\/wp-content\/uploads\/2022\/04\/procurement.webp","contentUrl":"https:\/\/kcetb.ie\/wp-content\/uploads\/2022\/04\/procurement.webp","width":826,"height":560,"caption":"procurement"},{"@type":"BreadcrumbList","@id":"https:\/\/kcetb.ie\/en\/corporate\/procurement-information\/#breadcrumb","itemListElement":[{"@type":"ListItem","position":1,"name":"Home","item":"https:\/\/kcetb.ie\/en\/"},{"@type":"ListItem","position":2,"name":"Corporate","item":"https:\/\/kcetb.ie\/corporate\/"},{"@type":"ListItem","position":3,"name":"Procurement Information"}]},{"@type":"WebSite","@id":"https:\/\/kcetb.ie\/en\/#website","url":"https:\/\/kcetb.ie\/en\/","name":"BOO Chill Chainnigh agus Cheatharlach","description":"KCETB Bord Oideachais agus Oili\u00fana Chill Chainnigh agus Cheatharlach","publisher":{"@id":"https:\/\/kcetb.ie\/en\/#organization"},"potentialAction":[{"@type":"SearchAction","target":{"@type":"EntryPoint","urlTemplate":"https:\/\/kcetb.ie\/en\/?s={search_term_string}"},"query-input":{"@type":"PropertyValueSpecification","valueRequired":true,"valueName":"search_term_string"}}],"inLanguage":"GA"},{"@type":"Organization","@id":"https:\/\/kcetb.ie\/en\/#organization","name":"Bord Oideachais agus Oili\u00fana Chill Chainnigh agus Cheatharlach (BOOCCC)","url":"https:\/\/kcetb.ie\/en\/","logo":{"@type":"ImageObject","inLanguage":"GA","@id":"https:\/\/kcetb.ie\/en\/#\/schema\/logo\/image\/","url":"https:\/\/kcetb.ie\/wp-content\/uploads\/2022\/02\/kcetb-logo.jpeg","contentUrl":"https:\/\/kcetb.ie\/wp-content\/uploads\/2022\/02\/kcetb-logo.jpeg","width":664,"height":246,"caption":"Kilkenny and Carlow Education and Training Board (KCETB)"},"image":{"@id":"https:\/\/kcetb.ie\/en\/#\/schema\/logo\/image\/"}}]}},"_links":{"self":[{"href":"https:\/\/kcetb.ie\/ga\/wp-json\/wp\/v2\/pages\/4290","targetHints":{"allow":["GET"]}}],"collection":[{"href":"https:\/\/kcetb.ie\/ga\/wp-json\/wp\/v2\/pages"}],"about":[{"href":"https:\/\/kcetb.ie\/ga\/wp-json\/wp\/v2\/types\/page"}],"author":[{"embeddable":true,"href":"https:\/\/kcetb.ie\/ga\/wp-json\/wp\/v2\/users\/2"}],"replies":[{"embeddable":true,"href":"https:\/\/kcetb.ie\/ga\/wp-json\/wp\/v2\/comments?post=4290"}],"version-history":[{"count":109,"href":"https:\/\/kcetb.ie\/ga\/wp-json\/wp\/v2\/pages\/4290\/revisions"}],"predecessor-version":[{"id":32234,"href":"https:\/\/kcetb.ie\/ga\/wp-json\/wp\/v2\/pages\/4290\/revisions\/32234"}],"up":[{"embeddable":true,"href":"https:\/\/kcetb.ie\/ga\/wp-json\/wp\/v2\/pages\/29"}],"wp:featuredmedia":[{"embeddable":true,"href":"https:\/\/kcetb.ie\/ga\/wp-json\/wp\/v2\/media\/4305"}],"wp:attachment":[{"href":"https:\/\/kcetb.ie\/ga\/wp-json\/wp\/v2\/media?parent=4290"}],"curies":[{"name":"wp","href":"https:\/\/api.w.org\/{rel}","templated":true}]}}