{"id":2816,"date":"2022-03-30T14:35:29","date_gmt":"2022-03-30T13:35:29","guid":{"rendered":"https:\/\/kcetb.ie\/?page_id=2816"},"modified":"2022-10-04T16:23:51","modified_gmt":"2022-10-04T15:23:51","slug":"feidhmeanna-oige-oifige","status":"publish","type":"page","link":"https:\/\/kcetb.ie\/ga\/youth\/youth-office-functions\/","title":{"rendered":"Feidhmeanna oifige \u00f3ige"},"content":{"rendered":"<div data-elementor-type=\"wp-page\" data-elementor-id=\"2816\" class=\"elementor elementor-2816\" data-elementor-post-type=\"page\">\n\t\t\t\t\t\t<section class=\"elementor-section elementor-top-section elementor-element elementor-element-65a5268 elementor-section-full_width elementor-section-height-min-height elementor-section-stretched elementor-section-items-bottom elementor-section-height-default\" data-id=\"65a5268\" data-element_type=\"section\" data-e-type=\"section\" data-settings=\"{&quot;stretch_section&quot;:&quot;section-stretched&quot;,&quot;background_background&quot;:&quot;classic&quot;}\">\n\t\t\t\t\t\t\t<div class=\"elementor-background-overlay\"><\/div>\n\t\t\t\t\t\t\t<div class=\"elementor-container elementor-column-gap-no\">\n\t\t\t\t\t<div class=\"elementor-column elementor-col-100 elementor-top-column elementor-element elementor-element-1cb8ec9\" data-id=\"1cb8ec9\" data-element_type=\"column\" data-e-type=\"column\">\n\t\t\t<div class=\"elementor-widget-wrap elementor-element-populated\">\n\t\t\t\t\t\t<div class=\"elementor-element elementor-element-7ac265b elementor-widget__width-inherit elementor-widget elementor-widget-heading\" data-id=\"7ac265b\" data-element_type=\"widget\" data-e-type=\"widget\" data-widget_type=\"heading.default\">\n\t\t\t\t<div class=\"elementor-widget-container\">\n\t\t\t\t\t<h1 class=\"elementor-heading-title elementor-size-default\">Feidhmeanna oifige \u00f3ige<\/h1>\t\t\t\t<\/div>\n\t\t\t\t<\/div>\n\t\t\t\t\t<\/div>\n\t\t<\/div>\n\t\t\t\t\t<\/div>\n\t\t<\/section>\n\t\t\t\t<section class=\"elementor-section elementor-top-section elementor-element elementor-element-f3733fc elementor-section-stretched elementor-section-boxed elementor-section-height-default elementor-section-height-default\" data-id=\"f3733fc\" data-element_type=\"section\" data-e-type=\"section\" data-settings=\"{&quot;stretch_section&quot;:&quot;section-stretched&quot;}\">\n\t\t\t\t\t\t<div class=\"elementor-container elementor-column-gap-default\">\n\t\t\t\t\t<div class=\"elementor-column elementor-col-100 elementor-top-column elementor-element elementor-element-a73a38b\" data-id=\"a73a38b\" data-element_type=\"column\" data-e-type=\"column\">\n\t\t\t<div class=\"elementor-widget-wrap elementor-element-populated\">\n\t\t\t\t\t\t<div class=\"elementor-element elementor-element-1b1d767 elementor-widget elementor-widget-menu-anchor\" data-id=\"1b1d767\" data-element_type=\"widget\" data-e-type=\"widget\" data-widget_type=\"menu-anchor.default\">\n\t\t\t\t<div class=\"elementor-widget-container\">\n\t\t\t\t\t\t\t<div class=\"elementor-menu-anchor\" id=\"content\"><\/div>\n\t\t\t\t\t\t<\/div>\n\t\t\t\t<\/div>\n\t\t\t\t<section class=\"elementor-section elementor-inner-section elementor-element elementor-element-bcda146 elementor-section-boxed elementor-section-height-default elementor-section-height-default\" data-id=\"bcda146\" data-element_type=\"section\" data-e-type=\"section\">\n\t\t\t\t\t\t<div class=\"elementor-container elementor-column-gap-default\">\n\t\t\t\t\t<div class=\"elementor-column elementor-col-100 elementor-inner-column elementor-element elementor-element-33532e6\" data-id=\"33532e6\" data-element_type=\"column\" data-e-type=\"column\">\n\t\t\t<div class=\"elementor-widget-wrap elementor-element-populated\">\n\t\t\t\t\t\t<div class=\"elementor-element elementor-element-ad1493c elementor-widget elementor-widget-text-editor\" data-id=\"ad1493c\" data-element_type=\"widget\" data-e-type=\"widget\" data-widget_type=\"text-editor.default\">\n\t\t\t\t<div class=\"elementor-widget-container\">\n\t\t\t\t\t\t\t\t\t<ul><li>Maoini\u00fa bliant\u00fail a riar do thionscadail agus seirbh\u00eds\u00ed obair \u00f3ige UBU thar ceann na Roinne Leana\u00ed, Comhionannais, M\u00edchumais, Imeasctha agus \u00d3ige (DCEIDY).<\/li><li>An Sc\u00e9im Deontais do Chlubanna \u00d3ige \u00c1iti\u00fala a riar, agus sc\u00e9imeanna eile d\u00e1 leith\u00e9id, a chuireann deontais bheaga ar f\u00e1il do ghr\u00fapa\u00ed \u00f3ige faoi sti\u00fair oibrithe deonacha.<\/li><li>Iarratais ar dheontais \u00f3 eagra\u00edochta\u00ed maoinithe agus \u00f3 chlubanna \u00f3ige deonacha a athbhreithni\u00fa, a mheas agus a phr\u00f3ise\u00e1il.<\/li><li>Tuairisci\u00fa don DCEIDY ar thionscadail agus ar sheirbh\u00eds\u00ed arna maoini\u00fa tr\u00ed BOOCCC, lena n-\u00e1ir\u00edtear tuarasc\u00e1lacha bliant\u00fala bail\u00edochtaithe agus iarratais ar mhaoini\u00fa.<\/li><li>Oibri\u00fa i gcomhar le seirbh\u00eds\u00ed \u00f3ige \u00e1iti\u00fala chun freastal ar riachtanais daoine \u00f3ga, idir 10-24 bliana d\u2019aois i gCill Chainnigh agus i gCeatharlach.<\/li><li>Riachtanais na ndaoine \u00f3ga, agus na r\u00e9ims\u00ed tosa\u00edochta agus na spriocghr\u00fapa\u00ed daoine \u00f3ga, a shainaithint agus fianaise a thabhairt orthu, a gcaithfear aghaidh a thabhairt orthu tr\u00ed phr\u00f3if\u00edl ceantair DCEDIY, meas\u00fan\u00fa riachtanas agus uirlis riachtanas seirbh\u00edse.<\/li><li>Deiseanna oili\u00fana, taca\u00edochta agus forbartha a shol\u00e1thar don fhoireann agus d\u2019oibrithe deonacha san earn\u00e1il.<\/li><li>Tionchar dearfach na hoibre \u00f3ige ar shaol na ndaoine \u00f3ga a chur chun cinn.<\/li><li>Cur le forbairt na hoibre \u00f3ige ar leibh\u00e9al n\u00e1isi\u00fanta tr\u00ed oibri\u00fa le Bord Oideachais agus Oili\u00fana \u00c9ireann (BOO\u00c9), an DCEDIY agus comhlachta\u00ed eile.<\/li><li>Tac\u00fa le hinbhuanaitheacht na hoibre \u00f3ige tr\u00ed thac\u00fa le hacmhainn\u00ed cu\u00ed chun freastal ar riachtanais daoine \u00f3ga.<\/li><\/ul>\t\t\t\t\t\t\t\t<\/div>\n\t\t\t\t<\/div>\n\t\t\t\t\t<\/div>\n\t\t<\/div>\n\t\t\t\t\t<\/div>\n\t\t<\/section>\n\t\t\t\t\t<\/div>\n\t\t<\/div>\n\t\t\t\t\t<\/div>\n\t\t<\/section>\n\t\t\t\t<\/div>","protected":false},"excerpt":{"rendered":"<p>Administer annual funding to youth work UBU projects and services on behalf of the Department of Children, Equality, Disability, Integration and Youth (DCEIDY). Administer the Local Youth Club Grant Scheme, and other similar schemes, that provide small grants for volunteer-led youth groups. Review, consider and process grant applications from funded organisations and voluntary youth clubs.&hellip; <a class=\"more-link\" href=\"https:\/\/kcetb.ie\/ga\/youth\/youth-office-functions\/\">Continue reading <span class=\"screen-reader-text\">Feidhmeanna oifige \u00f3ige<\/span><\/a><\/p>","protected":false},"author":2,"featured_media":4903,"parent":28,"menu_order":3,"comment_status":"closed","ping_status":"closed","template":"elementor_header_footer","meta":{"footnotes":""},"class_list":["post-2816","page","type-page","status-publish","has-post-thumbnail","hentry","entry"],"yoast_head":"<!-- This site is optimized with the Yoast SEO plugin v27.2 - https:\/\/yoast.com\/product\/yoast-seo-wordpress\/ -->\n<title>Youth Office Functions - Kilkenny and Carlow ETB<\/title>\n<meta name=\"description\" content=\"Administer annual funding to youth work UBU projects and services on behalf of the Department of Children, Equality, Disability, Integration and Youth\" \/>\n<meta name=\"robots\" content=\"index, follow, max-snippet:-1, max-image-preview:large, max-video-preview:-1\" \/>\n<link rel=\"canonical\" href=\"https:\/\/kcetb.ie\/ga\/oige\/feidhmeanna-oige-oifige\/\" \/>\n<meta property=\"og:locale\" content=\"en_US\" \/>\n<meta property=\"og:type\" content=\"article\" \/>\n<meta property=\"og:title\" content=\"Youth Office Functions - Kilkenny and Carlow ETB\" \/>\n<meta property=\"og:description\" content=\"Administer annual funding to youth work UBU projects and services on behalf of the Department of Children, Equality, Disability, Integration and Youth\" \/>\n<meta property=\"og:url\" content=\"https:\/\/kcetb.ie\/ga\/oige\/feidhmeanna-oige-oifige\/\" \/>\n<meta property=\"og:site_name\" content=\"Kilkenny and Carlow ETB\" \/>\n<meta property=\"article:modified_time\" content=\"2022-10-04T15:23:51+00:00\" \/>\n<meta property=\"og:image\" content=\"https:\/\/kcetb.ie\/wp-content\/uploads\/2022\/04\/Kilds-jumping-KCETB-Youth-Office-cropped-e1651057925351.webp\" \/>\n\t<meta property=\"og:image:width\" content=\"830\" \/>\n\t<meta property=\"og:image:height\" content=\"539\" \/>\n\t<meta property=\"og:image:type\" content=\"image\/webp\" \/>\n<meta name=\"twitter:card\" content=\"summary_large_image\" \/>\n<meta name=\"twitter:label1\" content=\"Est. reading time\" \/>\n\t<meta name=\"twitter:data1\" content=\"1 minute\" \/>\n<script type=\"application\/ld+json\" class=\"yoast-schema-graph\">{\"@context\":\"https:\/\/schema.org\",\"@graph\":[{\"@type\":\"WebPage\",\"@id\":\"https:\/\/kcetb.ie\/en\/youth\/youth-office-functions\/\",\"url\":\"https:\/\/kcetb.ie\/en\/youth\/youth-office-functions\/\",\"name\":\"Youth Office Functions - Kilkenny and Carlow ETB\",\"isPartOf\":{\"@id\":\"https:\/\/kcetb.ie\/en\/#website\"},\"primaryImageOfPage\":{\"@id\":\"https:\/\/kcetb.ie\/en\/youth\/youth-office-functions\/#primaryimage\"},\"image\":{\"@id\":\"https:\/\/kcetb.ie\/en\/youth\/youth-office-functions\/#primaryimage\"},\"thumbnailUrl\":\"https:\/\/kcetb.ie\/wp-content\/uploads\/2022\/04\/Kilds-jumping-KCETB-Youth-Office-cropped-e1651057925351.webp\",\"datePublished\":\"2022-03-30T13:35:29+00:00\",\"dateModified\":\"2022-10-04T15:23:51+00:00\",\"description\":\"Administer annual funding to youth work UBU projects and services on behalf of the Department of Children, Equality, Disability, Integration and Youth\",\"breadcrumb\":{\"@id\":\"https:\/\/kcetb.ie\/en\/youth\/youth-office-functions\/#breadcrumb\"},\"inLanguage\":\"GA\",\"potentialAction\":[{\"@type\":\"ReadAction\",\"target\":[\"https:\/\/kcetb.ie\/en\/youth\/youth-office-functions\/\"]}]},{\"@type\":\"ImageObject\",\"inLanguage\":\"GA\",\"@id\":\"https:\/\/kcetb.ie\/en\/youth\/youth-office-functions\/#primaryimage\",\"url\":\"https:\/\/kcetb.ie\/wp-content\/uploads\/2022\/04\/Kilds-jumping-KCETB-Youth-Office-cropped-e1651057925351.webp\",\"contentUrl\":\"https:\/\/kcetb.ie\/wp-content\/uploads\/2022\/04\/Kilds-jumping-KCETB-Youth-Office-cropped-e1651057925351.webp\",\"width\":830,\"height\":539,\"caption\":\"Kilds jumping KCETB Youth Office cropped\"},{\"@type\":\"BreadcrumbList\",\"@id\":\"https:\/\/kcetb.ie\/en\/youth\/youth-office-functions\/#breadcrumb\",\"itemListElement\":[{\"@type\":\"ListItem\",\"position\":1,\"name\":\"Home\",\"item\":\"https:\/\/kcetb.ie\/en\/\"},{\"@type\":\"ListItem\",\"position\":2,\"name\":\"Youth\",\"item\":\"https:\/\/kcetb.ie\/en\/youth\/\"},{\"@type\":\"ListItem\",\"position\":3,\"name\":\"Youth Office Functions\"}]},{\"@type\":\"WebSite\",\"@id\":\"https:\/\/kcetb.ie\/en\/#website\",\"url\":\"https:\/\/kcetb.ie\/en\/\",\"name\":\"Kilkenny and Carlow ETB\",\"description\":\"KCETB Kilkenny and Carlow Education and Training Board\",\"publisher\":{\"@id\":\"https:\/\/kcetb.ie\/en\/#organization\"},\"potentialAction\":[{\"@type\":\"SearchAction\",\"target\":{\"@type\":\"EntryPoint\",\"urlTemplate\":\"https:\/\/kcetb.ie\/en\/?s={search_term_string}\"},\"query-input\":{\"@type\":\"PropertyValueSpecification\",\"valueRequired\":true,\"valueName\":\"search_term_string\"}}],\"inLanguage\":\"GA\"},{\"@type\":\"Organization\",\"@id\":\"https:\/\/kcetb.ie\/en\/#organization\",\"name\":\"Kilkenny and Carlow Education and Training Board (KCETB)\",\"url\":\"https:\/\/kcetb.ie\/en\/\",\"logo\":{\"@type\":\"ImageObject\",\"inLanguage\":\"GA\",\"@id\":\"https:\/\/kcetb.ie\/en\/#\/schema\/logo\/image\/\",\"url\":\"https:\/\/kcetb.ie\/wp-content\/uploads\/2022\/02\/kcetb-logo.jpeg\",\"contentUrl\":\"https:\/\/kcetb.ie\/wp-content\/uploads\/2022\/02\/kcetb-logo.jpeg\",\"width\":664,\"height\":246,\"caption\":\"Kilkenny and Carlow Education and Training Board (KCETB)\"},\"image\":{\"@id\":\"https:\/\/kcetb.ie\/en\/#\/schema\/logo\/image\/\"}}]}<\/script>\n<!-- \/ Yoast SEO plugin. -->","yoast_head_json":{"title":"Youth Office Functions - Kilkenny and Carlow ETB","description":"Maoini\u00fa bliant\u00fail a riar do thionscadail agus seirbh\u00eds\u00ed obair \u00f3ige UBU thar ceann na Roinne Leana\u00ed, Comhionannais, M\u00edchumais, Imeasctha agus \u00d3ige","robots":{"index":"index","follow":"follow","max-snippet":"max-snippet:-1","max-image-preview":"max-image-preview:large","max-video-preview":"max-video-preview:-1"},"canonical":"https:\/\/kcetb.ie\/ga\/oige\/feidhmeanna-oige-oifige\/","og_locale":"en_US","og_type":"article","og_title":"Youth Office Functions - Kilkenny and Carlow ETB","og_description":"Administer annual funding to youth work UBU projects and services on behalf of the Department of Children, Equality, Disability, Integration and Youth","og_url":"https:\/\/kcetb.ie\/ga\/oige\/feidhmeanna-oige-oifige\/","og_site_name":"Kilkenny and Carlow ETB","article_modified_time":"2022-10-04T15:23:51+00:00","og_image":[{"width":830,"height":539,"url":"https:\/\/kcetb.ie\/wp-content\/uploads\/2022\/04\/Kilds-jumping-KCETB-Youth-Office-cropped-e1651057925351.webp","type":"image\/webp"}],"twitter_card":"summary_large_image","twitter_misc":{"Est. reading time":"1 minute"},"schema":{"@context":"https:\/\/schema.org","@graph":[{"@type":"WebPage","@id":"https:\/\/kcetb.ie\/en\/youth\/youth-office-functions\/","url":"https:\/\/kcetb.ie\/en\/youth\/youth-office-functions\/","name":"Youth Office Functions - Kilkenny and Carlow ETB","isPartOf":{"@id":"https:\/\/kcetb.ie\/en\/#website"},"primaryImageOfPage":{"@id":"https:\/\/kcetb.ie\/en\/youth\/youth-office-functions\/#primaryimage"},"image":{"@id":"https:\/\/kcetb.ie\/en\/youth\/youth-office-functions\/#primaryimage"},"thumbnailUrl":"https:\/\/kcetb.ie\/wp-content\/uploads\/2022\/04\/Kilds-jumping-KCETB-Youth-Office-cropped-e1651057925351.webp","datePublished":"2022-03-30T13:35:29+00:00","dateModified":"2022-10-04T15:23:51+00:00","description":"Maoini\u00fa bliant\u00fail a riar do thionscadail agus seirbh\u00eds\u00ed obair \u00f3ige UBU thar ceann na Roinne Leana\u00ed, Comhionannais, M\u00edchumais, Imeasctha agus \u00d3ige","breadcrumb":{"@id":"https:\/\/kcetb.ie\/en\/youth\/youth-office-functions\/#breadcrumb"},"inLanguage":"GA","potentialAction":[{"@type":"ReadAction","target":["https:\/\/kcetb.ie\/en\/youth\/youth-office-functions\/"]}]},{"@type":"ImageObject","inLanguage":"GA","@id":"https:\/\/kcetb.ie\/en\/youth\/youth-office-functions\/#primaryimage","url":"https:\/\/kcetb.ie\/wp-content\/uploads\/2022\/04\/Kilds-jumping-KCETB-Youth-Office-cropped-e1651057925351.webp","contentUrl":"https:\/\/kcetb.ie\/wp-content\/uploads\/2022\/04\/Kilds-jumping-KCETB-Youth-Office-cropped-e1651057925351.webp","width":830,"height":539,"caption":"Kilds jumping KCETB Youth Office cropped"},{"@type":"BreadcrumbList","@id":"https:\/\/kcetb.ie\/en\/youth\/youth-office-functions\/#breadcrumb","itemListElement":[{"@type":"ListItem","position":1,"name":"Home","item":"https:\/\/kcetb.ie\/en\/"},{"@type":"ListItem","position":2,"name":"Youth","item":"https:\/\/kcetb.ie\/en\/youth\/"},{"@type":"ListItem","position":3,"name":"Youth Office Functions"}]},{"@type":"WebSite","@id":"https:\/\/kcetb.ie\/en\/#website","url":"https:\/\/kcetb.ie\/en\/","name":"BOO Chill Chainnigh agus Cheatharlach","description":"KCETB Bord Oideachais agus Oili\u00fana Chill Chainnigh agus Cheatharlach","publisher":{"@id":"https:\/\/kcetb.ie\/en\/#organization"},"potentialAction":[{"@type":"SearchAction","target":{"@type":"EntryPoint","urlTemplate":"https:\/\/kcetb.ie\/en\/?s={search_term_string}"},"query-input":{"@type":"PropertyValueSpecification","valueRequired":true,"valueName":"search_term_string"}}],"inLanguage":"GA"},{"@type":"Organization","@id":"https:\/\/kcetb.ie\/en\/#organization","name":"Bord Oideachais agus Oili\u00fana Chill Chainnigh agus Cheatharlach (BOOCCC)","url":"https:\/\/kcetb.ie\/en\/","logo":{"@type":"ImageObject","inLanguage":"GA","@id":"https:\/\/kcetb.ie\/en\/#\/schema\/logo\/image\/","url":"https:\/\/kcetb.ie\/wp-content\/uploads\/2022\/02\/kcetb-logo.jpeg","contentUrl":"https:\/\/kcetb.ie\/wp-content\/uploads\/2022\/02\/kcetb-logo.jpeg","width":664,"height":246,"caption":"Kilkenny and Carlow Education and Training Board (KCETB)"},"image":{"@id":"https:\/\/kcetb.ie\/en\/#\/schema\/logo\/image\/"}}]}},"_links":{"self":[{"href":"https:\/\/kcetb.ie\/ga\/wp-json\/wp\/v2\/pages\/2816","targetHints":{"allow":["GET"]}}],"collection":[{"href":"https:\/\/kcetb.ie\/ga\/wp-json\/wp\/v2\/pages"}],"about":[{"href":"https:\/\/kcetb.ie\/ga\/wp-json\/wp\/v2\/types\/page"}],"author":[{"embeddable":true,"href":"https:\/\/kcetb.ie\/ga\/wp-json\/wp\/v2\/users\/2"}],"replies":[{"embeddable":true,"href":"https:\/\/kcetb.ie\/ga\/wp-json\/wp\/v2\/comments?post=2816"}],"version-history":[{"count":54,"href":"https:\/\/kcetb.ie\/ga\/wp-json\/wp\/v2\/pages\/2816\/revisions"}],"predecessor-version":[{"id":23524,"href":"https:\/\/kcetb.ie\/ga\/wp-json\/wp\/v2\/pages\/2816\/revisions\/23524"}],"up":[{"embeddable":true,"href":"https:\/\/kcetb.ie\/ga\/wp-json\/wp\/v2\/pages\/28"}],"wp:featuredmedia":[{"embeddable":true,"href":"https:\/\/kcetb.ie\/ga\/wp-json\/wp\/v2\/media\/4903"}],"wp:attachment":[{"href":"https:\/\/kcetb.ie\/ga\/wp-json\/wp\/v2\/media?parent=2816"}],"curies":[{"name":"wp","href":"https:\/\/api.w.org\/{rel}","templated":true}]}}