{"id":26178,"date":"2024-03-13T15:25:43","date_gmt":"2024-03-13T15:25:43","guid":{"rendered":"https:\/\/kcetb.ie\/?page_id=26178"},"modified":"2024-03-13T15:33:37","modified_gmt":"2024-03-13T15:33:37","slug":"seanadh-riomhphoist-email-disclaimer","status":"publish","type":"page","link":"https:\/\/kcetb.ie\/ga\/seanadh-riomhphoist-email-disclaimer\/","title":{"rendered":"S\u00c9ANADH R\u00cdOMHPHOIST\/EMAIL DISCLAIMER"},"content":{"rendered":"<div data-elementor-type=\"wp-page\" data-elementor-id=\"26178\" class=\"elementor elementor-26178\" data-elementor-post-type=\"page\">\n\t\t\t\t\t\t<section class=\"elementor-section elementor-top-section elementor-element elementor-element-6044c0b7 elementor-section-full_width elementor-section-height-default elementor-section-height-default\" data-id=\"6044c0b7\" data-element_type=\"section\" data-e-type=\"section\">\n\t\t\t\t\t\t<div class=\"elementor-container elementor-column-gap-default\">\n\t\t\t\t\t<div class=\"elementor-column elementor-col-100 elementor-top-column elementor-element elementor-element-7f646087\" data-id=\"7f646087\" data-element_type=\"column\" data-e-type=\"column\">\n\t\t\t<div class=\"elementor-widget-wrap elementor-element-populated\">\n\t\t\t\t\t\t<div class=\"elementor-element elementor-element-48eae7c1 elementor-widget elementor-widget-text-editor\" data-id=\"48eae7c1\" data-element_type=\"widget\" data-e-type=\"widget\" data-widget_type=\"text-editor.default\">\n\t\t\t\t<div class=\"elementor-widget-container\">\n\t\t\t\t\t\t\t\t\t<p>S\u00c9ANADH R\u00cdOMHPHOIST<\/p><p>T\u00e1 eolas sa teachtaireacht seo at\u00e1 faoi r\u00fan agus d\u00edrithe ar an t\u00e9 at\u00e1 ainmnithe ann amh\u00e1in. Murar t\u00fa an seola\u00ed ainmnithe n\u00ed ch\u00f3ir duit an r\u00edomhphost seo a leathadh, a scaipeadh n\u00f3 a ch\u00f3ipe\u00e1il. M\u00e1 fuair t\u00fa an r-phost seo tr\u00ed dhearmad, cuir in i\u00fal don seolt\u00f3ir l\u00e1ithreach le do thoil agus glan an r-phost de do ch\u00f3ras. N\u00ed f\u00e9idir r\u00e1tha\u00edocht a thabhairt go bhfuil tarchur r\u00edomhphoist sl\u00e1n n\u00f3 saor \u00f3 earr\u00e1id\u00ed mar d\u2019fh\u00e9adfadh an t-eolas a bheith tascartha, truaillithe, caillte, scriosta, mall ag teacht, neamhioml\u00e1n n\u00f3 saor \u00f3 v\u00edris. Ar an \u00e1bhar sin n\u00ed ghlacann an seolt\u00f3ir dliteanas d\u2019aon earr\u00e1id n\u00f3 d\u2019aon easnamh in \u00e1bhar na teachtaireachta seo mar thoradh ar sheachadadh r-phoist. D\u2019fh\u00e9adfadh gur tuairim\u00ed pearsanta an seolt\u00f3ra a l\u00e9ir\u00edtear sa r-phost seo agus nach g\u00e1 gur mar a ch\u00e9ile iad le tuairim\u00ed BOOCCC<\/p><p>\u00a0<\/p><p>EMAIL DISCLAIMER<\/p><p>This message contains confidential information and is intended only for the individual named. If you are not the named addressee you should not disseminate, distribute or copy this e-mail. Please notify the sender immediately by e-mail if you have received this e-mail by mistake and delete this e-mail from your system. E-mail transmission cannot be guaranteed to be secure or error-free as information could be intercepted, corrupted, lost, destroyed, arrive late or incomplete, or contain viruses. The sender therefore does not accept liability for any errors or omissions in the contents of this message, which arise as a result of e-mail transmission. Opinions expressed in this e-mail may be personal to the sender and are not necessarily the opinion of KCETB.<\/p>\t\t\t\t\t\t\t\t<\/div>\n\t\t\t\t<\/div>\n\t\t\t\t\t<\/div>\n\t\t<\/div>\n\t\t\t\t\t<\/div>\n\t\t<\/section>\n\t\t\t\t<\/div>","protected":false},"excerpt":{"rendered":"<p>S\u00c9ANADH R\u00cdOMHPHOIST T\u00e1 eolas sa teachtaireacht seo at\u00e1 faoi r\u00fan agus d\u00edrithe ar an t\u00e9 at\u00e1 ainmnithe ann amh\u00e1in. Murar t\u00fa an seola\u00ed ainmnithe n\u00ed ch\u00f3ir duit an r\u00edomhphost seo a leathadh, a scaipeadh n\u00f3 a ch\u00f3ipe\u00e1il. M\u00e1 fuair t\u00fa an r-phost seo tr\u00ed dhearmad, cuir in i\u00fal don seolt\u00f3ir l\u00e1ithreach le do thoil agus&hellip; <a class=\"more-link\" href=\"https:\/\/kcetb.ie\/ga\/seanadh-riomhphoist-email-disclaimer\/\">Continue reading <span class=\"screen-reader-text\">S\u00c9ANADH R\u00cdOMHPHOIST\/EMAIL DISCLAIMER<\/span><\/a><\/p>","protected":false},"author":14,"featured_media":0,"parent":0,"menu_order":0,"comment_status":"closed","ping_status":"closed","template":"","meta":{"footnotes":""},"class_list":["post-26178","page","type-page","status-publish","hentry","entry"],"yoast_head":"<!-- This site is optimized with the Yoast SEO plugin v27.2 - https:\/\/yoast.com\/product\/yoast-seo-wordpress\/ -->\n<title>S\u00c9ANADH R\u00cdOMHPHOIST\/EMAIL DISCLAIMER - Kilkenny and Carlow ETB<\/title>\n<meta name=\"description\" content=\"S\u00c9ANADH R\u00cdOMHPHOISTT\u00e1 eolas sa teachtaireacht seo at\u00e1 faoi r\u00fan agus d\u00edrithe ar an t\u00e9 at\u00e1 ainmnithe ann amh\u00e1in. Murar t\u00fa an seola\u00ed ainmnithe n\u00ed ch\u00f3ir duit\" \/>\n<meta name=\"robots\" content=\"index, follow, max-snippet:-1, max-image-preview:large, max-video-preview:-1\" \/>\n<link rel=\"canonical\" href=\"https:\/\/kcetb.ie\/ga\/seanadh-riomhphoist-email-disclaimer\/\" \/>\n<meta property=\"og:locale\" content=\"en_US\" \/>\n<meta property=\"og:type\" content=\"article\" \/>\n<meta property=\"og:title\" content=\"S\u00c9ANADH R\u00cdOMHPHOIST\/EMAIL DISCLAIMER - Kilkenny and Carlow ETB\" \/>\n<meta property=\"og:description\" content=\"S\u00c9ANADH R\u00cdOMHPHOISTT\u00e1 eolas sa teachtaireacht seo at\u00e1 faoi r\u00fan agus d\u00edrithe ar an t\u00e9 at\u00e1 ainmnithe ann amh\u00e1in. Murar t\u00fa an seola\u00ed ainmnithe n\u00ed ch\u00f3ir duit\" \/>\n<meta property=\"og:url\" content=\"https:\/\/kcetb.ie\/ga\/seanadh-riomhphoist-email-disclaimer\/\" \/>\n<meta property=\"og:site_name\" content=\"Kilkenny and Carlow ETB\" \/>\n<meta property=\"article:modified_time\" content=\"2024-03-13T15:33:37+00:00\" \/>\n<meta name=\"twitter:card\" content=\"summary_large_image\" \/>\n<meta name=\"twitter:label1\" content=\"Est. reading time\" \/>\n\t<meta name=\"twitter:data1\" content=\"2 minutes\" \/>\n<script type=\"application\/ld+json\" class=\"yoast-schema-graph\">{\"@context\":\"https:\/\/schema.org\",\"@graph\":[{\"@type\":\"WebPage\",\"@id\":\"https:\/\/kcetb.ie\/seanadh-riomhphoist-email-disclaimer\/\",\"url\":\"https:\/\/kcetb.ie\/seanadh-riomhphoist-email-disclaimer\/\",\"name\":\"S\u00c9ANADH R\u00cdOMHPHOIST\/EMAIL DISCLAIMER - Kilkenny and Carlow ETB\",\"isPartOf\":{\"@id\":\"https:\/\/kcetb.ie\/en\/#website\"},\"datePublished\":\"2024-03-13T15:25:43+00:00\",\"dateModified\":\"2024-03-13T15:33:37+00:00\",\"description\":\"S\u00c9ANADH R\u00cdOMHPHOISTT\u00e1 eolas sa teachtaireacht seo at\u00e1 faoi r\u00fan agus d\u00edrithe ar an t\u00e9 at\u00e1 ainmnithe ann amh\u00e1in. Murar t\u00fa an seola\u00ed ainmnithe n\u00ed ch\u00f3ir duit\",\"breadcrumb\":{\"@id\":\"https:\/\/kcetb.ie\/seanadh-riomhphoist-email-disclaimer\/#breadcrumb\"},\"inLanguage\":\"GA\",\"potentialAction\":[{\"@type\":\"ReadAction\",\"target\":[\"https:\/\/kcetb.ie\/seanadh-riomhphoist-email-disclaimer\/\"]}]},{\"@type\":\"BreadcrumbList\",\"@id\":\"https:\/\/kcetb.ie\/seanadh-riomhphoist-email-disclaimer\/#breadcrumb\",\"itemListElement\":[{\"@type\":\"ListItem\",\"position\":1,\"name\":\"Home\",\"item\":\"https:\/\/kcetb.ie\/en\/\"},{\"@type\":\"ListItem\",\"position\":2,\"name\":\"S\u00c9ANADH R\u00cdOMHPHOIST\/EMAIL DISCLAIMER\"}]},{\"@type\":\"WebSite\",\"@id\":\"https:\/\/kcetb.ie\/en\/#website\",\"url\":\"https:\/\/kcetb.ie\/en\/\",\"name\":\"Kilkenny and Carlow ETB\",\"description\":\"KCETB Kilkenny and Carlow Education and Training Board\",\"publisher\":{\"@id\":\"https:\/\/kcetb.ie\/en\/#organization\"},\"potentialAction\":[{\"@type\":\"SearchAction\",\"target\":{\"@type\":\"EntryPoint\",\"urlTemplate\":\"https:\/\/kcetb.ie\/en\/?s={search_term_string}\"},\"query-input\":{\"@type\":\"PropertyValueSpecification\",\"valueRequired\":true,\"valueName\":\"search_term_string\"}}],\"inLanguage\":\"GA\"},{\"@type\":\"Organization\",\"@id\":\"https:\/\/kcetb.ie\/en\/#organization\",\"name\":\"Kilkenny and Carlow Education and Training Board (KCETB)\",\"url\":\"https:\/\/kcetb.ie\/en\/\",\"logo\":{\"@type\":\"ImageObject\",\"inLanguage\":\"GA\",\"@id\":\"https:\/\/kcetb.ie\/en\/#\/schema\/logo\/image\/\",\"url\":\"https:\/\/kcetb.ie\/wp-content\/uploads\/2022\/02\/kcetb-logo.jpeg\",\"contentUrl\":\"https:\/\/kcetb.ie\/wp-content\/uploads\/2022\/02\/kcetb-logo.jpeg\",\"width\":664,\"height\":246,\"caption\":\"Kilkenny and Carlow Education and Training Board (KCETB)\"},\"image\":{\"@id\":\"https:\/\/kcetb.ie\/en\/#\/schema\/logo\/image\/\"}}]}<\/script>\n<!-- \/ Yoast SEO plugin. -->","yoast_head_json":{"title":"S\u00c9ANADH R\u00cdOMHPHOIST\/EMAIL DISCLAIMER - Kilkenny and Carlow ETB","description":"S\u00c9ANADH R\u00cdOMHPHOISTT\u00e1 eolas sa teachtaireacht seo at\u00e1 faoi r\u00fan agus d\u00edrithe ar an t\u00e9 at\u00e1 ainmnithe ann amh\u00e1in. Murar t\u00fa an seola\u00ed ainmnithe n\u00ed ch\u00f3ir duit","robots":{"index":"index","follow":"follow","max-snippet":"max-snippet:-1","max-image-preview":"max-image-preview:large","max-video-preview":"max-video-preview:-1"},"canonical":"https:\/\/kcetb.ie\/ga\/seanadh-riomhphoist-email-disclaimer\/","og_locale":"en_US","og_type":"article","og_title":"S\u00c9ANADH R\u00cdOMHPHOIST\/EMAIL DISCLAIMER - Kilkenny and Carlow ETB","og_description":"S\u00c9ANADH R\u00cdOMHPHOISTT\u00e1 eolas sa teachtaireacht seo at\u00e1 faoi r\u00fan agus d\u00edrithe ar an t\u00e9 at\u00e1 ainmnithe ann amh\u00e1in. Murar t\u00fa an seola\u00ed ainmnithe n\u00ed ch\u00f3ir duit","og_url":"https:\/\/kcetb.ie\/ga\/seanadh-riomhphoist-email-disclaimer\/","og_site_name":"Kilkenny and Carlow ETB","article_modified_time":"2024-03-13T15:33:37+00:00","twitter_card":"summary_large_image","twitter_misc":{"Est. reading time":"2 minutes"},"schema":{"@context":"https:\/\/schema.org","@graph":[{"@type":"WebPage","@id":"https:\/\/kcetb.ie\/seanadh-riomhphoist-email-disclaimer\/","url":"https:\/\/kcetb.ie\/seanadh-riomhphoist-email-disclaimer\/","name":"S\u00c9ANADH R\u00cdOMHPHOIST\/EMAIL DISCLAIMER - Kilkenny and Carlow ETB","isPartOf":{"@id":"https:\/\/kcetb.ie\/en\/#website"},"datePublished":"2024-03-13T15:25:43+00:00","dateModified":"2024-03-13T15:33:37+00:00","description":"S\u00c9ANADH R\u00cdOMHPHOISTT\u00e1 eolas sa teachtaireacht seo at\u00e1 faoi r\u00fan agus d\u00edrithe ar an t\u00e9 at\u00e1 ainmnithe ann amh\u00e1in. Murar t\u00fa an seola\u00ed ainmnithe n\u00ed ch\u00f3ir duit","breadcrumb":{"@id":"https:\/\/kcetb.ie\/seanadh-riomhphoist-email-disclaimer\/#breadcrumb"},"inLanguage":"GA","potentialAction":[{"@type":"ReadAction","target":["https:\/\/kcetb.ie\/seanadh-riomhphoist-email-disclaimer\/"]}]},{"@type":"BreadcrumbList","@id":"https:\/\/kcetb.ie\/seanadh-riomhphoist-email-disclaimer\/#breadcrumb","itemListElement":[{"@type":"ListItem","position":1,"name":"Home","item":"https:\/\/kcetb.ie\/en\/"},{"@type":"ListItem","position":2,"name":"S\u00c9ANADH R\u00cdOMHPHOIST\/EMAIL DISCLAIMER"}]},{"@type":"WebSite","@id":"https:\/\/kcetb.ie\/en\/#website","url":"https:\/\/kcetb.ie\/en\/","name":"BOO Chill Chainnigh agus Cheatharlach","description":"KCETB Bord Oideachais agus Oili\u00fana Chill Chainnigh agus Cheatharlach","publisher":{"@id":"https:\/\/kcetb.ie\/en\/#organization"},"potentialAction":[{"@type":"SearchAction","target":{"@type":"EntryPoint","urlTemplate":"https:\/\/kcetb.ie\/en\/?s={search_term_string}"},"query-input":{"@type":"PropertyValueSpecification","valueRequired":true,"valueName":"search_term_string"}}],"inLanguage":"GA"},{"@type":"Organization","@id":"https:\/\/kcetb.ie\/en\/#organization","name":"Bord Oideachais agus Oili\u00fana Chill Chainnigh agus Cheatharlach (BOOCCC)","url":"https:\/\/kcetb.ie\/en\/","logo":{"@type":"ImageObject","inLanguage":"GA","@id":"https:\/\/kcetb.ie\/en\/#\/schema\/logo\/image\/","url":"https:\/\/kcetb.ie\/wp-content\/uploads\/2022\/02\/kcetb-logo.jpeg","contentUrl":"https:\/\/kcetb.ie\/wp-content\/uploads\/2022\/02\/kcetb-logo.jpeg","width":664,"height":246,"caption":"Kilkenny and Carlow Education and Training Board (KCETB)"},"image":{"@id":"https:\/\/kcetb.ie\/en\/#\/schema\/logo\/image\/"}}]}},"_links":{"self":[{"href":"https:\/\/kcetb.ie\/ga\/wp-json\/wp\/v2\/pages\/26178","targetHints":{"allow":["GET"]}}],"collection":[{"href":"https:\/\/kcetb.ie\/ga\/wp-json\/wp\/v2\/pages"}],"about":[{"href":"https:\/\/kcetb.ie\/ga\/wp-json\/wp\/v2\/types\/page"}],"author":[{"embeddable":true,"href":"https:\/\/kcetb.ie\/ga\/wp-json\/wp\/v2\/users\/14"}],"replies":[{"embeddable":true,"href":"https:\/\/kcetb.ie\/ga\/wp-json\/wp\/v2\/comments?post=26178"}],"version-history":[{"count":9,"href":"https:\/\/kcetb.ie\/ga\/wp-json\/wp\/v2\/pages\/26178\/revisions"}],"predecessor-version":[{"id":26188,"href":"https:\/\/kcetb.ie\/ga\/wp-json\/wp\/v2\/pages\/26178\/revisions\/26188"}],"wp:attachment":[{"href":"https:\/\/kcetb.ie\/ga\/wp-json\/wp\/v2\/media?parent=26178"}],"curies":[{"name":"wp","href":"https:\/\/api.w.org\/{rel}","templated":true}]}}