{"id":1946,"date":"2022-03-21T17:46:59","date_gmt":"2022-03-21T17:46:59","guid":{"rendered":"https:\/\/kcetb.ie\/?page_id=1946"},"modified":"2024-11-22T10:46:52","modified_gmt":"2024-11-22T10:46:52","slug":"grupa-pobail-agus-deonach","status":"publish","type":"page","link":"https:\/\/kcetb.ie\/ga\/further-education-training\/i-am-a-community-and-voluntary-group\/","title":{"rendered":"Is gr\u00fapa pobail agus deonach m\u00e9"},"content":{"rendered":"<div data-elementor-type=\"wp-page\" data-elementor-id=\"1946\" class=\"elementor elementor-1946\" data-elementor-post-type=\"page\">\n\t\t\t\t\t\t<section class=\"elementor-section elementor-top-section elementor-element elementor-element-ed3ace9 elementor-section-full_width elementor-section-height-min-height elementor-section-stretched elementor-section-items-bottom elementor-section-height-default\" data-id=\"ed3ace9\" data-element_type=\"section\" data-e-type=\"section\" data-settings=\"{&quot;stretch_section&quot;:&quot;section-stretched&quot;,&quot;background_background&quot;:&quot;video&quot;,&quot;background_video_link&quot;:&quot;https:\\\/\\\/www.youtube.com\\\/watch?v=_fK1W_7j1X0&quot;,&quot;background_video_start&quot;:2,&quot;background_video_end&quot;:60}\">\n\t\t\t\t\t\t\t\t<div class=\"elementor-background-video-container elementor-hidden-mobile\">\n\t\t\t\t\t\t\t\t\t\t\t\t\t<div class=\"elementor-background-video-embed\" role=\"presentation\"><\/div>\n\t\t\t\t\t\t\t\t\t\t\t\t<\/div>\n\t\t\t\t\t\t\t\t\t<div class=\"elementor-background-overlay\"><\/div>\n\t\t\t\t\t\t\t<div class=\"elementor-container elementor-column-gap-no\">\n\t\t\t\t\t<div class=\"elementor-column elementor-col-100 elementor-top-column elementor-element elementor-element-5151bef\" data-id=\"5151bef\" data-element_type=\"column\" data-e-type=\"column\">\n\t\t\t<div class=\"elementor-widget-wrap elementor-element-populated\">\n\t\t\t\t\t\t<section class=\"elementor-section elementor-inner-section elementor-element elementor-element-339badd elementor-section-full_width elementor-section-height-default elementor-section-height-default\" data-id=\"339badd\" data-element_type=\"section\" data-e-type=\"section\" data-settings=\"{&quot;background_background&quot;:&quot;classic&quot;}\">\n\t\t\t\t\t\t<div class=\"elementor-container elementor-column-gap-no\">\n\t\t\t\t\t<div class=\"elementor-column elementor-col-50 elementor-inner-column elementor-element elementor-element-5ea1319 elementor-hidden-mobile\" data-id=\"5ea1319\" data-element_type=\"column\" data-e-type=\"column\">\n\t\t\t<div class=\"elementor-widget-wrap\">\n\t\t\t\t\t\t\t<\/div>\n\t\t<\/div>\n\t\t\t\t<div class=\"elementor-column elementor-col-50 elementor-inner-column elementor-element elementor-element-fe84d5a\" data-id=\"fe84d5a\" data-element_type=\"column\" data-e-type=\"column\">\n\t\t\t<div class=\"elementor-widget-wrap elementor-element-populated\">\n\t\t\t\t\t\t<div class=\"elementor-element elementor-element-d34846f elementor-widget elementor-widget-heading\" data-id=\"d34846f\" data-element_type=\"widget\" data-e-type=\"widget\" data-widget_type=\"heading.default\">\n\t\t\t\t<div class=\"elementor-widget-container\">\n\t\t\t\t\t<h1 class=\"elementor-heading-title elementor-size-default\">Is gr\u00fapa pobail agus deonach m\u00e9<\/h1>\t\t\t\t<\/div>\n\t\t\t\t<\/div>\n\t\t\t\t\t<\/div>\n\t\t<\/div>\n\t\t\t\t\t<\/div>\n\t\t<\/section>\n\t\t\t\t\t<\/div>\n\t\t<\/div>\n\t\t\t\t\t<\/div>\n\t\t<\/section>\n\t\t\t\t<section class=\"elementor-section elementor-top-section elementor-element elementor-element-3dbc616 elementor-section-full_width elementor-section-stretched elementor-section-height-default elementor-section-height-default\" data-id=\"3dbc616\" data-element_type=\"section\" data-e-type=\"section\" data-settings=\"{&quot;stretch_section&quot;:&quot;section-stretched&quot;}\">\n\t\t\t\t\t\t<div class=\"elementor-container elementor-column-gap-default\">\n\t\t\t\t\t<div class=\"elementor-column elementor-col-100 elementor-top-column elementor-element elementor-element-1a0a481\" data-id=\"1a0a481\" data-element_type=\"column\" data-e-type=\"column\">\n\t\t\t<div class=\"elementor-widget-wrap elementor-element-populated\">\n\t\t\t\t\t\t<section class=\"elementor-section elementor-inner-section elementor-element elementor-element-0b2c1d7 elementor-section-boxed elementor-section-height-default elementor-section-height-default\" data-id=\"0b2c1d7\" data-element_type=\"section\" data-e-type=\"section\">\n\t\t\t\t\t\t<div class=\"elementor-container elementor-column-gap-default\">\n\t\t\t\t\t<div class=\"elementor-column elementor-col-100 elementor-inner-column elementor-element elementor-element-e3c1c59\" data-id=\"e3c1c59\" data-element_type=\"column\" data-e-type=\"column\">\n\t\t\t<div class=\"elementor-widget-wrap elementor-element-populated\">\n\t\t\t\t\t\t<div class=\"elementor-element elementor-element-213f4f4 elementor-cta--layout-image-left elementor-cta--valign-top elementor-cta--mobile-layout-image-above elementor-cta--skin-classic elementor-animated-content elementor-bg-transform elementor-bg-transform-zoom-in elementor-widget elementor-widget-call-to-action\" data-id=\"213f4f4\" data-element_type=\"widget\" data-e-type=\"widget\" data-widget_type=\"call-to-action.default\">\n\t\t\t\t<div class=\"elementor-widget-container\">\n\t\t\t\t\t\t\t<div class=\"elementor-cta\">\n\t\t\t\t\t<div class=\"elementor-cta__bg-wrapper\">\n\t\t\t\t<div class=\"elementor-cta__bg elementor-bg\" style=\"background-image: url(https:\/\/kcetb.ie\/wp-content\/uploads\/2022\/04\/friends-hands-fun-768x512.webp);\" role=\"img\" aria-label=\"Oideachas Pobail le KCETB\"><\/div>\n\t\t\t\t<div class=\"elementor-cta__bg-overlay\"><\/div>\n\t\t\t<\/div>\n\t\t\t\t\t\t\t<div class=\"elementor-cta__content\">\n\t\t\t\t\n\t\t\t\t\t\t\t\t\t<h2 class=\"elementor-cta__title elementor-cta__content-item elementor-content-item\">\n\t\t\t\t\t\tOideachas Pobail\t\t\t\t\t<\/h2>\n\t\t\t\t\n\t\t\t\t\t\t\t\t\t<div class=\"elementor-cta__description elementor-cta__content-item elementor-content-item\">\n\t\t\t\t\t\tIs pr\u00f3iseas foghlama agus athraithe \u00e9 oideachas pobail. Tarla\u00edonn s\u00e9 laistigh den phobal agus t\u00e1 s\u00e9 bunaithe ar riachtanais daoine aonair agus a bpobail. Sol\u00e1thra\u00edonn s\u00e9 roghanna foghlama sol\u00fabtha do dhaoine ina gceantair \u00e1iti\u00fala f\u00e9in.\t\t\t\t\t<\/div>\n\t\t\t\t\n\t\t\t\t\t\t\t\t\t<div class=\"elementor-cta__button-wrapper elementor-cta__content-item elementor-content-item\">\n\t\t\t\t\t<a class=\"elementor-cta__button elementor-button elementor-size-\" href=\"https:\/\/kcetb.ie\/ga\/breisoideachas-oiliuint\/grupa-pobail-agus-deonach\/pobail-oideachas\/\">\n\t\t\t\t\t\tFoghlaim a thuilleadh\t\t\t\t\t<\/a>\n\t\t\t\t\t<\/div>\n\t\t\t\t\t\t\t<\/div>\n\t\t\t\t\t\t<\/div>\n\t\t\t\t\t\t<\/div>\n\t\t\t\t<\/div>\n\t\t\t\t\t<\/div>\n\t\t<\/div>\n\t\t\t\t\t<\/div>\n\t\t<\/section>\n\t\t\t\t<section class=\"elementor-section elementor-inner-section elementor-element elementor-element-ef39522 elementor-section-boxed elementor-section-height-default elementor-section-height-default\" data-id=\"ef39522\" data-element_type=\"section\" data-e-type=\"section\">\n\t\t\t\t\t\t<div class=\"elementor-container elementor-column-gap-default\">\n\t\t\t\t\t<div class=\"elementor-column elementor-col-100 elementor-inner-column elementor-element elementor-element-261a942\" data-id=\"261a942\" data-element_type=\"column\" data-e-type=\"column\">\n\t\t\t<div class=\"elementor-widget-wrap elementor-element-populated\">\n\t\t\t\t\t\t<div class=\"elementor-element elementor-element-017351c elementor-cta--layout-image-right elementor-cta--valign-top elementor-cta--mobile-layout-image-above elementor-cta--skin-classic elementor-animated-content elementor-bg-transform elementor-bg-transform-zoom-in elementor-widget elementor-widget-call-to-action\" data-id=\"017351c\" data-element_type=\"widget\" data-e-type=\"widget\" data-widget_type=\"call-to-action.default\">\n\t\t\t\t<div class=\"elementor-widget-container\">\n\t\t\t\t\t\t\t<div class=\"elementor-cta\">\n\t\t\t\t\t<div class=\"elementor-cta__bg-wrapper\">\n\t\t\t\t<div class=\"elementor-cta__bg elementor-bg\" style=\"background-image: url(https:\/\/kcetb.ie\/wp-content\/uploads\/2022\/04\/Youth-Work-Office-768x512.webp);\" role=\"img\" aria-label=\"Tionscnaimh Oili\u00fana \u00c1iti\u00fala (LTI)\"><\/div>\n\t\t\t\t<div class=\"elementor-cta__bg-overlay\"><\/div>\n\t\t\t<\/div>\n\t\t\t\t\t\t\t<div class=\"elementor-cta__content\">\n\t\t\t\t\n\t\t\t\t\t\t\t\t\t<h2 class=\"elementor-cta__title elementor-cta__content-item elementor-content-item\">\n\t\t\t\t\t\tTionscnaimh Oili\u00fana \u00c1iti\u00fala (LTI)\t\t\t\t\t<\/h2>\n\t\t\t\t\n\t\t\t\t\t\t\t\t\t<div class=\"elementor-cta__description elementor-cta__content-item elementor-content-item\">\n\t\t\t\t\t\tT\u00e1 an cl\u00e1r LTI d\u00edrithe ar aghaidh a thabhairt ar riachtanais oili\u00fana na bhfoghlaimeoir\u00ed at\u00e1 faoi mh\u00edbhunt\u00e1iste eacnama\u00edoch, s\u00f3isialta, t\u00edreola\u00edoch n\u00f3 oideachais, go pr\u00edomha 18 - 35 bliain d'aois, nach bhfuil c\u00e1il\u00edochta\u00ed foirmi\u00fala n\u00f3 c\u00e1il\u00edochta\u00ed me\u00e1nscoile neamhioml\u00e1na acu.\t\t\t\t\t<\/div>\n\t\t\t\t\n\t\t\t\t\t\t\t\t\t<div class=\"elementor-cta__button-wrapper elementor-cta__content-item elementor-content-item\">\n\t\t\t\t\t<a class=\"elementor-cta__button elementor-button elementor-size-\" href=\"https:\/\/kcetb.ie\/ga\/breisoideachas-oiliuint\/grupa-pobail-agus-deonach\/tionscnaimh-oiliuna-aitiula\/\">\n\t\t\t\t\t\tFoghlaim a thuilleadh\t\t\t\t\t<\/a>\n\t\t\t\t\t<\/div>\n\t\t\t\t\t\t\t<\/div>\n\t\t\t\t\t\t<\/div>\n\t\t\t\t\t\t<\/div>\n\t\t\t\t<\/div>\n\t\t\t\t\t<\/div>\n\t\t<\/div>\n\t\t\t\t\t<\/div>\n\t\t<\/section>\n\t\t\t\t\t<\/div>\n\t\t<\/div>\n\t\t\t\t\t<\/div>\n\t\t<\/section>\n\t\t\t\t<\/div>","protected":false},"excerpt":{"rendered":"<p>I am a community and voluntary group Community Education Community education is a process of learning and change. It takes place within the community and is based on the needs of individuals and their communities. It provides flexible, learning options for people in their own local areas. Learn More Local Training Initiatives (LTI) The LTI&hellip; <a class=\"more-link\" href=\"https:\/\/kcetb.ie\/ga\/further-education-training\/i-am-a-community-and-voluntary-group\/\">Continue reading <span class=\"screen-reader-text\">Is gr\u00fapa pobail agus deonach m\u00e9<\/span><\/a><\/p>","protected":false},"author":2,"featured_media":5329,"parent":27,"menu_order":3,"comment_status":"closed","ping_status":"closed","template":"elementor_header_footer","meta":{"footnotes":""},"class_list":["post-1946","page","type-page","status-publish","has-post-thumbnail","hentry","entry"],"yoast_head":"<!-- This site is optimized with the Yoast SEO plugin v27.2 - https:\/\/yoast.com\/product\/yoast-seo-wordpress\/ -->\n<title>I am a community and voluntary group - Kilkenny and Carlow ETB<\/title>\n<meta name=\"description\" content=\"I am a community and voluntary group Community Education Community education is a process of learning and change. It takes place within the community and\" \/>\n<meta name=\"robots\" content=\"index, follow, max-snippet:-1, max-image-preview:large, max-video-preview:-1\" \/>\n<link rel=\"canonical\" href=\"https:\/\/kcetb.ie\/ga\/breisoideachas-oiliuint\/grupa-pobail-agus-deonach\/\" \/>\n<meta property=\"og:locale\" content=\"en_US\" \/>\n<meta property=\"og:type\" content=\"article\" \/>\n<meta property=\"og:title\" content=\"I am a community and voluntary group - Kilkenny and Carlow ETB\" \/>\n<meta property=\"og:description\" content=\"I am a community and voluntary group Community Education Community education is a process of learning and change. It takes place within the community and\" \/>\n<meta property=\"og:url\" content=\"https:\/\/kcetb.ie\/ga\/breisoideachas-oiliuint\/grupa-pobail-agus-deonach\/\" \/>\n<meta property=\"og:site_name\" content=\"Kilkenny and Carlow ETB\" \/>\n<meta property=\"article:modified_time\" content=\"2024-11-22T10:46:52+00:00\" \/>\n<meta property=\"og:image\" content=\"https:\/\/kcetb.ie\/wp-content\/uploads\/2022\/05\/Friends-hands-together.webp\" \/>\n\t<meta property=\"og:image:width\" content=\"2000\" \/>\n\t<meta property=\"og:image:height\" content=\"1333\" \/>\n\t<meta property=\"og:image:type\" content=\"image\/webp\" \/>\n<meta name=\"twitter:card\" content=\"summary_large_image\" \/>\n<meta name=\"twitter:label1\" content=\"Est. reading time\" \/>\n\t<meta name=\"twitter:data1\" content=\"1 minute\" \/>\n<script type=\"application\/ld+json\" class=\"yoast-schema-graph\">{\"@context\":\"https:\/\/schema.org\",\"@graph\":[{\"@type\":\"WebPage\",\"@id\":\"https:\/\/kcetb.ie\/further-education-training\/i-am-a-community-and-voluntary-group\/\",\"url\":\"https:\/\/kcetb.ie\/further-education-training\/i-am-a-community-and-voluntary-group\/\",\"name\":\"I am a community and voluntary group - Kilkenny and Carlow ETB\",\"isPartOf\":{\"@id\":\"https:\/\/kcetb.ie\/en\/#website\"},\"primaryImageOfPage\":{\"@id\":\"https:\/\/kcetb.ie\/further-education-training\/i-am-a-community-and-voluntary-group\/#primaryimage\"},\"image\":{\"@id\":\"https:\/\/kcetb.ie\/further-education-training\/i-am-a-community-and-voluntary-group\/#primaryimage\"},\"thumbnailUrl\":\"https:\/\/kcetb.ie\/wp-content\/uploads\/2022\/05\/Friends-hands-together.webp\",\"datePublished\":\"2022-03-21T17:46:59+00:00\",\"dateModified\":\"2024-11-22T10:46:52+00:00\",\"description\":\"I am a community and voluntary group Community Education Community education is a process of learning and change. It takes place within the community and\",\"breadcrumb\":{\"@id\":\"https:\/\/kcetb.ie\/further-education-training\/i-am-a-community-and-voluntary-group\/#breadcrumb\"},\"inLanguage\":\"GA\",\"potentialAction\":[{\"@type\":\"ReadAction\",\"target\":[\"https:\/\/kcetb.ie\/further-education-training\/i-am-a-community-and-voluntary-group\/\"]}]},{\"@type\":\"ImageObject\",\"inLanguage\":\"GA\",\"@id\":\"https:\/\/kcetb.ie\/further-education-training\/i-am-a-community-and-voluntary-group\/#primaryimage\",\"url\":\"https:\/\/kcetb.ie\/wp-content\/uploads\/2022\/05\/Friends-hands-together.webp\",\"contentUrl\":\"https:\/\/kcetb.ie\/wp-content\/uploads\/2022\/05\/Friends-hands-together.webp\",\"width\":2000,\"height\":1333,\"caption\":\"Friends hands together\"},{\"@type\":\"BreadcrumbList\",\"@id\":\"https:\/\/kcetb.ie\/further-education-training\/i-am-a-community-and-voluntary-group\/#breadcrumb\",\"itemListElement\":[{\"@type\":\"ListItem\",\"position\":1,\"name\":\"Home\",\"item\":\"https:\/\/kcetb.ie\/en\/\"},{\"@type\":\"ListItem\",\"position\":2,\"name\":\"Further Education and Training\",\"item\":\"https:\/\/kcetb.ie\/further-education-training\/\"},{\"@type\":\"ListItem\",\"position\":3,\"name\":\"I am a community and voluntary group\"}]},{\"@type\":\"WebSite\",\"@id\":\"https:\/\/kcetb.ie\/en\/#website\",\"url\":\"https:\/\/kcetb.ie\/en\/\",\"name\":\"Kilkenny and Carlow ETB\",\"description\":\"KCETB Kilkenny and Carlow Education and Training Board\",\"publisher\":{\"@id\":\"https:\/\/kcetb.ie\/en\/#organization\"},\"potentialAction\":[{\"@type\":\"SearchAction\",\"target\":{\"@type\":\"EntryPoint\",\"urlTemplate\":\"https:\/\/kcetb.ie\/en\/?s={search_term_string}\"},\"query-input\":{\"@type\":\"PropertyValueSpecification\",\"valueRequired\":true,\"valueName\":\"search_term_string\"}}],\"inLanguage\":\"GA\"},{\"@type\":\"Organization\",\"@id\":\"https:\/\/kcetb.ie\/en\/#organization\",\"name\":\"Kilkenny and Carlow Education and Training Board (KCETB)\",\"url\":\"https:\/\/kcetb.ie\/en\/\",\"logo\":{\"@type\":\"ImageObject\",\"inLanguage\":\"GA\",\"@id\":\"https:\/\/kcetb.ie\/en\/#\/schema\/logo\/image\/\",\"url\":\"https:\/\/kcetb.ie\/wp-content\/uploads\/2022\/02\/kcetb-logo.jpeg\",\"contentUrl\":\"https:\/\/kcetb.ie\/wp-content\/uploads\/2022\/02\/kcetb-logo.jpeg\",\"width\":664,\"height\":246,\"caption\":\"Kilkenny and Carlow Education and Training Board (KCETB)\"},\"image\":{\"@id\":\"https:\/\/kcetb.ie\/en\/#\/schema\/logo\/image\/\"}}]}<\/script>\n<!-- \/ Yoast SEO plugin. -->","yoast_head_json":{"title":"Is gr\u00fapa pobail agus deonach m\u00e9 - BOO Chill Chainnigh agus Cheatharlach","description":"Is gr\u00fapa pobail agus deonach m\u00e9 Oideachas Pobail Is pr\u00f3iseas foghlama agus athraithe \u00e9 oideachas pobail. B\u00edonn s\u00e9 ar si\u00fal laistigh den phobal agus","robots":{"index":"index","follow":"follow","max-snippet":"max-snippet:-1","max-image-preview":"max-image-preview:large","max-video-preview":"max-video-preview:-1"},"canonical":"https:\/\/kcetb.ie\/ga\/breisoideachas-oiliuint\/grupa-pobail-agus-deonach\/","og_locale":"en_US","og_type":"article","og_title":"I am a community and voluntary group - Kilkenny and Carlow ETB","og_description":"I am a community and voluntary group Community Education Community education is a process of learning and change. It takes place within the community and","og_url":"https:\/\/kcetb.ie\/ga\/breisoideachas-oiliuint\/grupa-pobail-agus-deonach\/","og_site_name":"Kilkenny and Carlow ETB","article_modified_time":"2024-11-22T10:46:52+00:00","og_image":[{"width":2000,"height":1333,"url":"https:\/\/kcetb.ie\/wp-content\/uploads\/2022\/05\/Friends-hands-together.webp","type":"image\/webp"}],"twitter_card":"summary_large_image","twitter_misc":{"Est. reading time":"1 minute"},"schema":{"@context":"https:\/\/schema.org","@graph":[{"@type":"WebPage","@id":"https:\/\/kcetb.ie\/further-education-training\/i-am-a-community-and-voluntary-group\/","url":"https:\/\/kcetb.ie\/further-education-training\/i-am-a-community-and-voluntary-group\/","name":"Is gr\u00fapa pobail agus deonach m\u00e9 - BOO Chill Chainnigh agus Cheatharlach","isPartOf":{"@id":"https:\/\/kcetb.ie\/en\/#website"},"primaryImageOfPage":{"@id":"https:\/\/kcetb.ie\/further-education-training\/i-am-a-community-and-voluntary-group\/#primaryimage"},"image":{"@id":"https:\/\/kcetb.ie\/further-education-training\/i-am-a-community-and-voluntary-group\/#primaryimage"},"thumbnailUrl":"https:\/\/kcetb.ie\/wp-content\/uploads\/2022\/05\/Friends-hands-together.webp","datePublished":"2022-03-21T17:46:59+00:00","dateModified":"2024-11-22T10:46:52+00:00","description":"Is gr\u00fapa pobail agus deonach m\u00e9 Oideachas Pobail Is pr\u00f3iseas foghlama agus athraithe \u00e9 oideachas pobail. B\u00edonn s\u00e9 ar si\u00fal laistigh den phobal agus","breadcrumb":{"@id":"https:\/\/kcetb.ie\/further-education-training\/i-am-a-community-and-voluntary-group\/#breadcrumb"},"inLanguage":"GA","potentialAction":[{"@type":"ReadAction","target":["https:\/\/kcetb.ie\/further-education-training\/i-am-a-community-and-voluntary-group\/"]}]},{"@type":"ImageObject","inLanguage":"GA","@id":"https:\/\/kcetb.ie\/further-education-training\/i-am-a-community-and-voluntary-group\/#primaryimage","url":"https:\/\/kcetb.ie\/wp-content\/uploads\/2022\/05\/Friends-hands-together.webp","contentUrl":"https:\/\/kcetb.ie\/wp-content\/uploads\/2022\/05\/Friends-hands-together.webp","width":2000,"height":1333,"caption":"Friends hands together"},{"@type":"BreadcrumbList","@id":"https:\/\/kcetb.ie\/further-education-training\/i-am-a-community-and-voluntary-group\/#breadcrumb","itemListElement":[{"@type":"ListItem","position":1,"name":"Home","item":"https:\/\/kcetb.ie\/en\/"},{"@type":"ListItem","position":2,"name":"Further Education and Training","item":"https:\/\/kcetb.ie\/further-education-training\/"},{"@type":"ListItem","position":3,"name":"I am a community and voluntary group"}]},{"@type":"WebSite","@id":"https:\/\/kcetb.ie\/en\/#website","url":"https:\/\/kcetb.ie\/en\/","name":"BOO Chill Chainnigh agus Cheatharlach","description":"KCETB Bord Oideachais agus Oili\u00fana Chill Chainnigh agus Cheatharlach","publisher":{"@id":"https:\/\/kcetb.ie\/en\/#organization"},"potentialAction":[{"@type":"SearchAction","target":{"@type":"EntryPoint","urlTemplate":"https:\/\/kcetb.ie\/en\/?s={search_term_string}"},"query-input":{"@type":"PropertyValueSpecification","valueRequired":true,"valueName":"search_term_string"}}],"inLanguage":"GA"},{"@type":"Organization","@id":"https:\/\/kcetb.ie\/en\/#organization","name":"Bord Oideachais agus Oili\u00fana Chill Chainnigh agus Cheatharlach (BOOCCC)","url":"https:\/\/kcetb.ie\/en\/","logo":{"@type":"ImageObject","inLanguage":"GA","@id":"https:\/\/kcetb.ie\/en\/#\/schema\/logo\/image\/","url":"https:\/\/kcetb.ie\/wp-content\/uploads\/2022\/02\/kcetb-logo.jpeg","contentUrl":"https:\/\/kcetb.ie\/wp-content\/uploads\/2022\/02\/kcetb-logo.jpeg","width":664,"height":246,"caption":"Kilkenny and Carlow Education and Training Board (KCETB)"},"image":{"@id":"https:\/\/kcetb.ie\/en\/#\/schema\/logo\/image\/"}}]}},"_links":{"self":[{"href":"https:\/\/kcetb.ie\/ga\/wp-json\/wp\/v2\/pages\/1946","targetHints":{"allow":["GET"]}}],"collection":[{"href":"https:\/\/kcetb.ie\/ga\/wp-json\/wp\/v2\/pages"}],"about":[{"href":"https:\/\/kcetb.ie\/ga\/wp-json\/wp\/v2\/types\/page"}],"author":[{"embeddable":true,"href":"https:\/\/kcetb.ie\/ga\/wp-json\/wp\/v2\/users\/2"}],"replies":[{"embeddable":true,"href":"https:\/\/kcetb.ie\/ga\/wp-json\/wp\/v2\/comments?post=1946"}],"version-history":[{"count":440,"href":"https:\/\/kcetb.ie\/ga\/wp-json\/wp\/v2\/pages\/1946\/revisions"}],"predecessor-version":[{"id":31183,"href":"https:\/\/kcetb.ie\/ga\/wp-json\/wp\/v2\/pages\/1946\/revisions\/31183"}],"up":[{"embeddable":true,"href":"https:\/\/kcetb.ie\/ga\/wp-json\/wp\/v2\/pages\/27"}],"wp:featuredmedia":[{"embeddable":true,"href":"https:\/\/kcetb.ie\/ga\/wp-json\/wp\/v2\/media\/5329"}],"wp:attachment":[{"href":"https:\/\/kcetb.ie\/ga\/wp-json\/wp\/v2\/media?parent=1946"}],"curies":[{"name":"wp","href":"https:\/\/api.w.org\/{rel}","templated":true}]}}