{"id":16738,"date":"2022-06-13T13:03:31","date_gmt":"2022-06-13T12:03:31","guid":{"rendered":"https:\/\/kcetb.ie\/?page_id=16738"},"modified":"2025-03-03T10:16:04","modified_gmt":"2025-03-03T10:16:04","slug":"an-nuacht-is-deanai","status":"publish","type":"page","link":"https:\/\/kcetb.ie\/ga\/latest-news\/","title":{"rendered":"Nuacht"},"content":{"rendered":"<div data-elementor-type=\"wp-page\" data-elementor-id=\"16738\" class=\"elementor elementor-16738\" data-elementor-post-type=\"page\">\n\t\t\t\t\t\t<section class=\"elementor-section elementor-top-section elementor-element elementor-element-978723c elementor-section-full_width elementor-section-height-min-height elementor-section-stretched elementor-section-items-bottom elementor-section-height-default\" data-id=\"978723c\" data-element_type=\"section\" data-e-type=\"section\" data-settings=\"{&quot;stretch_section&quot;:&quot;section-stretched&quot;,&quot;background_background&quot;:&quot;classic&quot;}\">\n\t\t\t\t\t\t\t<div class=\"elementor-background-overlay\"><\/div>\n\t\t\t\t\t\t\t<div class=\"elementor-container elementor-column-gap-no\">\n\t\t\t\t\t<div class=\"elementor-column elementor-col-100 elementor-top-column elementor-element elementor-element-0522b9e\" data-id=\"0522b9e\" data-element_type=\"column\" data-e-type=\"column\">\n\t\t\t<div class=\"elementor-widget-wrap elementor-element-populated\">\n\t\t\t\t\t\t<div class=\"elementor-element elementor-element-82cadae elementor-widget__width-inherit elementor-widget elementor-widget-heading\" data-id=\"82cadae\" data-element_type=\"widget\" data-e-type=\"widget\" data-widget_type=\"heading.default\">\n\t\t\t\t<div class=\"elementor-widget-container\">\n\t\t\t\t\t<h1 class=\"elementor-heading-title elementor-size-default\">An nuacht is d\u00e9ana\u00ed<\/h1>\t\t\t\t<\/div>\n\t\t\t\t<\/div>\n\t\t\t\t\t<\/div>\n\t\t<\/div>\n\t\t\t\t\t<\/div>\n\t\t<\/section>\n\t\t\t\t<section class=\"elementor-section elementor-top-section elementor-element elementor-element-bfbe16d elementor-section-boxed elementor-section-height-default elementor-section-height-default\" data-id=\"bfbe16d\" data-element_type=\"section\" data-e-type=\"section\">\n\t\t\t\t\t\t<div class=\"elementor-container elementor-column-gap-default\">\n\t\t\t\t\t<div class=\"elementor-column elementor-col-100 elementor-top-column elementor-element elementor-element-3fee3e8\" data-id=\"3fee3e8\" data-element_type=\"column\" data-e-type=\"column\">\n\t\t\t<div class=\"elementor-widget-wrap elementor-element-populated\">\n\t\t\t\t\t\t<div class=\"elementor-element elementor-element-98300db latest-news elementor-grid-3 elementor-grid-tablet-2 elementor-grid-mobile-1 elementor-posts--thumbnail-top elementor-card-shadow-yes elementor-posts__hover-gradient load-more-align-center elementor-widget elementor-widget-posts\" data-id=\"98300db\" data-element_type=\"widget\" data-e-type=\"widget\" data-settings=\"{&quot;pagination_type&quot;:&quot;load_more_on_click&quot;,&quot;cards_columns&quot;:&quot;3&quot;,&quot;cards_columns_tablet&quot;:&quot;2&quot;,&quot;cards_columns_mobile&quot;:&quot;1&quot;,&quot;cards_row_gap&quot;:{&quot;unit&quot;:&quot;px&quot;,&quot;size&quot;:35,&quot;sizes&quot;:[]},&quot;cards_row_gap_tablet_extra&quot;:{&quot;unit&quot;:&quot;px&quot;,&quot;size&quot;:&quot;&quot;,&quot;sizes&quot;:[]},&quot;cards_row_gap_tablet&quot;:{&quot;unit&quot;:&quot;px&quot;,&quot;size&quot;:&quot;&quot;,&quot;sizes&quot;:[]},&quot;cards_row_gap_mobile_extra&quot;:{&quot;unit&quot;:&quot;px&quot;,&quot;size&quot;:&quot;&quot;,&quot;sizes&quot;:[]},&quot;cards_row_gap_mobile&quot;:{&quot;unit&quot;:&quot;px&quot;,&quot;size&quot;:&quot;&quot;,&quot;sizes&quot;:[]},&quot;load_more_spinner&quot;:{&quot;value&quot;:&quot;fas fa-spinner&quot;,&quot;library&quot;:&quot;fa-solid&quot;}}\" data-widget_type=\"posts.cards\">\n\t\t\t\t<div class=\"elementor-widget-container\">\n\t\t\t\t\t\t\t<div class=\"elementor-posts-container elementor-posts elementor-posts--skin-cards elementor-grid\" role=\"list\">\n\t\t\t\t<article class=\"elementor-post elementor-grid-item post-33319 post type-post status-publish format-standard has-post-thumbnail hentry category-blog entry\" role=\"listitem\">\n\t\t\t<div class=\"elementor-post__card\">\n\t\t\t\t<a class=\"elementor-post__thumbnail__link\" href=\"https:\/\/kcetb.ie\/ga\/scoil-aireagail-win-aib-future-sparks-school-impact-award\/\" tabindex=\"-1\" ><div class=\"elementor-post__thumbnail\"><img fetchpriority=\"high\" decoding=\"async\" width=\"750\" height=\"563\" src=\"https:\/\/kcetb.ie\/wp-content\/uploads\/2026\/05\/26031-768x576.jpg\" class=\"attachment-medium_large size-medium_large wp-image-33320\" alt=\"Scoil Aireagail students with award\" srcset=\"https:\/\/kcetb.ie\/wp-content\/uploads\/2026\/05\/26031-768x576.jpg 768w, https:\/\/kcetb.ie\/wp-content\/uploads\/2026\/05\/26031-300x225.jpg 300w, https:\/\/kcetb.ie\/wp-content\/uploads\/2026\/05\/26031-1024x768.jpg 1024w, https:\/\/kcetb.ie\/wp-content\/uploads\/2026\/05\/26031-1536x1152.jpg 1536w, https:\/\/kcetb.ie\/wp-content\/uploads\/2026\/05\/26031-16x12.jpg 16w, https:\/\/kcetb.ie\/wp-content\/uploads\/2026\/05\/26031-1568x1176.jpg 1568w, https:\/\/kcetb.ie\/wp-content\/uploads\/2026\/05\/26031.jpg 1600w\" sizes=\"(max-width: 750px) 100vw, 750px\" style=\"width:100%;height:75%;max-width:1600px;\" \/><\/div><\/a>\n\t\t\t\t<div class=\"elementor-post__text\">\n\t\t\t\t<h4 class=\"elementor-post__title\">\n\t\t\t<a href=\"https:\/\/kcetb.ie\/ga\/scoil-aireagail-win-aib-future-sparks-school-impact-award\/\" >\n\t\t\t\tScoil Aireagail win AIB Future Sparks School Impact Award\t\t\t<\/a>\n\t\t<\/h4>\n\t\t\n\t\t<a class=\"elementor-post__read-more\" href=\"https:\/\/kcetb.ie\/ga\/scoil-aireagail-win-aib-future-sparks-school-impact-award\/\" aria-label=\"Read more about Scoil Aireagail win AIB Future Sparks School Impact Award\" tabindex=\"-1\" >\n\t\t\tLeigh N\u00edos M\u00f3\t\t<\/a>\n\n\t\t\t\t<\/div>\n\t\t\t\t\t<\/div>\n\t\t<\/article>\n\t\t\t\t<article class=\"elementor-post elementor-grid-item post-33315 post type-post status-publish format-standard has-post-thumbnail hentry category-blog entry\" role=\"listitem\">\n\t\t\t<div class=\"elementor-post__card\">\n\t\t\t\t<a class=\"elementor-post__thumbnail__link\" href=\"https:\/\/kcetb.ie\/ga\/kcetb-fet-learner-voice-forum\/\" tabindex=\"-1\" ><div class=\"elementor-post__thumbnail\"><img decoding=\"async\" width=\"750\" height=\"497\" src=\"https:\/\/kcetb.ie\/wp-content\/uploads\/2026\/04\/06-0A7A8972-768x509.jpg\" class=\"attachment-medium_large size-medium_large wp-image-33316\" alt=\"FET Staff pictured in group setting\" srcset=\"https:\/\/kcetb.ie\/wp-content\/uploads\/2026\/04\/06-0A7A8972-768x509.jpg 768w, https:\/\/kcetb.ie\/wp-content\/uploads\/2026\/04\/06-0A7A8972-300x199.jpg 300w, https:\/\/kcetb.ie\/wp-content\/uploads\/2026\/04\/06-0A7A8972-1024x679.jpg 1024w, https:\/\/kcetb.ie\/wp-content\/uploads\/2026\/04\/06-0A7A8972-1536x1018.jpg 1536w, https:\/\/kcetb.ie\/wp-content\/uploads\/2026\/04\/06-0A7A8972-2048x1358.jpg 2048w, https:\/\/kcetb.ie\/wp-content\/uploads\/2026\/04\/06-0A7A8972-18x12.jpg 18w, https:\/\/kcetb.ie\/wp-content\/uploads\/2026\/04\/06-0A7A8972-1568x1039.jpg 1568w\" sizes=\"(max-width: 750px) 100vw, 750px\" style=\"width:100%;height:66.29%;max-width:2560px;\" \/><\/div><\/a>\n\t\t\t\t<div class=\"elementor-post__text\">\n\t\t\t\t<h4 class=\"elementor-post__title\">\n\t\t\t<a href=\"https:\/\/kcetb.ie\/ga\/kcetb-fet-learner-voice-forum\/\" >\n\t\t\t\tKCETB FET Learner Voice Forum\t\t\t<\/a>\n\t\t<\/h4>\n\t\t\n\t\t<a class=\"elementor-post__read-more\" href=\"https:\/\/kcetb.ie\/ga\/kcetb-fet-learner-voice-forum\/\" aria-label=\"Read more about KCETB FET Learner Voice Forum\" tabindex=\"-1\" >\n\t\t\tLeigh N\u00edos M\u00f3\t\t<\/a>\n\n\t\t\t\t<\/div>\n\t\t\t\t\t<\/div>\n\t\t<\/article>\n\t\t\t\t<article class=\"elementor-post elementor-grid-item post-33309 post type-post status-publish format-standard has-post-thumbnail hentry category-blog entry\" role=\"listitem\">\n\t\t\t<div class=\"elementor-post__card\">\n\t\t\t\t<a class=\"elementor-post__thumbnail__link\" href=\"https:\/\/kcetb.ie\/ga\/kcetb-students-awarded-prestigious-all-ireland-scholarships\/\" tabindex=\"-1\" ><div class=\"elementor-post__thumbnail\"><img decoding=\"async\" width=\"750\" height=\"563\" src=\"https:\/\/kcetb.ie\/wp-content\/uploads\/2026\/04\/1000000197-768x576.jpg\" class=\"attachment-medium_large size-medium_large wp-image-33310\" alt=\"All Ireland scholarship recipients\" srcset=\"https:\/\/kcetb.ie\/wp-content\/uploads\/2026\/04\/1000000197-768x576.jpg 768w, https:\/\/kcetb.ie\/wp-content\/uploads\/2026\/04\/1000000197-300x225.jpg 300w, https:\/\/kcetb.ie\/wp-content\/uploads\/2026\/04\/1000000197-1024x768.jpg 1024w, https:\/\/kcetb.ie\/wp-content\/uploads\/2026\/04\/1000000197-1536x1152.jpg 1536w, https:\/\/kcetb.ie\/wp-content\/uploads\/2026\/04\/1000000197-2048x1536.jpg 2048w, https:\/\/kcetb.ie\/wp-content\/uploads\/2026\/04\/1000000197-16x12.jpg 16w, https:\/\/kcetb.ie\/wp-content\/uploads\/2026\/04\/1000000197-1568x1176.jpg 1568w\" sizes=\"(max-width: 750px) 100vw, 750px\" style=\"width:100%;height:75%;max-width:2560px;\" \/><\/div><\/a>\n\t\t\t\t<div class=\"elementor-post__text\">\n\t\t\t\t<h4 class=\"elementor-post__title\">\n\t\t\t<a href=\"https:\/\/kcetb.ie\/ga\/kcetb-students-awarded-prestigious-all-ireland-scholarships\/\" >\n\t\t\t\tKCETB Students awarded prestigious All-Ireland Scholarships\t\t\t<\/a>\n\t\t<\/h4>\n\t\t\n\t\t<a class=\"elementor-post__read-more\" href=\"https:\/\/kcetb.ie\/ga\/kcetb-students-awarded-prestigious-all-ireland-scholarships\/\" aria-label=\"Read more about KCETB Students awarded prestigious All-Ireland Scholarships\" tabindex=\"-1\" >\n\t\t\tLeigh N\u00edos M\u00f3\t\t<\/a>\n\n\t\t\t\t<\/div>\n\t\t\t\t\t<\/div>\n\t\t<\/article>\n\t\t\t\t<article class=\"elementor-post elementor-grid-item post-33306 post type-post status-publish format-standard has-post-thumbnail hentry category-blog entry\" role=\"listitem\">\n\t\t\t<div class=\"elementor-post__card\">\n\t\t\t\t<a class=\"elementor-post__thumbnail__link\" href=\"https:\/\/kcetb.ie\/ga\/kilkenny-carlow-etb-hears-all-children-are-different-and-all-children-belong-at-national-inclusive-special-education-conference\/\" tabindex=\"-1\" ><div class=\"elementor-post__thumbnail\"><img loading=\"lazy\" decoding=\"async\" width=\"750\" height=\"500\" src=\"https:\/\/kcetb.ie\/wp-content\/uploads\/2026\/04\/Kilkenny-Carlow-Education-and-Training-Board-ETB-Chief-Executive-Linday-Malone-and-Director-of-Schools-Pauline-Egan-centre-pictured-with-representatives-inclusio-768x512.jpg\" class=\"attachment-medium_large size-medium_large wp-image-33304\" alt=\"KCETB Chief Executive Dr. Lindsay Malone and Director of Schools Dr. Pauline Egan (centre)\" srcset=\"https:\/\/kcetb.ie\/wp-content\/uploads\/2026\/04\/Kilkenny-Carlow-Education-and-Training-Board-ETB-Chief-Executive-Linday-Malone-and-Director-of-Schools-Pauline-Egan-centre-pictured-with-representatives-inclusio-768x512.jpg 768w, https:\/\/kcetb.ie\/wp-content\/uploads\/2026\/04\/Kilkenny-Carlow-Education-and-Training-Board-ETB-Chief-Executive-Linday-Malone-and-Director-of-Schools-Pauline-Egan-centre-pictured-with-representatives-inclusio-300x200.jpg 300w, https:\/\/kcetb.ie\/wp-content\/uploads\/2026\/04\/Kilkenny-Carlow-Education-and-Training-Board-ETB-Chief-Executive-Linday-Malone-and-Director-of-Schools-Pauline-Egan-centre-pictured-with-representatives-inclusio-1024x683.jpg 1024w, https:\/\/kcetb.ie\/wp-content\/uploads\/2026\/04\/Kilkenny-Carlow-Education-and-Training-Board-ETB-Chief-Executive-Linday-Malone-and-Director-of-Schools-Pauline-Egan-centre-pictured-with-representatives-inclusio-1536x1024.jpg 1536w, https:\/\/kcetb.ie\/wp-content\/uploads\/2026\/04\/Kilkenny-Carlow-Education-and-Training-Board-ETB-Chief-Executive-Linday-Malone-and-Director-of-Schools-Pauline-Egan-centre-pictured-with-representatives-inclusio-2048x1365.jpg 2048w, https:\/\/kcetb.ie\/wp-content\/uploads\/2026\/04\/Kilkenny-Carlow-Education-and-Training-Board-ETB-Chief-Executive-Linday-Malone-and-Director-of-Schools-Pauline-Egan-centre-pictured-with-representatives-inclusio-18x12.jpg 18w, https:\/\/kcetb.ie\/wp-content\/uploads\/2026\/04\/Kilkenny-Carlow-Education-and-Training-Board-ETB-Chief-Executive-Linday-Malone-and-Director-of-Schools-Pauline-Egan-centre-pictured-with-representatives-inclusio-1568x1045.jpg 1568w\" sizes=\"(max-width: 750px) 100vw, 750px\" style=\"width:100%;height:66.68%;max-width:2560px;\" \/><\/div><\/a>\n\t\t\t\t<div class=\"elementor-post__text\">\n\t\t\t\t<h4 class=\"elementor-post__title\">\n\t\t\t<a href=\"https:\/\/kcetb.ie\/ga\/kilkenny-carlow-etb-hears-all-children-are-different-and-all-children-belong-at-national-inclusive-special-education-conference\/\" >\n\t\t\t\tKilkenny &#038; Carlow ETB hears, \u201call children are different, and all children belong\u201d at National Inclusive Special Education Conference\t\t\t<\/a>\n\t\t<\/h4>\n\t\t\n\t\t<a class=\"elementor-post__read-more\" href=\"https:\/\/kcetb.ie\/ga\/kilkenny-carlow-etb-hears-all-children-are-different-and-all-children-belong-at-national-inclusive-special-education-conference\/\" aria-label=\"Read more about Kilkenny &#038; Carlow ETB hears, \u201call children are different, and all children belong\u201d at National Inclusive Special Education Conference\" tabindex=\"-1\" >\n\t\t\tLeigh N\u00edos M\u00f3\t\t<\/a>\n\n\t\t\t\t<\/div>\n\t\t\t\t\t<\/div>\n\t\t<\/article>\n\t\t\t\t<article class=\"elementor-post elementor-grid-item post-33296 post type-post status-publish format-standard has-post-thumbnail hentry category-blog entry\" role=\"listitem\">\n\t\t\t<div class=\"elementor-post__card\">\n\t\t\t\t<a class=\"elementor-post__thumbnail__link\" href=\"https:\/\/kcetb.ie\/ga\/music-generation-the-focus-of-new-exhibition-at-carlow-town-library\/\" tabindex=\"-1\" ><div class=\"elementor-post__thumbnail\"><img loading=\"lazy\" decoding=\"async\" width=\"750\" height=\"500\" src=\"https:\/\/kcetb.ie\/wp-content\/uploads\/2026\/04\/169DG406767DGM-768x512.jpg\" class=\"attachment-medium_large size-medium_large wp-image-33297\" alt=\"musicians in concert at Tower Live\" srcset=\"https:\/\/kcetb.ie\/wp-content\/uploads\/2026\/04\/169DG406767DGM-768x512.jpg 768w, https:\/\/kcetb.ie\/wp-content\/uploads\/2026\/04\/169DG406767DGM-300x200.jpg 300w, https:\/\/kcetb.ie\/wp-content\/uploads\/2026\/04\/169DG406767DGM-1024x683.jpg 1024w, https:\/\/kcetb.ie\/wp-content\/uploads\/2026\/04\/169DG406767DGM-1536x1024.jpg 1536w, https:\/\/kcetb.ie\/wp-content\/uploads\/2026\/04\/169DG406767DGM-2048x1365.jpg 2048w, https:\/\/kcetb.ie\/wp-content\/uploads\/2026\/04\/169DG406767DGM-18x12.jpg 18w, https:\/\/kcetb.ie\/wp-content\/uploads\/2026\/04\/169DG406767DGM-1568x1045.jpg 1568w\" sizes=\"(max-width: 750px) 100vw, 750px\" style=\"width:100%;height:66.68%;max-width:2560px;\" \/><\/div><\/a>\n\t\t\t\t<div class=\"elementor-post__text\">\n\t\t\t\t<h4 class=\"elementor-post__title\">\n\t\t\t<a href=\"https:\/\/kcetb.ie\/ga\/music-generation-the-focus-of-new-exhibition-at-carlow-town-library\/\" >\n\t\t\t\tMusic Generation the Focus of new Exhibition at Carlow Town Library\t\t\t<\/a>\n\t\t<\/h4>\n\t\t\n\t\t<a class=\"elementor-post__read-more\" href=\"https:\/\/kcetb.ie\/ga\/music-generation-the-focus-of-new-exhibition-at-carlow-town-library\/\" aria-label=\"Read more about Music Generation the Focus of new Exhibition at Carlow Town Library\" tabindex=\"-1\" >\n\t\t\tLeigh N\u00edos M\u00f3\t\t<\/a>\n\n\t\t\t\t<\/div>\n\t\t\t\t\t<\/div>\n\t\t<\/article>\n\t\t\t\t<article class=\"elementor-post elementor-grid-item post-33286 post type-post status-publish format-standard has-post-thumbnail hentry category-blog entry\" role=\"listitem\">\n\t\t\t<div class=\"elementor-post__card\">\n\t\t\t\t<a class=\"elementor-post__thumbnail__link\" href=\"https:\/\/kcetb.ie\/ga\/kcetb-shares-its-adoption-of-the-altitude-charter\/\" tabindex=\"-1\" ><div class=\"elementor-post__thumbnail\"><img loading=\"lazy\" decoding=\"async\" width=\"750\" height=\"500\" src=\"https:\/\/kcetb.ie\/wp-content\/uploads\/2026\/04\/Altitude-summit-0796-768x512.jpg\" class=\"attachment-medium_large size-medium_large wp-image-33287\" alt=\"Martha Bolger at Ahead Conference\" srcset=\"https:\/\/kcetb.ie\/wp-content\/uploads\/2026\/04\/Altitude-summit-0796-768x512.jpg 768w, https:\/\/kcetb.ie\/wp-content\/uploads\/2026\/04\/Altitude-summit-0796-300x200.jpg 300w, https:\/\/kcetb.ie\/wp-content\/uploads\/2026\/04\/Altitude-summit-0796-1024x683.jpg 1024w, https:\/\/kcetb.ie\/wp-content\/uploads\/2026\/04\/Altitude-summit-0796-1536x1024.jpg 1536w, https:\/\/kcetb.ie\/wp-content\/uploads\/2026\/04\/Altitude-summit-0796-2048x1365.jpg 2048w, https:\/\/kcetb.ie\/wp-content\/uploads\/2026\/04\/Altitude-summit-0796-18x12.jpg 18w, https:\/\/kcetb.ie\/wp-content\/uploads\/2026\/04\/Altitude-summit-0796-1568x1045.jpg 1568w\" sizes=\"(max-width: 750px) 100vw, 750px\" style=\"width:100%;height:66.67%;max-width:2400px;\" \/><\/div><\/a>\n\t\t\t\t<div class=\"elementor-post__text\">\n\t\t\t\t<h4 class=\"elementor-post__title\">\n\t\t\t<a href=\"https:\/\/kcetb.ie\/ga\/kcetb-shares-its-adoption-of-the-altitude-charter\/\" >\n\t\t\t\tKCETB Shares its Adoption of the ALTITUDE Charter\t\t\t<\/a>\n\t\t<\/h4>\n\t\t\n\t\t<a class=\"elementor-post__read-more\" href=\"https:\/\/kcetb.ie\/ga\/kcetb-shares-its-adoption-of-the-altitude-charter\/\" aria-label=\"Read more about KCETB Shares its Adoption of the ALTITUDE Charter\" tabindex=\"-1\" >\n\t\t\tLeigh N\u00edos M\u00f3\t\t<\/a>\n\n\t\t\t\t<\/div>\n\t\t\t\t\t<\/div>\n\t\t<\/article>\n\t\t\t\t<\/div>\n\t\t\t\t\t<span class=\"e-load-more-spinner\">\n\t\t\t\t<i aria-hidden=\"true\" class=\"fas fa-spinner\"><\/i>\t\t\t<\/span>\n\t\t\n\t\t\t\t<div class=\"e-load-more-anchor\" data-page=\"1\" data-max-page=\"19\" data-next-page=\"https:\/\/kcetb.ie\/ga\/wp-json\/wp\/v2\/pages\/16738\/page\/2\/\"><\/div>\n\t\t\t\t<div class=\"elementor-button-wrapper\">\n\t\t\t<a class=\"elementor-button elementor-size-sm\" role=\"button\">\n\t\t\t\t\t\t<span class=\"elementor-button-content-wrapper\">\n\t\t\t\t\t\t\t\t\t<span class=\"elementor-button-text\">Luchtaigh N\u00edos m\u00f3<\/span>\n\t\t\t\t\t<\/span>\n\t\t\t\t\t<\/a>\n\t\t<\/div>\n\t\t\t\t<div class=\"e-load-more-message\">N\u00edl a thuilleadh post\u00e1lacha le taispe\u00e1int<\/div>\n\t\t\t\t\t\t<\/div>\n\t\t\t\t<\/div>\n\t\t\t\t\t<\/div>\n\t\t<\/div>\n\t\t\t\t\t<\/div>\n\t\t<\/section>\n\t\t\t\t<\/div>","protected":false},"excerpt":{"rendered":"<p>An nuacht is d\u00e9ana\u00ed<\/p>","protected":false},"author":1,"featured_media":1712,"parent":0,"menu_order":6,"comment_status":"closed","ping_status":"closed","template":"elementor_header_footer","meta":{"footnotes":""},"class_list":["post-16738","page","type-page","status-publish","has-post-thumbnail","hentry","entry"],"yoast_head":"<!-- This site is optimized with the Yoast SEO plugin v27.2 - https:\/\/yoast.com\/product\/yoast-seo-wordpress\/ -->\n<title>News - Kilkenny and Carlow ETB<\/title>\n<meta name=\"description\" content=\"Latest News\" \/>\n<meta name=\"robots\" content=\"index, follow, max-snippet:-1, max-image-preview:large, max-video-preview:-1\" \/>\n<link rel=\"canonical\" href=\"https:\/\/kcetb.ie\/ga\/an-nuacht-is-deanai\/\" \/>\n<meta property=\"og:locale\" content=\"en_US\" \/>\n<meta property=\"og:type\" content=\"article\" \/>\n<meta property=\"og:title\" content=\"News - Kilkenny and Carlow ETB\" \/>\n<meta property=\"og:description\" content=\"Latest News\" \/>\n<meta property=\"og:url\" content=\"https:\/\/kcetb.ie\/ga\/an-nuacht-is-deanai\/\" \/>\n<meta property=\"og:site_name\" content=\"Kilkenny and Carlow ETB\" \/>\n<meta property=\"article:modified_time\" content=\"2025-03-03T10:16:04+00:00\" \/>\n<meta property=\"og:image\" content=\"https:\/\/kcetb.ie\/wp-content\/uploads\/2022\/03\/Logo-white-swirl.png\" \/>\n\t<meta property=\"og:image:width\" content=\"1877\" \/>\n\t<meta property=\"og:image:height\" content=\"1850\" \/>\n\t<meta property=\"og:image:type\" content=\"image\/png\" \/>\n<meta name=\"twitter:card\" content=\"summary_large_image\" \/>\n<meta name=\"twitter:label1\" content=\"Est. reading time\" \/>\n\t<meta name=\"twitter:data1\" content=\"2 minutes\" \/>\n<script type=\"application\/ld+json\" class=\"yoast-schema-graph\">{\"@context\":\"https:\/\/schema.org\",\"@graph\":[{\"@type\":\"WebPage\",\"@id\":\"https:\/\/kcetb.ie\/latest-news\/\",\"url\":\"https:\/\/kcetb.ie\/latest-news\/\",\"name\":\"News - Kilkenny and Carlow ETB\",\"isPartOf\":{\"@id\":\"https:\/\/kcetb.ie\/en\/#website\"},\"primaryImageOfPage\":{\"@id\":\"https:\/\/kcetb.ie\/latest-news\/#primaryimage\"},\"image\":{\"@id\":\"https:\/\/kcetb.ie\/latest-news\/#primaryimage\"},\"thumbnailUrl\":\"https:\/\/kcetb.ie\/wp-content\/uploads\/2022\/03\/Logo-white-swirl.png\",\"datePublished\":\"2022-06-13T12:03:31+00:00\",\"dateModified\":\"2025-03-03T10:16:04+00:00\",\"description\":\"Latest News\",\"breadcrumb\":{\"@id\":\"https:\/\/kcetb.ie\/latest-news\/#breadcrumb\"},\"inLanguage\":\"GA\",\"potentialAction\":[{\"@type\":\"ReadAction\",\"target\":[\"https:\/\/kcetb.ie\/latest-news\/\"]}]},{\"@type\":\"ImageObject\",\"inLanguage\":\"GA\",\"@id\":\"https:\/\/kcetb.ie\/latest-news\/#primaryimage\",\"url\":\"https:\/\/kcetb.ie\/wp-content\/uploads\/2022\/03\/Logo-white-swirl.png\",\"contentUrl\":\"https:\/\/kcetb.ie\/wp-content\/uploads\/2022\/03\/Logo-white-swirl.png\",\"width\":1877,\"height\":1850},{\"@type\":\"BreadcrumbList\",\"@id\":\"https:\/\/kcetb.ie\/latest-news\/#breadcrumb\",\"itemListElement\":[{\"@type\":\"ListItem\",\"position\":1,\"name\":\"Home\",\"item\":\"https:\/\/kcetb.ie\/en\/\"},{\"@type\":\"ListItem\",\"position\":2,\"name\":\"News\"}]},{\"@type\":\"WebSite\",\"@id\":\"https:\/\/kcetb.ie\/en\/#website\",\"url\":\"https:\/\/kcetb.ie\/en\/\",\"name\":\"Kilkenny and Carlow ETB\",\"description\":\"KCETB Kilkenny and Carlow Education and Training Board\",\"publisher\":{\"@id\":\"https:\/\/kcetb.ie\/en\/#organization\"},\"potentialAction\":[{\"@type\":\"SearchAction\",\"target\":{\"@type\":\"EntryPoint\",\"urlTemplate\":\"https:\/\/kcetb.ie\/en\/?s={search_term_string}\"},\"query-input\":{\"@type\":\"PropertyValueSpecification\",\"valueRequired\":true,\"valueName\":\"search_term_string\"}}],\"inLanguage\":\"GA\"},{\"@type\":\"Organization\",\"@id\":\"https:\/\/kcetb.ie\/en\/#organization\",\"name\":\"Kilkenny and Carlow Education and Training Board (KCETB)\",\"url\":\"https:\/\/kcetb.ie\/en\/\",\"logo\":{\"@type\":\"ImageObject\",\"inLanguage\":\"GA\",\"@id\":\"https:\/\/kcetb.ie\/en\/#\/schema\/logo\/image\/\",\"url\":\"https:\/\/kcetb.ie\/wp-content\/uploads\/2022\/02\/kcetb-logo.jpeg\",\"contentUrl\":\"https:\/\/kcetb.ie\/wp-content\/uploads\/2022\/02\/kcetb-logo.jpeg\",\"width\":664,\"height\":246,\"caption\":\"Kilkenny and Carlow Education and Training Board (KCETB)\"},\"image\":{\"@id\":\"https:\/\/kcetb.ie\/en\/#\/schema\/logo\/image\/\"}}]}<\/script>\n<!-- \/ Yoast SEO plugin. -->","yoast_head_json":{"title":"Nuacht - BOO Chill Chainnigh agus Cheatharlach","description":"An nuacht is d\u00e9ana\u00ed","robots":{"index":"index","follow":"follow","max-snippet":"max-snippet:-1","max-image-preview":"max-image-preview:large","max-video-preview":"max-video-preview:-1"},"canonical":"https:\/\/kcetb.ie\/ga\/an-nuacht-is-deanai\/","og_locale":"en_US","og_type":"article","og_title":"News - Kilkenny and Carlow ETB","og_description":"Latest News","og_url":"https:\/\/kcetb.ie\/ga\/an-nuacht-is-deanai\/","og_site_name":"Kilkenny and Carlow ETB","article_modified_time":"2025-03-03T10:16:04+00:00","og_image":[{"width":1877,"height":1850,"url":"https:\/\/kcetb.ie\/wp-content\/uploads\/2022\/03\/Logo-white-swirl.png","type":"image\/png"}],"twitter_card":"summary_large_image","twitter_misc":{"Est. reading time":"2 minutes"},"schema":{"@context":"https:\/\/schema.org","@graph":[{"@type":"WebPage","@id":"https:\/\/kcetb.ie\/latest-news\/","url":"https:\/\/kcetb.ie\/latest-news\/","name":"Nuacht - BOO Chill Chainnigh agus Cheatharlach","isPartOf":{"@id":"https:\/\/kcetb.ie\/en\/#website"},"primaryImageOfPage":{"@id":"https:\/\/kcetb.ie\/latest-news\/#primaryimage"},"image":{"@id":"https:\/\/kcetb.ie\/latest-news\/#primaryimage"},"thumbnailUrl":"https:\/\/kcetb.ie\/wp-content\/uploads\/2022\/03\/Logo-white-swirl.png","datePublished":"2022-06-13T12:03:31+00:00","dateModified":"2025-03-03T10:16:04+00:00","description":"An nuacht is d\u00e9ana\u00ed","breadcrumb":{"@id":"https:\/\/kcetb.ie\/latest-news\/#breadcrumb"},"inLanguage":"GA","potentialAction":[{"@type":"ReadAction","target":["https:\/\/kcetb.ie\/latest-news\/"]}]},{"@type":"ImageObject","inLanguage":"GA","@id":"https:\/\/kcetb.ie\/latest-news\/#primaryimage","url":"https:\/\/kcetb.ie\/wp-content\/uploads\/2022\/03\/Logo-white-swirl.png","contentUrl":"https:\/\/kcetb.ie\/wp-content\/uploads\/2022\/03\/Logo-white-swirl.png","width":1877,"height":1850},{"@type":"BreadcrumbList","@id":"https:\/\/kcetb.ie\/latest-news\/#breadcrumb","itemListElement":[{"@type":"ListItem","position":1,"name":"Home","item":"https:\/\/kcetb.ie\/en\/"},{"@type":"ListItem","position":2,"name":"News"}]},{"@type":"WebSite","@id":"https:\/\/kcetb.ie\/en\/#website","url":"https:\/\/kcetb.ie\/en\/","name":"BOO Chill Chainnigh agus Cheatharlach","description":"KCETB Bord Oideachais agus Oili\u00fana Chill Chainnigh agus Cheatharlach","publisher":{"@id":"https:\/\/kcetb.ie\/en\/#organization"},"potentialAction":[{"@type":"SearchAction","target":{"@type":"EntryPoint","urlTemplate":"https:\/\/kcetb.ie\/en\/?s={search_term_string}"},"query-input":{"@type":"PropertyValueSpecification","valueRequired":true,"valueName":"search_term_string"}}],"inLanguage":"GA"},{"@type":"Organization","@id":"https:\/\/kcetb.ie\/en\/#organization","name":"Bord Oideachais agus Oili\u00fana Chill Chainnigh agus Cheatharlach (BOOCCC)","url":"https:\/\/kcetb.ie\/en\/","logo":{"@type":"ImageObject","inLanguage":"GA","@id":"https:\/\/kcetb.ie\/en\/#\/schema\/logo\/image\/","url":"https:\/\/kcetb.ie\/wp-content\/uploads\/2022\/02\/kcetb-logo.jpeg","contentUrl":"https:\/\/kcetb.ie\/wp-content\/uploads\/2022\/02\/kcetb-logo.jpeg","width":664,"height":246,"caption":"Kilkenny and Carlow Education and Training Board (KCETB)"},"image":{"@id":"https:\/\/kcetb.ie\/en\/#\/schema\/logo\/image\/"}}]}},"_links":{"self":[{"href":"https:\/\/kcetb.ie\/ga\/wp-json\/wp\/v2\/pages\/16738","targetHints":{"allow":["GET"]}}],"collection":[{"href":"https:\/\/kcetb.ie\/ga\/wp-json\/wp\/v2\/pages"}],"about":[{"href":"https:\/\/kcetb.ie\/ga\/wp-json\/wp\/v2\/types\/page"}],"author":[{"embeddable":true,"href":"https:\/\/kcetb.ie\/ga\/wp-json\/wp\/v2\/users\/1"}],"replies":[{"embeddable":true,"href":"https:\/\/kcetb.ie\/ga\/wp-json\/wp\/v2\/comments?post=16738"}],"version-history":[{"count":215,"href":"https:\/\/kcetb.ie\/ga\/wp-json\/wp\/v2\/pages\/16738\/revisions"}],"predecessor-version":[{"id":32400,"href":"https:\/\/kcetb.ie\/ga\/wp-json\/wp\/v2\/pages\/16738\/revisions\/32400"}],"wp:featuredmedia":[{"embeddable":true,"href":"https:\/\/kcetb.ie\/ga\/wp-json\/wp\/v2\/media\/1712"}],"wp:attachment":[{"href":"https:\/\/kcetb.ie\/ga\/wp-json\/wp\/v2\/media?parent=16738"}],"curies":[{"name":"wp","href":"https:\/\/api.w.org\/{rel}","templated":true}]}}