{"id":1171,"date":"2022-03-10T15:09:10","date_gmt":"2022-03-10T15:09:10","guid":{"rendered":"https:\/\/kcetb.ie\/?page_id=1171"},"modified":"2024-07-04T17:30:34","modified_gmt":"2024-07-04T16:30:34","slug":"bunscoileanna","status":"publish","type":"page","link":"https:\/\/kcetb.ie\/ga\/schools\/primary-schools\/","title":{"rendered":"Bunscoileanna"},"content":{"rendered":"\t\t<div data-elementor-type=\"wp-page\" data-elementor-id=\"1171\" class=\"elementor elementor-1171\" data-elementor-post-type=\"page\">\n\t\t\t\t\t\t<section class=\"elementor-section elementor-top-section elementor-element elementor-element-5fdf2312 elementor-section-full_width elementor-section-height-min-height elementor-section-stretched elementor-section-items-bottom elementor-section-height-default\" data-id=\"5fdf2312\" data-element_type=\"section\" data-e-type=\"section\" id=\"bannerslide\" data-settings=\"{&quot;stretch_section&quot;:&quot;section-stretched&quot;,&quot;background_background&quot;:&quot;slideshow&quot;,&quot;background_slideshow_gallery&quot;:[{&quot;id&quot;:1662,&quot;url&quot;:&quot;https:\\\/\\\/kcetb.ie\\\/wp-content\\\/uploads\\\/2022\\\/03\\\/Primary-school-Kilkenny-Carlow.jpg&quot;},{&quot;id&quot;:109,&quot;url&quot;:&quot;https:\\\/\\\/kcetb.ie\\\/wp-content\\\/uploads\\\/2022\\\/02\\\/classes.jpg&quot;},{&quot;id&quot;:1125,&quot;url&quot;:&quot;https:\\\/\\\/kcetb.ie\\\/wp-content\\\/uploads\\\/2022\\\/03\\\/erika-fletcher-YfNWGrQI3a4-unsplash.jpg&quot;}],&quot;background_slideshow_loop&quot;:&quot;yes&quot;,&quot;background_slideshow_slide_duration&quot;:5000,&quot;background_slideshow_slide_transition&quot;:&quot;fade&quot;,&quot;background_slideshow_transition_duration&quot;:500}\">\n\t\t\t\t\t\t\t<div class=\"elementor-background-overlay\"><\/div>\n\t\t\t\t\t\t\t<div class=\"elementor-container elementor-column-gap-no\">\n\t\t\t\t\t<div class=\"elementor-column elementor-col-100 elementor-top-column elementor-element elementor-element-2277e777\" data-id=\"2277e777\" data-element_type=\"column\" data-e-type=\"column\">\n\t\t\t<div class=\"elementor-widget-wrap elementor-element-populated\">\n\t\t\t\t\t\t<section class=\"elementor-section elementor-inner-section elementor-element elementor-element-a8ac6f2 elementor-section-full_width elementor-section-height-default elementor-section-height-default\" data-id=\"a8ac6f2\" data-element_type=\"section\" data-e-type=\"section\" data-settings=\"{&quot;background_background&quot;:&quot;classic&quot;}\">\n\t\t\t\t\t\t<div class=\"elementor-container elementor-column-gap-no\">\n\t\t\t\t\t<div class=\"elementor-column elementor-col-50 elementor-inner-column elementor-element elementor-element-b7866e4 elementor-hidden-mobile\" data-id=\"b7866e4\" data-element_type=\"column\" data-e-type=\"column\">\n\t\t\t<div class=\"elementor-widget-wrap\">\n\t\t\t\t\t\t\t<\/div>\n\t\t<\/div>\n\t\t\t\t<div class=\"elementor-column elementor-col-50 elementor-inner-column elementor-element elementor-element-a81b967\" data-id=\"a81b967\" data-element_type=\"column\" data-e-type=\"column\">\n\t\t\t<div class=\"elementor-widget-wrap elementor-element-populated\">\n\t\t\t\t\t\t<div class=\"elementor-element elementor-element-1830132 elementor-widget elementor-widget-heading\" data-id=\"1830132\" data-element_type=\"widget\" data-e-type=\"widget\" data-widget_type=\"heading.default\">\n\t\t\t\t<div class=\"elementor-widget-container\">\n\t\t\t\t\t<h1 class=\"elementor-heading-title elementor-size-default\">Primary Schools<\/h1>\t\t\t\t<\/div>\n\t\t\t\t<\/div>\n\t\t\t\t\t<\/div>\n\t\t<\/div>\n\t\t\t\t\t<\/div>\n\t\t<\/section>\n\t\t\t\t\t<\/div>\n\t\t<\/div>\n\t\t\t\t\t<\/div>\n\t\t<\/section>\n\t\t\t\t<section class=\"elementor-section elementor-top-section elementor-element elementor-element-86f35bd elementor-section-stretched elementor-section-boxed elementor-section-height-default elementor-section-height-default\" data-id=\"86f35bd\" data-element_type=\"section\" data-e-type=\"section\" data-settings=\"{&quot;stretch_section&quot;:&quot;section-stretched&quot;}\">\n\t\t\t\t\t\t<div class=\"elementor-container elementor-column-gap-default\">\n\t\t\t\t\t<div class=\"elementor-column elementor-col-100 elementor-top-column elementor-element elementor-element-6d42466a\" data-id=\"6d42466a\" data-element_type=\"column\" data-e-type=\"column\">\n\t\t\t<div class=\"elementor-widget-wrap elementor-element-populated\">\n\t\t\t\t\t\t<section class=\"elementor-section elementor-inner-section elementor-element elementor-element-13cce4c7 elementor-section-boxed elementor-section-height-default elementor-section-height-default\" data-id=\"13cce4c7\" data-element_type=\"section\" data-e-type=\"section\">\n\t\t\t\t\t\t<div class=\"elementor-container elementor-column-gap-default\">\n\t\t\t\t\t<div class=\"elementor-column elementor-col-50 elementor-inner-column elementor-element elementor-element-6a1c2bc1\" data-id=\"6a1c2bc1\" data-element_type=\"column\" data-e-type=\"column\">\n\t\t\t<div class=\"elementor-widget-wrap elementor-element-populated\">\n\t\t\t\t\t\t<div class=\"elementor-element elementor-element-bfa7c26 elementor-widget elementor-widget-menu-anchor\" data-id=\"bfa7c26\" data-element_type=\"widget\" data-e-type=\"widget\" data-widget_type=\"menu-anchor.default\">\n\t\t\t\t<div class=\"elementor-widget-container\">\n\t\t\t\t\t\t\t<div class=\"elementor-menu-anchor\" id=\"content\"><\/div>\n\t\t\t\t\t\t<\/div>\n\t\t\t\t<\/div>\n\t\t\t\t<div class=\"elementor-element elementor-element-11a78d25 elementor-widget elementor-widget-text-editor\" data-id=\"11a78d25\" data-element_type=\"widget\" data-e-type=\"widget\" data-widget_type=\"text-editor.default\">\n\t\t\t\t<div class=\"elementor-widget-container\">\n\t\t\t\t\t\t\t\t\t<p>ETB primary schools are known as community national schools. Community national schools (CNS) are child-centred, multi-denominational, publicly-accountable schools which strive to provide high-quality education for every child. They bestow equal opportunities to all children in the communities they serve.<\/p><p>Community national schools have four core values: excellence in education; multi-denominational; equality-based; community-focused.<\/p><p>You can find out everything you need to know about ETB primary schools by visiting the CNS website\u00a0<\/p>\t\t\t\t\t\t\t\t<\/div>\n\t\t\t\t<\/div>\n\t\t\t\t<div class=\"elementor-element elementor-element-dcccc30 elementor-widget elementor-widget-button\" data-id=\"dcccc30\" data-element_type=\"widget\" data-e-type=\"widget\" aria-label=\"CNS\" data-widget_type=\"button.default\">\n\t\t\t\t<div class=\"elementor-widget-container\">\n\t\t\t\t\t\t\t\t\t<div class=\"elementor-button-wrapper\">\n\t\t\t\t\t<a class=\"elementor-button elementor-button-link elementor-size-sm\" href=\"http:\/\/www.cns.ie\/\" target=\"_blank\" aria-label=\"CNS Website\" title=\"CNS Website\">\n\t\t\t\t\t\t<span class=\"elementor-button-content-wrapper\">\n\t\t\t\t\t\t\t\t\t<span class=\"elementor-button-text\">Visit the CNS website here<\/span>\n\t\t\t\t\t<\/span>\n\t\t\t\t\t<\/a>\n\t\t\t\t<\/div>\n\t\t\t\t\t\t\t\t<\/div>\n\t\t\t\t<\/div>\n\t\t\t\t<div class=\"elementor-element elementor-element-51c2a8d elementor-widget elementor-widget-image\" data-id=\"51c2a8d\" data-element_type=\"widget\" data-e-type=\"widget\" data-widget_type=\"image.default\">\n\t\t\t\t<div class=\"elementor-widget-container\">\n\t\t\t\t\t\t\t\t\t\t\t\t\t\t\t\t<a href=\"http:\/\/www.cns.ie\/\" target=\"_blank\" aria-label=\"CNS Website\" title=\"CNS Website\">\n\t\t\t\t\t\t\t<img decoding=\"async\" width=\"300\" height=\"142\" src=\"https:\/\/kcetb.ie\/wp-content\/uploads\/2022\/03\/CNS-Logo-2048x1448-1-e1647877855835-300x142.webp\" class=\"attachment-medium size-medium wp-image-1658\" alt=\"\" srcset=\"https:\/\/kcetb.ie\/wp-content\/uploads\/2022\/03\/CNS-Logo-2048x1448-1-e1647877855835-300x142.webp 300w, https:\/\/kcetb.ie\/wp-content\/uploads\/2022\/03\/CNS-Logo-2048x1448-1-e1647877855835.webp 497w\" sizes=\"(max-width: 300px) 100vw, 300px\" style=\"width:100%;height:47.48%;max-width:497px\" \/>\t\t\t\t\t\t\t\t<\/a>\n\t\t\t\t\t\t\t\t\t\t\t\t\t\t\t<\/div>\n\t\t\t\t<\/div>\n\t\t\t\t\t<\/div>\n\t\t<\/div>\n\t\t\t\t<div class=\"elementor-column elementor-col-50 elementor-inner-column elementor-element elementor-element-35c86250\" data-id=\"35c86250\" data-element_type=\"column\" data-e-type=\"column\">\n\t\t\t<div class=\"elementor-widget-wrap elementor-element-populated\">\n\t\t\t\t\t\t<div class=\"elementor-element elementor-element-ca67d78 elementor-widget elementor-widget-video\" data-id=\"ca67d78\" data-element_type=\"widget\" data-e-type=\"widget\" data-settings=\"{&quot;youtube_url&quot;:&quot;https:\\\/\\\/youtu.be\\\/__MvvsyUepg&quot;,&quot;video_type&quot;:&quot;youtube&quot;,&quot;controls&quot;:&quot;yes&quot;}\" data-widget_type=\"video.default\">\n\t\t\t\t<div class=\"elementor-widget-container\">\n\t\t\t\t\t\t\t<div class=\"elementor-wrapper elementor-open-inline\">\n\t\t\t<div class=\"elementor-video\"><\/div>\t\t<\/div>\n\t\t\t\t\t\t<\/div>\n\t\t\t\t<\/div>\n\t\t\t\t\t<\/div>\n\t\t<\/div>\n\t\t\t\t\t<\/div>\n\t\t<\/section>\n\t\t\t\t\t<\/div>\n\t\t<\/div>\n\t\t\t\t\t<\/div>\n\t\t<\/section>\n\t\t\t\t<section class=\"elementor-section elementor-top-section elementor-element elementor-element-2b66836 elementor-section-full_width elementor-section-stretched elementor-section-height-default elementor-section-height-default\" data-id=\"2b66836\" data-element_type=\"section\" data-e-type=\"section\" data-settings=\"{&quot;stretch_section&quot;:&quot;section-stretched&quot;,&quot;background_background&quot;:&quot;classic&quot;}\">\n\t\t\t\t\t\t<div class=\"elementor-container elementor-column-gap-default\">\n\t\t\t\t\t<div class=\"elementor-column elementor-col-100 elementor-top-column elementor-element elementor-element-ebe733a\" data-id=\"ebe733a\" data-element_type=\"column\" data-e-type=\"column\">\n\t\t\t<div class=\"elementor-widget-wrap elementor-element-populated\">\n\t\t\t\t\t\t<section class=\"elementor-section elementor-inner-section elementor-element elementor-element-4b38672 elementor-section-boxed elementor-section-height-default elementor-section-height-default\" data-id=\"4b38672\" data-element_type=\"section\" data-e-type=\"section\">\n\t\t\t\t\t\t<div class=\"elementor-container elementor-column-gap-default\">\n\t\t\t\t\t<div class=\"elementor-column elementor-col-100 elementor-inner-column elementor-element elementor-element-b115b49\" data-id=\"b115b49\" data-element_type=\"column\" data-e-type=\"column\">\n\t\t\t<div class=\"elementor-widget-wrap elementor-element-populated\">\n\t\t\t\t\t\t<div class=\"elementor-element elementor-element-05ddab2 elementor-widget elementor-widget-heading\" data-id=\"05ddab2\" data-element_type=\"widget\" data-e-type=\"widget\" data-widget_type=\"heading.default\">\n\t\t\t\t<div class=\"elementor-widget-container\">\n\t\t\t\t\t<h2 class=\"elementor-heading-title elementor-size-default\">Opening of a New School <\/h2>\t\t\t\t<\/div>\n\t\t\t\t<\/div>\n\t\t\t\t<div class=\"elementor-element elementor-element-f5212ad elementor-widget elementor-widget-text-editor\" data-id=\"f5212ad\" data-element_type=\"widget\" data-e-type=\"widget\" data-widget_type=\"text-editor.default\">\n\t\t\t\t<div class=\"elementor-widget-container\">\n\t\t\t\t\t\t\t\t\t<p>The Department of Education (DE) decides where and when new schools are needed in areas of demographic growth. Parents who are eligible are invited to vote for the type of school they would like to be established through an online patronage process system. If the majority of parents express their preference for an ETB school through this process, a community national school (primary) or a community college (post-primary) will be established in their area.<\/p>\t\t\t\t\t\t\t\t<\/div>\n\t\t\t\t<\/div>\n\t\t\t\t<div class=\"elementor-element elementor-element-11631e0 elementor-widget elementor-widget-button\" data-id=\"11631e0\" data-element_type=\"widget\" data-e-type=\"widget\" data-widget_type=\"button.default\">\n\t\t\t\t<div class=\"elementor-widget-container\">\n\t\t\t\t\t\t\t\t\t<div class=\"elementor-button-wrapper\">\n\t\t\t\t\t<a class=\"elementor-button elementor-button-link elementor-size-sm\" href=\"https:\/\/patronage.education.gov.ie\/\" target=\"_blank\">\n\t\t\t\t\t\t<span class=\"elementor-button-content-wrapper\">\n\t\t\t\t\t\t\t\t\t<span class=\"elementor-button-text\">For information on upcoming patronage competitions, click here<\/span>\n\t\t\t\t\t<\/span>\n\t\t\t\t\t<\/a>\n\t\t\t\t<\/div>\n\t\t\t\t\t\t\t\t<\/div>\n\t\t\t\t<\/div>\n\t\t\t\t\t<\/div>\n\t\t<\/div>\n\t\t\t\t\t<\/div>\n\t\t<\/section>\n\t\t\t\t\t<\/div>\n\t\t<\/div>\n\t\t\t\t\t<\/div>\n\t\t<\/section>\n\t\t\t\t<section class=\"elementor-section elementor-top-section elementor-element elementor-element-b95040c elementor-section-stretched elementor-section-boxed elementor-section-height-default elementor-section-height-default\" data-id=\"b95040c\" data-element_type=\"section\" data-e-type=\"section\" data-settings=\"{&quot;stretch_section&quot;:&quot;section-stretched&quot;}\">\n\t\t\t\t\t\t<div class=\"elementor-container elementor-column-gap-default\">\n\t\t\t\t\t<div class=\"elementor-column elementor-col-100 elementor-top-column elementor-element elementor-element-5b4399e\" data-id=\"5b4399e\" data-element_type=\"column\" data-e-type=\"column\">\n\t\t\t<div class=\"elementor-widget-wrap elementor-element-populated\">\n\t\t\t\t\t\t<div class=\"elementor-element elementor-element-44c13c6 elementor-widget elementor-widget-heading\" data-id=\"44c13c6\" data-element_type=\"widget\" data-e-type=\"widget\" data-widget_type=\"heading.default\">\n\t\t\t\t<div class=\"elementor-widget-container\">\n\t\t\t\t\t<h2 class=\"elementor-heading-title elementor-size-default\">Transfer of School Patronage<\/h2>\t\t\t\t<\/div>\n\t\t\t\t<\/div>\n\t\t\t\t<section class=\"elementor-section elementor-inner-section elementor-element elementor-element-f8b9743 elementor-section-boxed elementor-section-height-default elementor-section-height-default\" data-id=\"f8b9743\" data-element_type=\"section\" data-e-type=\"section\">\n\t\t\t\t\t\t<div class=\"elementor-container elementor-column-gap-default\">\n\t\t\t\t\t<div class=\"elementor-column elementor-col-100 elementor-inner-column elementor-element elementor-element-8b75b91\" data-id=\"8b75b91\" data-element_type=\"column\" data-e-type=\"column\">\n\t\t\t<div class=\"elementor-widget-wrap elementor-element-populated\">\n\t\t\t\t\t\t<div class=\"elementor-element elementor-element-72d06cb elementor-widget elementor-widget-text-editor\" data-id=\"72d06cb\" data-element_type=\"widget\" data-e-type=\"widget\" data-widget_type=\"text-editor.default\">\n\t\t\t\t<div class=\"elementor-widget-container\">\n\t\t\t\t\t\t\t\t\t<p>In communities where there is an interest in opening a community national school (CNS), but the establishment of a new primary school is not feasible, an existing school may transfer patronage to the local ETB.<\/p>\n<p>Where another patron, school or local community wishes to explore this option, they should <a href=\"https:\/\/cns.ie\/becoming-a-cns\/\" target=\"_blank\" rel=\"noopener\"><strong>visit the CNS Website<\/strong><\/a> and review the ETBI publication <em>Becoming a CNS ,&nbsp;<\/em>as well as contacting KCETB for more information.<\/p>\t\t\t\t\t\t\t\t<\/div>\n\t\t\t\t<\/div>\n\t\t\t\t\t<\/div>\n\t\t<\/div>\n\t\t\t\t\t<\/div>\n\t\t<\/section>\n\t\t\t\t\t<\/div>\n\t\t<\/div>\n\t\t\t\t\t<\/div>\n\t\t<\/section>\n\t\t\t\t<\/div>\n\t\t","protected":false},"excerpt":{"rendered":"<p>ETB primary schools are known as community national schools. Community national schools (CNS) are child-centred, multi-denominational, publicly-accountable schools which strive to provide high-quality education for every child. They bestow equal opportunities to all children in the communities they serve. Community national schools have four core values: excellence in education; multi-denominational; equality-based; community-focused. You can find&hellip; <a class=\"more-link\" href=\"https:\/\/kcetb.ie\/ga\/schools\/primary-schools\/\">Continue reading <span class=\"screen-reader-text\">Bunscoileanna<\/span><\/a><\/p>","protected":false},"author":2,"featured_media":1689,"parent":26,"menu_order":0,"comment_status":"closed","ping_status":"closed","template":"elementor_header_footer","meta":{"footnotes":""},"class_list":["post-1171","page","type-page","status-publish","has-post-thumbnail","hentry","entry"],"yoast_head":"<!-- This site is optimized with the Yoast SEO plugin v27.2 - https:\/\/yoast.com\/product\/yoast-seo-wordpress\/ -->\n<title>Primary Schools - Kilkenny and Carlow ETB<\/title>\n<meta name=\"description\" content=\"ETB primary schools are known as community national schools. Community national schools (CNS) are child-centred, multi-denominational,\" \/>\n<meta name=\"robots\" content=\"index, follow, max-snippet:-1, max-image-preview:large, max-video-preview:-1\" \/>\n<link rel=\"canonical\" href=\"https:\/\/kcetb.ie\/ga\/scoileanna\/bunscoileanna\/\" \/>\n<meta property=\"og:locale\" content=\"en_US\" \/>\n<meta property=\"og:type\" content=\"article\" \/>\n<meta property=\"og:title\" content=\"Primary Schools - Kilkenny and Carlow ETB\" \/>\n<meta property=\"og:description\" content=\"ETB primary schools are known as community national schools. Community national schools (CNS) are child-centred, multi-denominational,\" \/>\n<meta property=\"og:url\" content=\"https:\/\/kcetb.ie\/ga\/scoileanna\/bunscoileanna\/\" \/>\n<meta property=\"og:site_name\" content=\"Kilkenny and Carlow ETB\" \/>\n<meta property=\"article:modified_time\" content=\"2024-07-04T16:30:34+00:00\" \/>\n<meta property=\"og:image\" content=\"https:\/\/kcetb.ie\/wp-content\/uploads\/2022\/03\/Primary-school-children-Kilkenny-Carlow.jpg\" \/>\n\t<meta property=\"og:image:width\" content=\"1992\" \/>\n\t<meta property=\"og:image:height\" content=\"1112\" \/>\n\t<meta property=\"og:image:type\" content=\"image\/jpeg\" \/>\n<meta name=\"twitter:card\" content=\"summary_large_image\" \/>\n<meta name=\"twitter:label1\" content=\"Est. reading time\" \/>\n\t<meta name=\"twitter:data1\" content=\"2 minutes\" \/>\n<script type=\"application\/ld+json\" class=\"yoast-schema-graph\">{\"@context\":\"https:\/\/schema.org\",\"@graph\":[{\"@type\":\"WebPage\",\"@id\":\"https:\/\/kcetb.ie\/schools\/primary-schools\/\",\"url\":\"https:\/\/kcetb.ie\/schools\/primary-schools\/\",\"name\":\"Primary Schools - Kilkenny and Carlow ETB\",\"isPartOf\":{\"@id\":\"https:\/\/kcetb.ie\/en\/#website\"},\"primaryImageOfPage\":{\"@id\":\"https:\/\/kcetb.ie\/schools\/primary-schools\/#primaryimage\"},\"image\":{\"@id\":\"https:\/\/kcetb.ie\/schools\/primary-schools\/#primaryimage\"},\"thumbnailUrl\":\"https:\/\/kcetb.ie\/wp-content\/uploads\/2022\/03\/Primary-school-children-Kilkenny-Carlow.jpg\",\"datePublished\":\"2022-03-10T15:09:10+00:00\",\"dateModified\":\"2024-07-04T16:30:34+00:00\",\"description\":\"ETB primary schools are known as community national schools. Community national schools (CNS) are child-centred, multi-denominational,\",\"breadcrumb\":{\"@id\":\"https:\/\/kcetb.ie\/schools\/primary-schools\/#breadcrumb\"},\"inLanguage\":\"GA\",\"potentialAction\":[{\"@type\":\"ReadAction\",\"target\":[\"https:\/\/kcetb.ie\/schools\/primary-schools\/\"]}]},{\"@type\":\"ImageObject\",\"inLanguage\":\"GA\",\"@id\":\"https:\/\/kcetb.ie\/schools\/primary-schools\/#primaryimage\",\"url\":\"https:\/\/kcetb.ie\/wp-content\/uploads\/2022\/03\/Primary-school-children-Kilkenny-Carlow.jpg\",\"contentUrl\":\"https:\/\/kcetb.ie\/wp-content\/uploads\/2022\/03\/Primary-school-children-Kilkenny-Carlow.jpg\",\"width\":1992,\"height\":1112,\"caption\":\"Primary school children Kilkenny Carlow\"},{\"@type\":\"BreadcrumbList\",\"@id\":\"https:\/\/kcetb.ie\/schools\/primary-schools\/#breadcrumb\",\"itemListElement\":[{\"@type\":\"ListItem\",\"position\":1,\"name\":\"Home\",\"item\":\"https:\/\/kcetb.ie\/en\/\"},{\"@type\":\"ListItem\",\"position\":2,\"name\":\"Schools\",\"item\":\"https:\/\/kcetb.ie\/schools\/\"},{\"@type\":\"ListItem\",\"position\":3,\"name\":\"Primary Schools\"}]},{\"@type\":\"WebSite\",\"@id\":\"https:\/\/kcetb.ie\/en\/#website\",\"url\":\"https:\/\/kcetb.ie\/en\/\",\"name\":\"Kilkenny and Carlow ETB\",\"description\":\"KCETB Kilkenny and Carlow Education and Training Board\",\"publisher\":{\"@id\":\"https:\/\/kcetb.ie\/en\/#organization\"},\"potentialAction\":[{\"@type\":\"SearchAction\",\"target\":{\"@type\":\"EntryPoint\",\"urlTemplate\":\"https:\/\/kcetb.ie\/en\/?s={search_term_string}\"},\"query-input\":{\"@type\":\"PropertyValueSpecification\",\"valueRequired\":true,\"valueName\":\"search_term_string\"}}],\"inLanguage\":\"GA\"},{\"@type\":\"Organization\",\"@id\":\"https:\/\/kcetb.ie\/en\/#organization\",\"name\":\"Kilkenny and Carlow Education and Training Board (KCETB)\",\"url\":\"https:\/\/kcetb.ie\/en\/\",\"logo\":{\"@type\":\"ImageObject\",\"inLanguage\":\"GA\",\"@id\":\"https:\/\/kcetb.ie\/en\/#\/schema\/logo\/image\/\",\"url\":\"https:\/\/kcetb.ie\/wp-content\/uploads\/2022\/02\/kcetb-logo.jpeg\",\"contentUrl\":\"https:\/\/kcetb.ie\/wp-content\/uploads\/2022\/02\/kcetb-logo.jpeg\",\"width\":664,\"height\":246,\"caption\":\"Kilkenny and Carlow Education and Training Board (KCETB)\"},\"image\":{\"@id\":\"https:\/\/kcetb.ie\/en\/#\/schema\/logo\/image\/\"}}]}<\/script>\n<!-- \/ Yoast SEO plugin. -->","yoast_head_json":{"title":"Bunscoileanna - BOO Chill Chainnigh agus Cheatharlach","description":"Tugtar scoileanna n\u00e1isi\u00fanta pobail ar bhunscoileanna BOO. T\u00e1 pobalscoileanna n\u00e1isi\u00fanta (CNS) p\u00e1istel\u00e1rnach, ilchreidmheach,","robots":{"index":"index","follow":"follow","max-snippet":"max-snippet:-1","max-image-preview":"max-image-preview:large","max-video-preview":"max-video-preview:-1"},"canonical":"https:\/\/kcetb.ie\/ga\/scoileanna\/bunscoileanna\/","og_locale":"en_US","og_type":"article","og_title":"Primary Schools - Kilkenny and Carlow ETB","og_description":"ETB primary schools are known as community national schools. Community national schools (CNS) are child-centred, multi-denominational,","og_url":"https:\/\/kcetb.ie\/ga\/scoileanna\/bunscoileanna\/","og_site_name":"Kilkenny and Carlow ETB","article_modified_time":"2024-07-04T16:30:34+00:00","og_image":[{"width":1992,"height":1112,"url":"https:\/\/kcetb.ie\/wp-content\/uploads\/2022\/03\/Primary-school-children-Kilkenny-Carlow.jpg","type":"image\/jpeg"}],"twitter_card":"summary_large_image","twitter_misc":{"Est. reading time":"2 minutes"},"schema":{"@context":"https:\/\/schema.org","@graph":[{"@type":"WebPage","@id":"https:\/\/kcetb.ie\/schools\/primary-schools\/","url":"https:\/\/kcetb.ie\/schools\/primary-schools\/","name":"Bunscoileanna - BOO Chill Chainnigh agus Cheatharlach","isPartOf":{"@id":"https:\/\/kcetb.ie\/en\/#website"},"primaryImageOfPage":{"@id":"https:\/\/kcetb.ie\/schools\/primary-schools\/#primaryimage"},"image":{"@id":"https:\/\/kcetb.ie\/schools\/primary-schools\/#primaryimage"},"thumbnailUrl":"https:\/\/kcetb.ie\/wp-content\/uploads\/2022\/03\/Primary-school-children-Kilkenny-Carlow.jpg","datePublished":"2022-03-10T15:09:10+00:00","dateModified":"2024-07-04T16:30:34+00:00","description":"Tugtar scoileanna n\u00e1isi\u00fanta pobail ar bhunscoileanna BOO. T\u00e1 pobalscoileanna n\u00e1isi\u00fanta (CNS) p\u00e1istel\u00e1rnach, ilchreidmheach,","breadcrumb":{"@id":"https:\/\/kcetb.ie\/schools\/primary-schools\/#breadcrumb"},"inLanguage":"GA","potentialAction":[{"@type":"ReadAction","target":["https:\/\/kcetb.ie\/schools\/primary-schools\/"]}]},{"@type":"ImageObject","inLanguage":"GA","@id":"https:\/\/kcetb.ie\/schools\/primary-schools\/#primaryimage","url":"https:\/\/kcetb.ie\/wp-content\/uploads\/2022\/03\/Primary-school-children-Kilkenny-Carlow.jpg","contentUrl":"https:\/\/kcetb.ie\/wp-content\/uploads\/2022\/03\/Primary-school-children-Kilkenny-Carlow.jpg","width":1992,"height":1112,"caption":"Primary school children Kilkenny Carlow"},{"@type":"BreadcrumbList","@id":"https:\/\/kcetb.ie\/schools\/primary-schools\/#breadcrumb","itemListElement":[{"@type":"ListItem","position":1,"name":"Home","item":"https:\/\/kcetb.ie\/en\/"},{"@type":"ListItem","position":2,"name":"Schools","item":"https:\/\/kcetb.ie\/schools\/"},{"@type":"ListItem","position":3,"name":"Primary Schools"}]},{"@type":"WebSite","@id":"https:\/\/kcetb.ie\/en\/#website","url":"https:\/\/kcetb.ie\/en\/","name":"BOO Chill Chainnigh agus Cheatharlach","description":"KCETB Bord Oideachais agus Oili\u00fana Chill Chainnigh agus Cheatharlach","publisher":{"@id":"https:\/\/kcetb.ie\/en\/#organization"},"potentialAction":[{"@type":"SearchAction","target":{"@type":"EntryPoint","urlTemplate":"https:\/\/kcetb.ie\/en\/?s={search_term_string}"},"query-input":{"@type":"PropertyValueSpecification","valueRequired":true,"valueName":"search_term_string"}}],"inLanguage":"GA"},{"@type":"Organization","@id":"https:\/\/kcetb.ie\/en\/#organization","name":"Bord Oideachais agus Oili\u00fana Chill Chainnigh agus Cheatharlach (BOOCCC)","url":"https:\/\/kcetb.ie\/en\/","logo":{"@type":"ImageObject","inLanguage":"GA","@id":"https:\/\/kcetb.ie\/en\/#\/schema\/logo\/image\/","url":"https:\/\/kcetb.ie\/wp-content\/uploads\/2022\/02\/kcetb-logo.jpeg","contentUrl":"https:\/\/kcetb.ie\/wp-content\/uploads\/2022\/02\/kcetb-logo.jpeg","width":664,"height":246,"caption":"Kilkenny and Carlow Education and Training Board (KCETB)"},"image":{"@id":"https:\/\/kcetb.ie\/en\/#\/schema\/logo\/image\/"}}]}},"_links":{"self":[{"href":"https:\/\/kcetb.ie\/ga\/wp-json\/wp\/v2\/pages\/1171","targetHints":{"allow":["GET"]}}],"collection":[{"href":"https:\/\/kcetb.ie\/ga\/wp-json\/wp\/v2\/pages"}],"about":[{"href":"https:\/\/kcetb.ie\/ga\/wp-json\/wp\/v2\/types\/page"}],"author":[{"embeddable":true,"href":"https:\/\/kcetb.ie\/ga\/wp-json\/wp\/v2\/users\/2"}],"replies":[{"embeddable":true,"href":"https:\/\/kcetb.ie\/ga\/wp-json\/wp\/v2\/comments?post=1171"}],"version-history":[{"count":304,"href":"https:\/\/kcetb.ie\/ga\/wp-json\/wp\/v2\/pages\/1171\/revisions"}],"predecessor-version":[{"id":27260,"href":"https:\/\/kcetb.ie\/ga\/wp-json\/wp\/v2\/pages\/1171\/revisions\/27260"}],"up":[{"embeddable":true,"href":"https:\/\/kcetb.ie\/ga\/wp-json\/wp\/v2\/pages\/26"}],"wp:featuredmedia":[{"embeddable":true,"href":"https:\/\/kcetb.ie\/ga\/wp-json\/wp\/v2\/media\/1689"}],"wp:attachment":[{"href":"https:\/\/kcetb.ie\/ga\/wp-json\/wp\/v2\/media?parent=1171"}],"curies":[{"name":"wp","href":"https:\/\/api.w.org\/{rel}","templated":true}]}}